{"id":6122,"date":"2020-03-17T13:55:24","date_gmt":"2020-03-17T13:55:24","guid":{"rendered":"http:\/\/dannci.wpmasters.org\/citygov\/?page_id=6122"},"modified":"2021-10-05T06:55:00","modified_gmt":"2021-10-05T06:55:00","slug":"departments-3","status":"publish","type":"page","link":"https:\/\/kijevo.hr\/?page_id=6122","title":{"rendered":"Va\u017eni brojevi"},"content":{"rendered":"\t\t<div data-elementor-type=\"wp-page\" data-elementor-id=\"6122\" class=\"elementor elementor-6122\" data-elementor-post-type=\"page\">\n\t\t\t\t\t\t\t\t\t<section class=\"elementor-section elementor-top-section elementor-element elementor-element-7f9e583 elementor-section-full_width elementor-section-height-default elementor-section-height-default\" data-id=\"7f9e583\" data-element_type=\"section\" data-settings=\"{&quot;background_background&quot;:&quot;classic&quot;}\">\n\t\t\t\t\t\t<div class=\"elementor-container elementor-column-gap-no\">\n\t\t\t\t\t<div class=\"elementor-column elementor-col-100 elementor-top-column elementor-element elementor-element-17d83dc6\" data-id=\"17d83dc6\" data-element_type=\"column\" data-settings=\"{&quot;background_background&quot;:&quot;classic&quot;}\">\n\t\t\t<div class=\"elementor-widget-wrap elementor-element-populated\">\n\t\t\t\t\t\t\t\t<section class=\"elementor-section elementor-inner-section elementor-element elementor-element-6eff656f elementor-section-boxed elementor-section-height-default elementor-section-height-default\" data-id=\"6eff656f\" data-element_type=\"section\">\n\t\t\t\t\t\t<div class=\"elementor-container elementor-column-gap-wider\">\n\t\t\t\t\t<div class=\"elementor-column elementor-col-33 elementor-inner-column elementor-element elementor-element-25081455\" data-id=\"25081455\" data-element_type=\"column\" data-settings=\"{&quot;background_background&quot;:&quot;classic&quot;}\">\n\t\t\t<div class=\"elementor-widget-wrap elementor-element-populated\">\n\t\t\t\t\t\t\t\t<div class=\"elementor-element elementor-element-c094bde elementor-widget elementor-widget-image\" data-id=\"c094bde\" data-element_type=\"widget\" data-widget_type=\"image.default\">\n\t\t\t\t<div class=\"elementor-widget-container\">\n\t\t\t\t\t\t\t\t\t\t\t\t\t\t\t<img decoding=\"async\" src=\"https:\/\/kijevo.hr\/wp-content\/uploads\/elementor\/thumbs\/kijevo_o-pe3um03iure701dnjlyvhg3xae2z6nwrfgie2eup5s.png\" title=\"kijevo_o\" alt=\"kijevo_o\" loading=\"lazy\" \/>\t\t\t\t\t\t\t\t\t\t\t\t\t\t\t<\/div>\n\t\t\t\t<\/div>\n\t\t\t\t<div class=\"elementor-element elementor-element-30290043 elementor-widget elementor-widget-heading\" data-id=\"30290043\" data-element_type=\"widget\" data-widget_type=\"heading.default\">\n\t\t\t\t<div class=\"elementor-widget-container\">\n\t\t\t<h4 class=\"elementor-heading-title elementor-size-default\">Op\u0107ina Kijevo<\/h4>\t\t<\/div>\n\t\t\t\t<\/div>\n\t\t\t\t<div class=\"elementor-element elementor-element-d374962 elementor-widget elementor-widget-text-editor\" data-id=\"d374962\" data-element_type=\"widget\" data-widget_type=\"text-editor.default\">\n\t\t\t\t<div class=\"elementor-widget-container\">\n\t\t\t\t\t\t\t<p><strong>Bajani 12 &#8211; 22310 Kijevo<\/strong><br \/><i class=\"fas fa-phone\" aria-hidden=\"true\"><\/i> (+385) 22 681 004<br \/><i class=\"fas fa-phone\" aria-hidden=\"true\"><\/i> (+385) 22 681 611<br \/><i class=\"fas fa-phone\" aria-hidden=\"true\"><\/i> (+385) 22 681 610<br \/><i class=\"fas fa-envelope\"><\/i> opcina-kijevo@si.t-com.hr<\/p>\t\t\t\t\t\t<\/div>\n\t\t\t\t<\/div>\n\t\t\t\t\t<\/div>\n\t\t<\/div>\n\t\t\t\t<div class=\"elementor-column elementor-col-33 elementor-inner-column elementor-element elementor-element-f0b3fec\" data-id=\"f0b3fec\" data-element_type=\"column\" data-settings=\"{&quot;background_background&quot;:&quot;classic&quot;}\">\n\t\t\t<div class=\"elementor-widget-wrap elementor-element-populated\">\n\t\t\t\t\t\t\t\t<div class=\"elementor-element elementor-element-2eb43e83 elementor-widget elementor-widget-image\" data-id=\"2eb43e83\" data-element_type=\"widget\" data-widget_type=\"image.default\">\n\t\t\t\t<div class=\"elementor-widget-container\">\n\t\t\t\t\t\t\t\t\t\t\t\t\t\t\t<img decoding=\"async\" src=\"https:\/\/kijevo.hr\/wp-content\/uploads\/elementor\/thumbs\/komunalno-pcbq6hf2vixws3vkq5nhetwymeqz6dp838a1hr9o0w.jpg\" title=\"komunalno\" alt=\"komunalno\" loading=\"lazy\" \/>\t\t\t\t\t\t\t\t\t\t\t\t\t\t\t<\/div>\n\t\t\t\t<\/div>\n\t\t\t\t<div class=\"elementor-element elementor-element-4554ec9 elementor-widget elementor-widget-heading\" data-id=\"4554ec9\" data-element_type=\"widget\" data-widget_type=\"heading.default\">\n\t\t\t\t<div class=\"elementor-widget-container\">\n\t\t\t<h4 class=\"elementor-heading-title elementor-size-default\">Komunalno dru\u0161tvo Kijevo d.o.o.<\/h4>\t\t<\/div>\n\t\t\t\t<\/div>\n\t\t\t\t<div class=\"elementor-element elementor-element-d5ae216 elementor-widget elementor-widget-text-editor\" data-id=\"d5ae216\" data-element_type=\"widget\" data-widget_type=\"text-editor.default\">\n\t\t\t\t<div class=\"elementor-widget-container\">\n\t\t\t\t\t\t\t<p><strong>Bajani 12 &#8211; 22310 Kijevo<\/strong><br \/><i class=\"fas fa-phone\" aria-hidden=\"true\"><\/i> (+385) 22 681 270<br \/><i class=\"fas fa-phone\" aria-hidden=\"true\"><\/i> (+385) 22 681 610<\/p>\t\t\t\t\t\t<\/div>\n\t\t\t\t<\/div>\n\t\t\t\t<div class=\"elementor-element elementor-element-781f0a9 elementor-widget elementor-widget-text-editor\" data-id=\"781f0a9\" data-element_type=\"widget\" data-widget_type=\"text-editor.default\">\n\t\t\t\t<div class=\"elementor-widget-container\">\n\t\t\t\t\t\t\t<p>Direktorica: Ljiljana Ga\u0161par<\/p>\t\t\t\t\t\t<\/div>\n\t\t\t\t<\/div>\n\t\t\t\t\t<\/div>\n\t\t<\/div>\n\t\t\t\t<div class=\"elementor-column elementor-col-33 elementor-inner-column elementor-element elementor-element-06e8002\" data-id=\"06e8002\" data-element_type=\"column\" data-settings=\"{&quot;background_background&quot;:&quot;classic&quot;}\">\n\t\t\t<div class=\"elementor-widget-wrap elementor-element-populated\">\n\t\t\t\t\t\t\t\t<div class=\"elementor-element elementor-element-d51be85 elementor-widget elementor-widget-image\" data-id=\"d51be85\" data-element_type=\"widget\" data-widget_type=\"image.default\">\n\t\t\t\t<div class=\"elementor-widget-container\">\n\t\t\t\t\t\t\t\t\t\t\t\t\t\t\t<img decoding=\"async\" src=\"https:\/\/kijevo.hr\/wp-content\/uploads\/elementor\/thumbs\/ambulanta-pcbq6dnq46srho11c40z4uv48v9iblaaqpo3knf8ps.jpg\" title=\"ambulanta\" alt=\"ambulanta\" loading=\"lazy\" \/>\t\t\t\t\t\t\t\t\t\t\t\t\t\t\t<\/div>\n\t\t\t\t<\/div>\n\t\t\t\t<div class=\"elementor-element elementor-element-a70943f elementor-widget elementor-widget-heading\" data-id=\"a70943f\" data-element_type=\"widget\" data-widget_type=\"heading.default\">\n\t\t\t\t<div class=\"elementor-widget-container\">\n\t\t\t<h4 class=\"elementor-heading-title elementor-size-default\">Ambulanta<\/h4>\t\t<\/div>\n\t\t\t\t<\/div>\n\t\t\t\t<div class=\"elementor-element elementor-element-eee3f82 elementor-widget elementor-widget-text-editor\" data-id=\"eee3f82\" data-element_type=\"widget\" data-widget_type=\"text-editor.default\">\n\t\t\t\t<div class=\"elementor-widget-container\">\n\t\t\t\t\t\t\t<p><strong>Bajani 12 &#8211; 22310 Kijevo<\/strong><br \/><i class=\"fas fa-phone\" aria-hidden=\"true\"><\/i> (+385) 22 681 004<br \/>Utorak i \u010detvrtak od 11,30 do 13,30 sati<br \/>Dr. Petar \u010cagalj<\/p>\t\t\t\t\t\t<\/div>\n\t\t\t\t<\/div>\n\t\t\t\t\t<\/div>\n\t\t<\/div>\n\t\t\t\t\t\t\t<\/div>\n\t\t<\/section>\n\t\t\t\t<section class=\"elementor-section elementor-inner-section elementor-element elementor-element-44e91fe elementor-section-boxed elementor-section-height-default elementor-section-height-default\" data-id=\"44e91fe\" data-element_type=\"section\">\n\t\t\t\t\t\t<div class=\"elementor-container elementor-column-gap-wider\">\n\t\t\t\t\t<div class=\"elementor-column elementor-col-33 elementor-inner-column elementor-element elementor-element-59c01f3\" data-id=\"59c01f3\" data-element_type=\"column\" data-settings=\"{&quot;background_background&quot;:&quot;classic&quot;}\">\n\t\t\t<div class=\"elementor-widget-wrap elementor-element-populated\">\n\t\t\t\t\t\t\t\t<div class=\"elementor-element elementor-element-5bfb398 elementor-widget elementor-widget-image\" data-id=\"5bfb398\" data-element_type=\"widget\" data-widget_type=\"image.default\">\n\t\t\t\t<div class=\"elementor-widget-container\">\n\t\t\t\t\t\t\t\t\t\t\t\t\t\t\t<img decoding=\"async\" src=\"https:\/\/kijevo.hr\/wp-content\/uploads\/elementor\/thumbs\/stomatolog-pcbq6l6fmv322jq4479zosyszy8g1645fqvzev43c0.jpg\" title=\"stomatolog\" alt=\"stomatolog\" loading=\"lazy\" \/>\t\t\t\t\t\t\t\t\t\t\t\t\t\t\t<\/div>\n\t\t\t\t<\/div>\n\t\t\t\t<div class=\"elementor-element elementor-element-6281b50 elementor-widget elementor-widget-heading\" data-id=\"6281b50\" data-element_type=\"widget\" data-widget_type=\"heading.default\">\n\t\t\t\t<div class=\"elementor-widget-container\">\n\t\t\t<h4 class=\"elementor-heading-title elementor-size-default\">Stomatolo\u0161ka ambulanta<\/h4>\t\t<\/div>\n\t\t\t\t<\/div>\n\t\t\t\t<div class=\"elementor-element elementor-element-85b338b elementor-widget elementor-widget-text-editor\" data-id=\"85b338b\" data-element_type=\"widget\" data-widget_type=\"text-editor.default\">\n\t\t\t\t<div class=\"elementor-widget-container\">\n\t\t\t\t\t\t\t<p><i class=\"fas fa-phone\" aria-hidden=\"true\"><\/i> (+385) 22 664 038<br \/><i class=\"fas fa-envelope\"><\/i> jljubisic@dzknin.hr<\/p>\t\t\t\t\t\t<\/div>\n\t\t\t\t<\/div>\n\t\t\t\t<div class=\"elementor-element elementor-element-3da3dbd elementor-widget elementor-widget-text-editor\" data-id=\"3da3dbd\" data-element_type=\"widget\" data-widget_type=\"text-editor.default\">\n\t\t\t\t<div class=\"elementor-widget-container\">\n\t\t\t\t\t\t\t<p>Jovica Ljubi\u0161i\u0107, dr. med. dent.<br \/>Alenka Crlji\u0107, med. sestra<\/p>\t\t\t\t\t\t<\/div>\n\t\t\t\t<\/div>\n\t\t\t\t<div class=\"elementor-element elementor-element-d3cd848 elementor-widget elementor-widget-text-editor\" data-id=\"d3cd848\" data-element_type=\"widget\" data-widget_type=\"text-editor.default\">\n\t\t\t\t<div class=\"elementor-widget-container\">\n\t\t\t\t\t\t\t<p><strong>Radno vrijeme:<\/strong><br \/>Parni datumi od 13,00 do 20,30 sati, neparni datumi od 07,00 do 14,30 sati, svaki \u010detvrtak od 13.00 do 14.30 sati ambulanta Kijevo, radna subota posljednja u mjesecu<\/p>\t\t\t\t\t\t<\/div>\n\t\t\t\t<\/div>\n\t\t\t\t\t<\/div>\n\t\t<\/div>\n\t\t\t\t<div class=\"elementor-column elementor-col-33 elementor-inner-column elementor-element elementor-element-27b8f20\" data-id=\"27b8f20\" data-element_type=\"column\" data-settings=\"{&quot;background_background&quot;:&quot;classic&quot;}\">\n\t\t\t<div class=\"elementor-widget-wrap elementor-element-populated\">\n\t\t\t\t\t\t\t\t<div class=\"elementor-element elementor-element-d43aa9f elementor-widget elementor-widget-image\" data-id=\"d43aa9f\" data-element_type=\"widget\" data-widget_type=\"image.default\">\n\t\t\t\t<div class=\"elementor-widget-container\">\n\t\t\t\t\t\t\t\t\t\t\t\t\t\t\t<img decoding=\"async\" src=\"https:\/\/kijevo.hr\/wp-content\/uploads\/elementor\/thumbs\/hp-pcbq6elkb0u1t9zo6mflpcmku94vjae12ubl1xdujk.jpg\" title=\"hp\" alt=\"hp\" loading=\"lazy\" \/>\t\t\t\t\t\t\t\t\t\t\t\t\t\t\t<\/div>\n\t\t\t\t<\/div>\n\t\t\t\t<div class=\"elementor-element elementor-element-e87a64b elementor-widget elementor-widget-heading\" data-id=\"e87a64b\" data-element_type=\"widget\" data-widget_type=\"heading.default\">\n\t\t\t\t<div class=\"elementor-widget-container\">\n\t\t\t<h4 class=\"elementor-heading-title elementor-size-default\">HP Po\u0161tanski ured<\/h4>\t\t<\/div>\n\t\t\t\t<\/div>\n\t\t\t\t<div class=\"elementor-element elementor-element-c3eef90 elementor-widget elementor-widget-text-editor\" data-id=\"c3eef90\" data-element_type=\"widget\" data-widget_type=\"text-editor.default\">\n\t\t\t\t<div class=\"elementor-widget-container\">\n\t\t\t\t\t\t\t<p><strong>Bajani 12 &#8211; 22310 Kijevo<\/strong><br \/><i class=\"fas fa-phone\" aria-hidden=\"true\"><\/i> (+385) 22 681 001<br \/><i class=\"fas fa-phone\" aria-hidden=\"true\"><\/i> (+385) 22 681 001<\/p>\t\t\t\t\t\t<\/div>\n\t\t\t\t<\/div>\n\t\t\t\t<div class=\"elementor-element elementor-element-0fa37cf elementor-widget elementor-widget-text-editor\" data-id=\"0fa37cf\" data-element_type=\"widget\" data-widget_type=\"text-editor.default\">\n\t\t\t\t<div class=\"elementor-widget-container\">\n\t\t\t\t\t\t\t<p><strong>Radno vrijeme:<\/strong><br \/>Radni dan od 08,00 do 10,00 sati<\/p>\t\t\t\t\t\t<\/div>\n\t\t\t\t<\/div>\n\t\t\t\t\t<\/div>\n\t\t<\/div>\n\t\t\t\t<div class=\"elementor-column elementor-col-33 elementor-inner-column elementor-element elementor-element-c868cd2\" data-id=\"c868cd2\" data-element_type=\"column\" data-settings=\"{&quot;background_background&quot;:&quot;classic&quot;}\">\n\t\t\t<div class=\"elementor-widget-wrap elementor-element-populated\">\n\t\t\t\t\t\t\t\t<div class=\"elementor-element elementor-element-5de1089 elementor-widget elementor-widget-image\" data-id=\"5de1089\" data-element_type=\"widget\" data-widget_type=\"image.default\">\n\t\t\t\t<div class=\"elementor-widget-container\">\n\t\t\t\t\t\t\t\t\t\t\t\t\t\t\t<img decoding=\"async\" src=\"https:\/\/kijevo.hr\/wp-content\/uploads\/elementor\/thumbs\/skola-pcbq6jar970hfbsuf6gqjtfvt6hplrworhl0gb6vog.jpg\" title=\"skola\" alt=\"skola\" loading=\"lazy\" \/>\t\t\t\t\t\t\t\t\t\t\t\t\t\t\t<\/div>\n\t\t\t\t<\/div>\n\t\t\t\t<div class=\"elementor-element elementor-element-068c4c6 elementor-widget elementor-widget-heading\" data-id=\"068c4c6\" data-element_type=\"widget\" data-widget_type=\"heading.default\">\n\t\t\t\t<div class=\"elementor-widget-container\">\n\t\t\t<h4 class=\"elementor-heading-title elementor-size-default\"><a href=\"#\">O\u0160 KNIN - Podru\u010dni odjel Kijevo<\/a><\/h4>\t\t<\/div>\n\t\t\t\t<\/div>\n\t\t\t\t<div class=\"elementor-element elementor-element-712ec45 elementor-widget elementor-widget-text-editor\" data-id=\"712ec45\" data-element_type=\"widget\" data-widget_type=\"text-editor.default\">\n\t\t\t\t<div class=\"elementor-widget-container\">\n\t\t\t\t\t\t\t<p><strong>Centar 20 &#8211; 22310 Kijevo<\/strong><br \/><i class=\"fas fa-phone\" aria-hidden=\"true\"><\/i> (+385) 22 681 082<\/p>\t\t\t\t\t\t<\/div>\n\t\t\t\t<\/div>\n\t\t\t\t<div class=\"elementor-element elementor-element-7fd21f7 elementor-widget elementor-widget-text-editor\" data-id=\"7fd21f7\" data-element_type=\"widget\" data-widget_type=\"text-editor.default\">\n\t\t\t\t<div class=\"elementor-widget-container\">\n\t\t\t\t\t\t\t<p>U\u010diteljica: g\u0111a Ivanka Peri\u0107<\/p>\t\t\t\t\t\t<\/div>\n\t\t\t\t<\/div>\n\t\t\t\t\t<\/div>\n\t\t<\/div>\n\t\t\t\t\t\t\t<\/div>\n\t\t<\/section>\n\t\t\t\t<section class=\"elementor-section elementor-inner-section elementor-element elementor-element-565bd6a elementor-section-boxed elementor-section-height-default elementor-section-height-default\" data-id=\"565bd6a\" data-element_type=\"section\">\n\t\t\t\t\t\t<div class=\"elementor-container elementor-column-gap-wider\">\n\t\t\t\t\t<div class=\"elementor-column elementor-col-33 elementor-inner-column elementor-element elementor-element-c84cf72\" data-id=\"c84cf72\" data-element_type=\"column\" data-settings=\"{&quot;background_background&quot;:&quot;classic&quot;}\">\n\t\t\t<div class=\"elementor-widget-wrap elementor-element-populated\">\n\t\t\t\t\t\t\t\t<div class=\"elementor-element elementor-element-b401da2 elementor-widget elementor-widget-image\" data-id=\"b401da2\" data-element_type=\"widget\" data-widget_type=\"image.default\">\n\t\t\t\t<div class=\"elementor-widget-container\">\n\t\t\t\t\t\t\t\t\t\t\t\t\t\t\t<img decoding=\"async\" src=\"https:\/\/kijevo.hr\/wp-content\/uploads\/elementor\/thumbs\/zupa-pcbq6nzy7d6x1dm0nqhvea96s3ujo9fcg4ufuozwtc.jpg\" title=\"zupa\" alt=\"zupa\" loading=\"lazy\" \/>\t\t\t\t\t\t\t\t\t\t\t\t\t\t\t<\/div>\n\t\t\t\t<\/div>\n\t\t\t\t<div class=\"elementor-element elementor-element-938c54f elementor-widget elementor-widget-heading\" data-id=\"938c54f\" data-element_type=\"widget\" data-widget_type=\"heading.default\">\n\t\t\t\t<div class=\"elementor-widget-container\">\n\t\t\t<h4 class=\"elementor-heading-title elementor-size-default\">\u017dUPNI URED \"Sv. Mihovil\" KIJEVO<\/h4>\t\t<\/div>\n\t\t\t\t<\/div>\n\t\t\t\t<div class=\"elementor-element elementor-element-9de9c60 elementor-widget elementor-widget-text-editor\" data-id=\"9de9c60\" data-element_type=\"widget\" data-widget_type=\"text-editor.default\">\n\t\t\t\t<div class=\"elementor-widget-container\">\n\t\t\t\t\t\t\t<p><i class=\"fas fa-phone\" aria-hidden=\"true\"><\/i> (+385) 22 681 015<br \/><br \/><\/p>\t\t\t\t\t\t<\/div>\n\t\t\t\t<\/div>\n\t\t\t\t<div class=\"elementor-element elementor-element-5b1ab42 elementor-widget elementor-widget-text-editor\" data-id=\"5b1ab42\" data-element_type=\"widget\" data-widget_type=\"text-editor.default\">\n\t\t\t\t<div class=\"elementor-widget-container\">\n\t\t\t\t\t\t\t<p>\u017dupnik: fra Jako Viro D\u017eevrnja<\/p>\t\t\t\t\t\t<\/div>\n\t\t\t\t<\/div>\n\t\t\t\t\t<\/div>\n\t\t<\/div>\n\t\t\t\t<div class=\"elementor-column elementor-col-33 elementor-inner-column elementor-element elementor-element-5eb1474\" data-id=\"5eb1474\" data-element_type=\"column\">\n\t\t\t<div class=\"elementor-widget-wrap\">\n\t\t\t\t\t\t\t\t\t<\/div>\n\t\t<\/div>\n\t\t\t\t<div class=\"elementor-column elementor-col-33 elementor-inner-column elementor-element elementor-element-90557d5\" data-id=\"90557d5\" data-element_type=\"column\">\n\t\t\t<div class=\"elementor-widget-wrap\">\n\t\t\t\t\t\t\t\t\t<\/div>\n\t\t<\/div>\n\t\t\t\t\t\t\t<\/div>\n\t\t<\/section>\n\t\t\t\t\t<\/div>\n\t\t<\/div>\n\t\t\t\t\t\t\t<\/div>\n\t\t<\/section>\n\t\t\t\t\t\t\t<\/div>\n\t\t","protected":false},"excerpt":{"rendered":"<p>Op\u0107ina Kijevo Bajani 12 &#8211; 22310 Kijevo (+385) 22 681 004 (+385) 22 681 611 (+385) 22 681 610 opcina-kijevo@si.t-com.hr Komunalno dru\u0161tvo Kijevo d.o.o. Bajani 12 &#8211; 22310 Kijevo (+385) 22 681 270 (+385) 22 681 610 Direktorica: Ljiljana Ga\u0161par Ambulanta Bajani 12 &#8211; 22310 Kijevo (+385) 22 681 004Utorak i \u010detvrtak od 11,30 do &hellip;<\/p>\n","protected":false},"author":1,"featured_media":0,"parent":0,"menu_order":0,"comment_status":"closed","ping_status":"closed","template":"template-fullwidth-alt.php","meta":{"pgc_sgb_lightbox_settings":"","footnotes":""},"class_list":["post-6122","page","type-page","status-publish","hentry"],"aioseo_notices":[],"_links":{"self":[{"href":"https:\/\/kijevo.hr\/index.php?rest_route=\/wp\/v2\/pages\/6122","targetHints":{"allow":["GET"]}}],"collection":[{"href":"https:\/\/kijevo.hr\/index.php?rest_route=\/wp\/v2\/pages"}],"about":[{"href":"https:\/\/kijevo.hr\/index.php?rest_route=\/wp\/v2\/types\/page"}],"author":[{"embeddable":true,"href":"https:\/\/kijevo.hr\/index.php?rest_route=\/wp\/v2\/users\/1"}],"replies":[{"embeddable":true,"href":"https:\/\/kijevo.hr\/index.php?rest_route=%2Fwp%2Fv2%2Fcomments&post=6122"}],"version-history":[{"count":53,"href":"https:\/\/kijevo.hr\/index.php?rest_route=\/wp\/v2\/pages\/6122\/revisions"}],"predecessor-version":[{"id":8151,"href":"https:\/\/kijevo.hr\/index.php?rest_route=\/wp\/v2\/pages\/6122\/revisions\/8151"}],"wp:attachment":[{"href":"https:\/\/kijevo.hr\/index.php?rest_route=%2Fwp%2Fv2%2Fmedia&parent=6122"}],"curies":[{"name":"wp","href":"https:\/\/api.w.org\/{rel}","templated":true}]}}