{"id":7185,"date":"2021-08-29T15:55:49","date_gmt":"2021-08-29T15:55:49","guid":{"rendered":"https:\/\/kijevo.hr\/?page_id=7185"},"modified":"2026-04-20T09:31:39","modified_gmt":"2026-04-20T09:31:39","slug":"dvd-kijevo","status":"publish","type":"page","link":"https:\/\/kijevo.hr\/?page_id=7185","title":{"rendered":"DVD Kijevo"},"content":{"rendered":"\t\t<div data-elementor-type=\"wp-page\" data-elementor-id=\"7185\" class=\"elementor elementor-7185\" data-elementor-post-type=\"page\">\n\t\t\t\t\t\t\t\t\t<section class=\"elementor-section elementor-top-section elementor-element elementor-element-58685804 elementor-section-boxed elementor-section-height-default elementor-section-height-default\" data-id=\"58685804\" data-element_type=\"section\">\n\t\t\t\t\t\t<div class=\"elementor-container elementor-column-gap-default\">\n\t\t\t\t\t<div class=\"elementor-column elementor-col-100 elementor-top-column elementor-element elementor-element-70b254fb\" data-id=\"70b254fb\" data-element_type=\"column\">\n\t\t\t<div class=\"elementor-widget-wrap elementor-element-populated\">\n\t\t\t\t\t\t\t\t<div class=\"elementor-element elementor-element-39aafaa9 elementor-widget elementor-widget-text-editor\" data-id=\"39aafaa9\" data-element_type=\"widget\" data-widget_type=\"text-editor.default\">\n\t\t\t\t<div class=\"elementor-widget-container\">\n\t\t\t\t\t\t\t<p>Dobrovoljno vatrogasno dru\u0161tvo Kijevo dobrovoljna je, stru\u010dna, humanitarna, neprofitna i nestrana\u010dka udruga od posebnog interesa za Republiku Hrvatsku u pogledu za\u0161tite od po\u017eara. Dru\u0161tvo je pravna osoba i osnovano je radi promicanja dobrovoljnog vatrogastva, te unapre\u0111enja za\u0161tite od po\u017eara. Za obavljanje vatrogasne djelatnosti Dru\u0161tvo prema Zakonu o vatrogastvu ima vatrogasnu postrojbu.<\/p>\t\t\t\t\t\t<\/div>\n\t\t\t\t<\/div>\n\t\t\t\t<div class=\"elementor-element elementor-element-24467b6 elementor-widget-divider--view-line elementor-widget elementor-widget-divider\" data-id=\"24467b6\" data-element_type=\"widget\" data-widget_type=\"divider.default\">\n\t\t\t\t<div class=\"elementor-widget-container\">\n\t\t\t\t\t<div class=\"elementor-divider\">\n\t\t\t<span class=\"elementor-divider-separator\">\n\t\t\t\t\t\t<\/span>\n\t\t<\/div>\n\t\t\t\t<\/div>\n\t\t\t\t<\/div>\n\t\t\t\t\t<\/div>\n\t\t<\/div>\n\t\t\t\t\t\t\t<\/div>\n\t\t<\/section>\n\t\t\t\t<section class=\"elementor-section elementor-top-section elementor-element elementor-element-672fb467 elementor-section-boxed elementor-section-height-default elementor-section-height-default\" data-id=\"672fb467\" data-element_type=\"section\">\n\t\t\t\t\t\t<div class=\"elementor-container elementor-column-gap-default\">\n\t\t\t\t\t<div class=\"elementor-column elementor-col-50 elementor-top-column elementor-element elementor-element-5f058656\" data-id=\"5f058656\" data-element_type=\"column\">\n\t\t\t<div class=\"elementor-widget-wrap elementor-element-populated\">\n\t\t\t\t\t\t\t\t<div class=\"elementor-element elementor-element-6453da9 elementor-widget elementor-widget-text-editor\" data-id=\"6453da9\" data-element_type=\"widget\" data-widget_type=\"text-editor.default\">\n\t\t\t\t<div class=\"elementor-widget-container\">\n\t\t\t\t\t\t\t<p><br \/>Dru\u0161tvo na dobrovoljnoj osnovi razvija i unapre\u0111uje vatrogastvo i za\u0161titu od po\u017eara sukladno tehni\u010dkom razvoju i dostignu\u0107ima nauke, tehnologije i prakse u RH i svijetu. Aktivni je \u010dinitelj u provo\u0111enju preventivnih mjera za\u0161tite od po\u017eara, u ga\u0161enju po\u017eara i spa\u0161avanju ljudi i imovine ugro\u017eenih po\u017earom, te u spa\u0161avanju ljudi i imovine prilikom prirodnih i drugih nepogoda i nezgoda. Dru\u0161tvo prati, usmjerava i uskla\u0111uje rad svojih \u010dlanova u ostvarivanju poslova i zadataka u oblasti za\u0161tite od po\u017eara i drugim djelatnostima u skladu sa zakonom, propisima i Statutom.<\/p>\t\t\t\t\t\t<\/div>\n\t\t\t\t<\/div>\n\t\t\t\t<div class=\"elementor-element elementor-element-38eeaa1c elementor-widget elementor-widget-image\" data-id=\"38eeaa1c\" data-element_type=\"widget\" data-widget_type=\"image.default\">\n\t\t\t\t<div class=\"elementor-widget-container\">\n\t\t\t\t\t\t\t\t\t\t\t\t\t\t\t<img loading=\"lazy\" decoding=\"async\" width=\"750\" height=\"499\" src=\"https:\/\/kijevo.hr\/wp-content\/uploads\/2021\/10\/dvd2-1024x681.jpg\" class=\"attachment-large size-large wp-image-8201\" alt=\"\" srcset=\"https:\/\/kijevo.hr\/wp-content\/uploads\/2021\/10\/dvd2-1024x681.jpg 1024w, https:\/\/kijevo.hr\/wp-content\/uploads\/2021\/10\/dvd2-300x200.jpg 300w, https:\/\/kijevo.hr\/wp-content\/uploads\/2021\/10\/dvd2-768x511.jpg 768w, https:\/\/kijevo.hr\/wp-content\/uploads\/2021\/10\/dvd2-18x12.jpg 18w, https:\/\/kijevo.hr\/wp-content\/uploads\/2021\/10\/dvd2.jpg 1200w\" sizes=\"auto, (max-width: 750px) 100vw, 750px\" \/>\t\t\t\t\t\t\t\t\t\t\t\t\t\t\t<\/div>\n\t\t\t\t<\/div>\n\t\t\t\t\t<\/div>\n\t\t<\/div>\n\t\t\t\t<div class=\"elementor-column elementor-col-50 elementor-top-column elementor-element elementor-element-6993bc9e\" data-id=\"6993bc9e\" data-element_type=\"column\">\n\t\t\t<div class=\"elementor-widget-wrap elementor-element-populated\">\n\t\t\t\t\t\t\t\t<div class=\"elementor-element elementor-element-39b1f937 elementor-widget elementor-widget-image\" data-id=\"39b1f937\" data-element_type=\"widget\" data-widget_type=\"image.default\">\n\t\t\t\t<div class=\"elementor-widget-container\">\n\t\t\t\t\t\t\t\t\t\t\t\t\t\t\t<img loading=\"lazy\" decoding=\"async\" width=\"750\" height=\"552\" src=\"https:\/\/kijevo.hr\/wp-content\/uploads\/2021\/10\/dvd1-1024x753.jpg\" class=\"attachment-large size-large wp-image-8200\" alt=\"\" srcset=\"https:\/\/kijevo.hr\/wp-content\/uploads\/2021\/10\/dvd1-1024x753.jpg 1024w, https:\/\/kijevo.hr\/wp-content\/uploads\/2021\/10\/dvd1-300x221.jpg 300w, https:\/\/kijevo.hr\/wp-content\/uploads\/2021\/10\/dvd1-768x565.jpg 768w, https:\/\/kijevo.hr\/wp-content\/uploads\/2021\/10\/dvd1-1536x1129.jpg 1536w, https:\/\/kijevo.hr\/wp-content\/uploads\/2021\/10\/dvd1-2048x1506.jpg 2048w, https:\/\/kijevo.hr\/wp-content\/uploads\/2021\/10\/dvd1-16x12.jpg 16w\" sizes=\"auto, (max-width: 750px) 100vw, 750px\" \/>\t\t\t\t\t\t\t\t\t\t\t\t\t\t\t<\/div>\n\t\t\t\t<\/div>\n\t\t\t\t<div class=\"elementor-element elementor-element-7967ca59 elementor-widget elementor-widget-text-editor\" data-id=\"7967ca59\" data-element_type=\"widget\" data-widget_type=\"text-editor.default\">\n\t\t\t\t<div class=\"elementor-widget-container\">\n\t\t\t\t\t\t\t<p><br \/>Dobrovoljno vatrogasno dru\u0161tvo Kijevo osnovano je 2011.g., te ve\u0107 godinama obavlja svoju du\u017enost na savjestan i odgovoran na\u010din.<\/p><p>Dru\u0161tvo je na po\u010detku svoje aktivnosti usmjerilo na opremanje vatrogasne postrojbe, pa su nabavljena za\u0161titna odijela, s popratnom opremom, tako\u0111er ulagalo se u popravak i odr\u017eavanje vatrogasnog vozila cisterna MAN 8400, kapaciteta 8000 litara, te je u me\u0111uvremenu nabavljeno i navalno vozilo: TAM 80, kapaciteta 1000 litara tako da dru\u0161tvo raspola\u017ee sa kvalitetnom opremom i spremni su za vatrogasne intervencije.<\/p>\t\t\t\t\t\t<\/div>\n\t\t\t\t<\/div>\n\t\t\t\t\t<\/div>\n\t\t<\/div>\n\t\t\t\t\t\t\t<\/div>\n\t\t<\/section>\n\t\t\t\t<section class=\"elementor-section elementor-top-section elementor-element elementor-element-4443cc48 elementor-section-boxed elementor-section-height-default elementor-section-height-default\" data-id=\"4443cc48\" data-element_type=\"section\">\n\t\t\t\t\t\t<div class=\"elementor-container elementor-column-gap-default\">\n\t\t\t\t\t<div class=\"elementor-column elementor-col-33 elementor-top-column elementor-element elementor-element-7d61bdae\" data-id=\"7d61bdae\" data-element_type=\"column\">\n\t\t\t<div class=\"elementor-widget-wrap elementor-element-populated\">\n\t\t\t\t\t\t\t\t<div class=\"elementor-element elementor-element-1976a16f elementor-widget elementor-widget-heading\" data-id=\"1976a16f\" data-element_type=\"widget\" data-widget_type=\"heading.default\">\n\t\t\t\t<div class=\"elementor-widget-container\">\n\t\t\t<h2 class=\"elementor-heading-title elementor-size-default\">Kontakt<\/h2>\t\t<\/div>\n\t\t\t\t<\/div>\n\t\t\t\t<div class=\"elementor-element elementor-element-4a6e2957 elementor-widget-divider--view-line elementor-widget elementor-widget-divider\" data-id=\"4a6e2957\" data-element_type=\"widget\" data-widget_type=\"divider.default\">\n\t\t\t\t<div class=\"elementor-widget-container\">\n\t\t\t\t\t<div class=\"elementor-divider\">\n\t\t\t<span class=\"elementor-divider-separator\">\n\t\t\t\t\t\t<\/span>\n\t\t<\/div>\n\t\t\t\t<\/div>\n\t\t\t\t<\/div>\n\t\t\t\t<div class=\"elementor-element elementor-element-6c46edac elementor-widget elementor-widget-text-editor\" data-id=\"6c46edac\" data-element_type=\"widget\" data-widget_type=\"text-editor.default\">\n\t\t\t\t<div class=\"elementor-widget-container\">\n\t\t\t\t\t\t\t<p>DVD Kijevo<br \/>Bajani 5, 22 310 Kijevo<br \/>T: +385 22 681040<\/p><p>email: dvdkijevo@gmail.com<\/p>\t\t\t\t\t\t<\/div>\n\t\t\t\t<\/div>\n\t\t\t\t\t<\/div>\n\t\t<\/div>\n\t\t\t\t<div class=\"elementor-column elementor-col-33 elementor-top-column elementor-element elementor-element-10504bb5\" data-id=\"10504bb5\" data-element_type=\"column\">\n\t\t\t<div class=\"elementor-widget-wrap elementor-element-populated\">\n\t\t\t\t\t\t\t\t<div class=\"elementor-element elementor-element-3fcb0fa9 elementor-widget elementor-widget-heading\" data-id=\"3fcb0fa9\" data-element_type=\"widget\" data-widget_type=\"heading.default\">\n\t\t\t\t<div class=\"elementor-widget-container\">\n\t\t\t<h2 class=\"elementor-heading-title elementor-size-default\">Uprava<\/h2>\t\t<\/div>\n\t\t\t\t<\/div>\n\t\t\t\t<div class=\"elementor-element elementor-element-10b0f9a elementor-widget-divider--view-line elementor-widget elementor-widget-divider\" data-id=\"10b0f9a\" data-element_type=\"widget\" data-widget_type=\"divider.default\">\n\t\t\t\t<div class=\"elementor-widget-container\">\n\t\t\t\t\t<div class=\"elementor-divider\">\n\t\t\t<span class=\"elementor-divider-separator\">\n\t\t\t\t\t\t<\/span>\n\t\t<\/div>\n\t\t\t\t<\/div>\n\t\t\t\t<\/div>\n\t\t\t\t<div class=\"elementor-element elementor-element-2a116f4f elementor-widget elementor-widget-text-editor\" data-id=\"2a116f4f\" data-element_type=\"widget\" data-widget_type=\"text-editor.default\">\n\t\t\t\t<div class=\"elementor-widget-container\">\n\t\t\t\t\t\t\t<p><strong>Predsjednik DVD Kijevo:<\/strong><br \/>Iva \u0106ulum<br \/><strong>Zapovjednik DVD-a Kijevo:<\/strong><br \/>Stipe Malo\u010da<\/p>\t\t\t\t\t\t<\/div>\n\t\t\t\t<\/div>\n\t\t\t\t\t<\/div>\n\t\t<\/div>\n\t\t\t\t<div class=\"elementor-column elementor-col-33 elementor-top-column elementor-element elementor-element-3f8306d2\" data-id=\"3f8306d2\" data-element_type=\"column\">\n\t\t\t<div class=\"elementor-widget-wrap elementor-element-populated\">\n\t\t\t\t\t\t\t\t<div class=\"elementor-element elementor-element-3311d0d0 elementor-widget elementor-widget-heading\" data-id=\"3311d0d0\" data-element_type=\"widget\" data-widget_type=\"heading.default\">\n\t\t\t\t<div class=\"elementor-widget-container\">\n\t\t\t<h2 class=\"elementor-heading-title elementor-size-default\">Osnovno<\/h2>\t\t<\/div>\n\t\t\t\t<\/div>\n\t\t\t\t<div class=\"elementor-element elementor-element-1a1bdd62 elementor-widget-divider--view-line elementor-widget elementor-widget-divider\" data-id=\"1a1bdd62\" data-element_type=\"widget\" data-widget_type=\"divider.default\">\n\t\t\t\t<div class=\"elementor-widget-container\">\n\t\t\t\t\t<div class=\"elementor-divider\">\n\t\t\t<span class=\"elementor-divider-separator\">\n\t\t\t\t\t\t<\/span>\n\t\t<\/div>\n\t\t\t\t<\/div>\n\t\t\t\t<\/div>\n\t\t\t\t<div class=\"elementor-element elementor-element-1ce80113 elementor-widget elementor-widget-text-editor\" data-id=\"1ce80113\" data-element_type=\"widget\" data-widget_type=\"text-editor.default\">\n\t\t\t\t<div class=\"elementor-widget-container\">\n\t\t\t\t\t\t\t<p>OIB: 99956999189<br \/>MB: 01655353<br \/>IBAN: HR9323300031100166694<\/p>\t\t\t\t\t\t<\/div>\n\t\t\t\t<\/div>\n\t\t\t\t\t<\/div>\n\t\t<\/div>\n\t\t\t\t\t\t\t<\/div>\n\t\t<\/section>\n\t\t\t\t\t\t\t<\/div>\n\t\t","protected":false},"excerpt":{"rendered":"<p>Dobrovoljno vatrogasno dru\u0161tvo Kijevo dobrovoljna je, stru\u010dna, humanitarna, neprofitna i nestrana\u010dka udruga od posebnog interesa za Republiku Hrvatsku u pogledu za\u0161tite od po\u017eara. Dru\u0161tvo je pravna osoba i osnovano je radi promicanja dobrovoljnog vatrogastva, te unapre\u0111enja za\u0161tite od po\u017eara. Za obavljanje vatrogasne djelatnosti Dru\u0161tvo prema Zakonu o vatrogastvu ima vatrogasnu postrojbu. Dru\u0161tvo na dobrovoljnoj osnovi &hellip;<\/p>\n","protected":false},"author":1,"featured_media":0,"parent":7179,"menu_order":0,"comment_status":"closed","ping_status":"closed","template":"template-fullwidth.php","meta":{"pgc_sgb_lightbox_settings":"","footnotes":""},"class_list":["post-7185","page","type-page","status-publish","hentry"],"aioseo_notices":[],"_links":{"self":[{"href":"https:\/\/kijevo.hr\/index.php?rest_route=\/wp\/v2\/pages\/7185","targetHints":{"allow":["GET"]}}],"collection":[{"href":"https:\/\/kijevo.hr\/index.php?rest_route=\/wp\/v2\/pages"}],"about":[{"href":"https:\/\/kijevo.hr\/index.php?rest_route=\/wp\/v2\/types\/page"}],"author":[{"embeddable":true,"href":"https:\/\/kijevo.hr\/index.php?rest_route=\/wp\/v2\/users\/1"}],"replies":[{"embeddable":true,"href":"https:\/\/kijevo.hr\/index.php?rest_route=%2Fwp%2Fv2%2Fcomments&post=7185"}],"version-history":[{"count":20,"href":"https:\/\/kijevo.hr\/index.php?rest_route=\/wp\/v2\/pages\/7185\/revisions"}],"predecessor-version":[{"id":10434,"href":"https:\/\/kijevo.hr\/index.php?rest_route=\/wp\/v2\/pages\/7185\/revisions\/10434"}],"up":[{"embeddable":true,"href":"https:\/\/kijevo.hr\/index.php?rest_route=\/wp\/v2\/pages\/7179"}],"wp:attachment":[{"href":"https:\/\/kijevo.hr\/index.php?rest_route=%2Fwp%2Fv2%2Fmedia&parent=7185"}],"curies":[{"name":"wp","href":"https:\/\/api.w.org\/{rel}","templated":true}]}}