{"id":7218,"date":"2021-08-29T16:13:58","date_gmt":"2021-08-29T16:13:58","guid":{"rendered":"https:\/\/kijevo.hr\/?page_id=7218"},"modified":"2026-04-20T10:40:12","modified_gmt":"2026-04-20T10:40:12","slug":"lovacka-udruga-kijevo","status":"publish","type":"page","link":"https:\/\/kijevo.hr\/?page_id=7218","title":{"rendered":"Lova\u010dka udruga Kijevo"},"content":{"rendered":"\t\t<div data-elementor-type=\"wp-page\" data-elementor-id=\"7218\" class=\"elementor elementor-7218\" data-elementor-post-type=\"page\">\n\t\t\t\t\t\t\t\t\t<section class=\"elementor-section elementor-top-section elementor-element elementor-element-16a08203 elementor-section-boxed elementor-section-height-default elementor-section-height-default\" data-id=\"16a08203\" data-element_type=\"section\">\n\t\t\t\t\t\t<div class=\"elementor-container elementor-column-gap-default\">\n\t\t\t\t\t<div class=\"elementor-column elementor-col-100 elementor-top-column elementor-element elementor-element-1062648b\" data-id=\"1062648b\" data-element_type=\"column\">\n\t\t\t<div class=\"elementor-widget-wrap elementor-element-populated\">\n\t\t\t\t\t\t\t\t<div class=\"elementor-element elementor-element-63579e2f elementor-widget elementor-widget-text-editor\" data-id=\"63579e2f\" data-element_type=\"widget\" data-widget_type=\"text-editor.default\">\n\t\t\t\t<div class=\"elementor-widget-container\">\n\t\t\t\t\t\t\t<p>Lova\u010dka udruga Kijevo je osnovana 1997. Godine na podru\u010dju Op\u0107ine Kijevo i Civljane.&#8221;<\/p><p>Lovno podru\u010dje &#8220;CETINA&#8221; broj XV\/126 LU &#8220;Kijevo&#8221; je bogato divlja\u010di svih vrsta (divokoza, srna, divlja svinja, zec) te svih vrsta pernate divlja\u010di zahvaljuju\u0107i i rijeci Cetini koja je u sklopu lovi\u0161ta LU \u201eKijevo\u201c. Lovi\u0161te oboga\u0107uju i njezini privr\u017eeni lovci kojih trenutno u Udruzi ima oko 30.<\/p><p>Bogatstvo lovnog fonda, eti\u010dki odnos prema divlja\u010di i lovcima, prema starim tradicijama lova\u010dke etike, privla\u010di mnoge doma\u0107e i strane lovce. Prema svemu re\u010denom, Lova\u010dka udruga&#8221;Kijevo&#8221; Vas poziva da se pridru\u017eite u provo\u0111enju projekata za\u0161tite prirode, o\u010duvanju, uzgoju te pravilnom lovu divlja\u010di.<\/p>\t\t\t\t\t\t<\/div>\n\t\t\t\t<\/div>\n\t\t\t\t\t<\/div>\n\t\t<\/div>\n\t\t\t\t\t\t\t<\/div>\n\t\t<\/section>\n\t\t\t\t<section class=\"elementor-section elementor-top-section elementor-element elementor-element-82fa0f4 elementor-section-boxed elementor-section-height-default elementor-section-height-default\" data-id=\"82fa0f4\" data-element_type=\"section\">\n\t\t\t\t\t\t<div class=\"elementor-container elementor-column-gap-default\">\n\t\t\t\t\t<div class=\"elementor-column elementor-col-50 elementor-top-column elementor-element elementor-element-ebf0a7b\" data-id=\"ebf0a7b\" data-element_type=\"column\">\n\t\t\t<div class=\"elementor-widget-wrap elementor-element-populated\">\n\t\t\t\t\t\t\t\t<div class=\"elementor-element elementor-element-fb592f6 elementor-widget elementor-widget-image\" data-id=\"fb592f6\" data-element_type=\"widget\" data-widget_type=\"image.default\">\n\t\t\t\t<div class=\"elementor-widget-container\">\n\t\t\t\t\t\t\t\t\t\t\t\t\t\t\t<img loading=\"lazy\" decoding=\"async\" width=\"601\" height=\"301\" src=\"https:\/\/kijevo.hr\/wp-content\/uploads\/2021\/08\/42046c2db72744590612ceeb1b488d91-1.jpg\" class=\"attachment-large size-large wp-image-7221\" alt=\"\" srcset=\"https:\/\/kijevo.hr\/wp-content\/uploads\/2021\/08\/42046c2db72744590612ceeb1b488d91-1.jpg 601w, https:\/\/kijevo.hr\/wp-content\/uploads\/2021\/08\/42046c2db72744590612ceeb1b488d91-1-300x150.jpg 300w, https:\/\/kijevo.hr\/wp-content\/uploads\/2021\/08\/42046c2db72744590612ceeb1b488d91-1-18x9.jpg 18w\" sizes=\"auto, (max-width: 601px) 100vw, 601px\" \/>\t\t\t\t\t\t\t\t\t\t\t\t\t\t\t<\/div>\n\t\t\t\t<\/div>\n\t\t\t\t\t<\/div>\n\t\t<\/div>\n\t\t\t\t<div class=\"elementor-column elementor-col-50 elementor-top-column elementor-element elementor-element-a618279\" data-id=\"a618279\" data-element_type=\"column\">\n\t\t\t<div class=\"elementor-widget-wrap elementor-element-populated\">\n\t\t\t\t\t\t\t\t<div class=\"elementor-element elementor-element-1df7aa8 elementor-widget elementor-widget-image\" data-id=\"1df7aa8\" data-element_type=\"widget\" data-widget_type=\"image.default\">\n\t\t\t\t<div class=\"elementor-widget-container\">\n\t\t\t\t\t\t\t\t\t\t\t\t\t\t\t<img loading=\"lazy\" decoding=\"async\" width=\"750\" height=\"551\" src=\"https:\/\/kijevo.hr\/wp-content\/uploads\/2021\/10\/lovci2021-1024x752.jpg\" class=\"attachment-large size-large wp-image-8205\" alt=\"\" srcset=\"https:\/\/kijevo.hr\/wp-content\/uploads\/2021\/10\/lovci2021-1024x752.jpg 1024w, https:\/\/kijevo.hr\/wp-content\/uploads\/2021\/10\/lovci2021-300x220.jpg 300w, https:\/\/kijevo.hr\/wp-content\/uploads\/2021\/10\/lovci2021-768x564.jpg 768w, https:\/\/kijevo.hr\/wp-content\/uploads\/2021\/10\/lovci2021-16x12.jpg 16w, https:\/\/kijevo.hr\/wp-content\/uploads\/2021\/10\/lovci2021.jpg 1204w\" sizes=\"auto, (max-width: 750px) 100vw, 750px\" \/>\t\t\t\t\t\t\t\t\t\t\t\t\t\t\t<\/div>\n\t\t\t\t<\/div>\n\t\t\t\t\t<\/div>\n\t\t<\/div>\n\t\t\t\t\t\t\t<\/div>\n\t\t<\/section>\n\t\t\t\t<section class=\"elementor-section elementor-top-section elementor-element elementor-element-62f03366 elementor-section-boxed elementor-section-height-default elementor-section-height-default\" data-id=\"62f03366\" data-element_type=\"section\">\n\t\t\t\t\t\t<div class=\"elementor-container elementor-column-gap-default\">\n\t\t\t\t\t<div class=\"elementor-column elementor-col-33 elementor-top-column elementor-element elementor-element-48d5c3a4\" data-id=\"48d5c3a4\" data-element_type=\"column\">\n\t\t\t<div class=\"elementor-widget-wrap elementor-element-populated\">\n\t\t\t\t\t\t\t\t<div class=\"elementor-element elementor-element-4fbbcfdc elementor-widget elementor-widget-heading\" data-id=\"4fbbcfdc\" data-element_type=\"widget\" data-widget_type=\"heading.default\">\n\t\t\t\t<div class=\"elementor-widget-container\">\n\t\t\t<h2 class=\"elementor-heading-title elementor-size-default\">Kontakt<\/h2>\t\t<\/div>\n\t\t\t\t<\/div>\n\t\t\t\t<div class=\"elementor-element elementor-element-32d40633 elementor-widget-divider--view-line elementor-widget elementor-widget-divider\" data-id=\"32d40633\" data-element_type=\"widget\" data-widget_type=\"divider.default\">\n\t\t\t\t<div class=\"elementor-widget-container\">\n\t\t\t\t\t<div class=\"elementor-divider\">\n\t\t\t<span class=\"elementor-divider-separator\">\n\t\t\t\t\t\t<\/span>\n\t\t<\/div>\n\t\t\t\t<\/div>\n\t\t\t\t<\/div>\n\t\t\t\t<div class=\"elementor-element elementor-element-2d592ad4 elementor-widget elementor-widget-text-editor\" data-id=\"2d592ad4\" data-element_type=\"widget\" data-widget_type=\"text-editor.default\">\n\t\t\t\t<div class=\"elementor-widget-container\">\n\t\t\t\t\t\t\t<p>Lova\u010dka udruga &#8220;Kijevo&#8221;<br \/>Centar 20, 22310 Kijevo<\/p>\t\t\t\t\t\t<\/div>\n\t\t\t\t<\/div>\n\t\t\t\t\t<\/div>\n\t\t<\/div>\n\t\t\t\t<div class=\"elementor-column elementor-col-33 elementor-top-column elementor-element elementor-element-1a30b02b\" data-id=\"1a30b02b\" data-element_type=\"column\">\n\t\t\t<div class=\"elementor-widget-wrap elementor-element-populated\">\n\t\t\t\t\t\t\t\t<div class=\"elementor-element elementor-element-5e9088ff elementor-widget elementor-widget-heading\" data-id=\"5e9088ff\" data-element_type=\"widget\" data-widget_type=\"heading.default\">\n\t\t\t\t<div class=\"elementor-widget-container\">\n\t\t\t<h2 class=\"elementor-heading-title elementor-size-default\">Predsjednik<\/h2>\t\t<\/div>\n\t\t\t\t<\/div>\n\t\t\t\t<div class=\"elementor-element elementor-element-c83d9f2 elementor-widget-divider--view-line elementor-widget elementor-widget-divider\" data-id=\"c83d9f2\" data-element_type=\"widget\" data-widget_type=\"divider.default\">\n\t\t\t\t<div class=\"elementor-widget-container\">\n\t\t\t\t\t<div class=\"elementor-divider\">\n\t\t\t<span class=\"elementor-divider-separator\">\n\t\t\t\t\t\t<\/span>\n\t\t<\/div>\n\t\t\t\t<\/div>\n\t\t\t\t<\/div>\n\t\t\t\t<div class=\"elementor-element elementor-element-8260f81 elementor-widget elementor-widget-text-editor\" data-id=\"8260f81\" data-element_type=\"widget\" data-widget_type=\"text-editor.default\">\n\t\t\t\t<div class=\"elementor-widget-container\">\n\t\t\t\t\t\t\t<p>Stipe Malo\u010da<br \/>M: +385 91 735 4291<\/p>\t\t\t\t\t\t<\/div>\n\t\t\t\t<\/div>\n\t\t\t\t\t<\/div>\n\t\t<\/div>\n\t\t\t\t<div class=\"elementor-column elementor-col-33 elementor-top-column elementor-element elementor-element-40c785d2\" data-id=\"40c785d2\" data-element_type=\"column\">\n\t\t\t<div class=\"elementor-widget-wrap elementor-element-populated\">\n\t\t\t\t\t\t\t\t<div class=\"elementor-element elementor-element-2b358d86 elementor-widget elementor-widget-heading\" data-id=\"2b358d86\" data-element_type=\"widget\" data-widget_type=\"heading.default\">\n\t\t\t\t<div class=\"elementor-widget-container\">\n\t\t\t<h2 class=\"elementor-heading-title elementor-size-default\">Osnovno<\/h2>\t\t<\/div>\n\t\t\t\t<\/div>\n\t\t\t\t<div class=\"elementor-element elementor-element-60a74983 elementor-widget-divider--view-line elementor-widget elementor-widget-divider\" data-id=\"60a74983\" data-element_type=\"widget\" data-widget_type=\"divider.default\">\n\t\t\t\t<div class=\"elementor-widget-container\">\n\t\t\t\t\t<div class=\"elementor-divider\">\n\t\t\t<span class=\"elementor-divider-separator\">\n\t\t\t\t\t\t<\/span>\n\t\t<\/div>\n\t\t\t\t<\/div>\n\t\t\t\t<\/div>\n\t\t\t\t<div class=\"elementor-element elementor-element-32550f35 elementor-widget elementor-widget-text-editor\" data-id=\"32550f35\" data-element_type=\"widget\" data-widget_type=\"text-editor.default\">\n\t\t\t\t<div class=\"elementor-widget-container\">\n\t\t\t\t\t\t\t<p>OIB: 74695488258<br \/>MB: 01345770<br \/>IBAN: HR7923300031100098270<\/p>\t\t\t\t\t\t<\/div>\n\t\t\t\t<\/div>\n\t\t\t\t\t<\/div>\n\t\t<\/div>\n\t\t\t\t\t\t\t<\/div>\n\t\t<\/section>\n\t\t\t\t\t\t\t<\/div>\n\t\t","protected":false},"excerpt":{"rendered":"<p>Lova\u010dka udruga Kijevo je osnovana 1997. Godine na podru\u010dju Op\u0107ine Kijevo i Civljane.&#8221; Lovno podru\u010dje &#8220;CETINA&#8221; broj XV\/126 LU &#8220;Kijevo&#8221; je bogato divlja\u010di svih vrsta (divokoza, srna, divlja svinja, zec) te svih vrsta pernate divlja\u010di zahvaljuju\u0107i i rijeci Cetini koja je u sklopu lovi\u0161ta LU \u201eKijevo\u201c. Lovi\u0161te oboga\u0107uju i njezini privr\u017eeni lovci kojih trenutno u &hellip;<\/p>\n","protected":false},"author":1,"featured_media":0,"parent":7179,"menu_order":0,"comment_status":"closed","ping_status":"closed","template":"","meta":{"pgc_sgb_lightbox_settings":"","footnotes":""},"class_list":["post-7218","page","type-page","status-publish","hentry"],"aioseo_notices":[],"_links":{"self":[{"href":"https:\/\/kijevo.hr\/index.php?rest_route=\/wp\/v2\/pages\/7218","targetHints":{"allow":["GET"]}}],"collection":[{"href":"https:\/\/kijevo.hr\/index.php?rest_route=\/wp\/v2\/pages"}],"about":[{"href":"https:\/\/kijevo.hr\/index.php?rest_route=\/wp\/v2\/types\/page"}],"author":[{"embeddable":true,"href":"https:\/\/kijevo.hr\/index.php?rest_route=\/wp\/v2\/users\/1"}],"replies":[{"embeddable":true,"href":"https:\/\/kijevo.hr\/index.php?rest_route=%2Fwp%2Fv2%2Fcomments&post=7218"}],"version-history":[{"count":13,"href":"https:\/\/kijevo.hr\/index.php?rest_route=\/wp\/v2\/pages\/7218\/revisions"}],"predecessor-version":[{"id":10468,"href":"https:\/\/kijevo.hr\/index.php?rest_route=\/wp\/v2\/pages\/7218\/revisions\/10468"}],"up":[{"embeddable":true,"href":"https:\/\/kijevo.hr\/index.php?rest_route=\/wp\/v2\/pages\/7179"}],"wp:attachment":[{"href":"https:\/\/kijevo.hr\/index.php?rest_route=%2Fwp%2Fv2%2Fmedia&parent=7218"}],"curies":[{"name":"wp","href":"https:\/\/api.w.org\/{rel}","templated":true}]}}