{"id":7298,"date":"2021-08-29T16:46:15","date_gmt":"2021-08-29T16:46:15","guid":{"rendered":"https:\/\/kijevo.hr\/?page_id=7298"},"modified":"2021-08-29T19:25:04","modified_gmt":"2021-08-29T19:25:04","slug":"turizam","status":"publish","type":"page","link":"https:\/\/kijevo.hr\/?page_id=7298","title":{"rendered":"Turizam"},"content":{"rendered":"\t\t<div data-elementor-type=\"wp-page\" data-elementor-id=\"7298\" class=\"elementor elementor-7298\" data-elementor-post-type=\"page\">\n\t\t\t\t\t\t\t\t\t<section class=\"elementor-section elementor-top-section elementor-element elementor-element-4e3891ef elementor-section-boxed elementor-section-height-default elementor-section-height-default\" data-id=\"4e3891ef\" data-element_type=\"section\">\n\t\t\t\t\t\t<div class=\"elementor-container elementor-column-gap-default\">\n\t\t\t\t\t<div class=\"elementor-column elementor-col-100 elementor-top-column elementor-element elementor-element-a0a1ef4\" data-id=\"a0a1ef4\" data-element_type=\"column\">\n\t\t\t<div class=\"elementor-widget-wrap\">\n\t\t\t\t\t\t\t\t\t<\/div>\n\t\t<\/div>\n\t\t\t\t\t\t\t<\/div>\n\t\t<\/section>\n\t\t\t\t<section class=\"elementor-section elementor-top-section elementor-element elementor-element-740338d elementor-section-full_width elementor-section-height-default elementor-section-height-default\" data-id=\"740338d\" data-element_type=\"section\">\n\t\t\t\t\t\t<div class=\"elementor-container elementor-column-gap-default\">\n\t\t\t\t\t<div class=\"elementor-column elementor-col-100 elementor-top-column elementor-element elementor-element-7fb2c0e\" data-id=\"7fb2c0e\" data-element_type=\"column\">\n\t\t\t<div class=\"elementor-widget-wrap elementor-element-populated\">\n\t\t\t\t\t\t\t\t<div class=\"elementor-element elementor-element-25c6505 elementor-widget elementor-widget-image\" data-id=\"25c6505\" data-element_type=\"widget\" data-widget_type=\"image.default\">\n\t\t\t\t<div class=\"elementor-widget-container\">\n\t\t\t\t\t\t\t\t\t\t\t\t\t\t\t<img loading=\"lazy\" decoding=\"async\" width=\"750\" height=\"580\" src=\"https:\/\/kijevo.hr\/wp-content\/uploads\/2021\/08\/znacajke-768x594.jpg\" class=\"attachment-medium_large size-medium_large wp-image-7347\" alt=\"\" srcset=\"https:\/\/kijevo.hr\/wp-content\/uploads\/2021\/08\/znacajke-768x594.jpg 768w, https:\/\/kijevo.hr\/wp-content\/uploads\/2021\/08\/znacajke-300x232.jpg 300w, https:\/\/kijevo.hr\/wp-content\/uploads\/2021\/08\/znacajke-1024x792.jpg 1024w, https:\/\/kijevo.hr\/wp-content\/uploads\/2021\/08\/znacajke-16x12.jpg 16w, https:\/\/kijevo.hr\/wp-content\/uploads\/2021\/08\/znacajke.jpg 1086w\" sizes=\"auto, (max-width: 750px) 100vw, 750px\" \/>\t\t\t\t\t\t\t\t\t\t\t\t\t\t\t<\/div>\n\t\t\t\t<\/div>\n\t\t\t\t\t<\/div>\n\t\t<\/div>\n\t\t\t\t\t\t\t<\/div>\n\t\t<\/section>\n\t\t\t\t<section class=\"elementor-section elementor-top-section elementor-element elementor-element-6d68f19 elementor-section-height-min-height elementor-section-items-stretch elementor-section-boxed elementor-section-height-default\" data-id=\"6d68f19\" data-element_type=\"section\" data-settings=\"{&quot;background_background&quot;:&quot;classic&quot;,&quot;motion_fx_motion_fx_scrolling&quot;:&quot;yes&quot;,&quot;motion_fx_translateY_effect&quot;:&quot;yes&quot;,&quot;motion_fx_translateY_speed&quot;:{&quot;unit&quot;:&quot;px&quot;,&quot;size&quot;:&quot;1.5&quot;,&quot;sizes&quot;:[]},&quot;background_motion_fx_motion_fx_scrolling&quot;:&quot;yes&quot;,&quot;background_motion_fx_devices&quot;:[&quot;desktop&quot;,&quot;tablet&quot;,&quot;mobile&quot;],&quot;motion_fx_translateY_affectedRange&quot;:{&quot;unit&quot;:&quot;%&quot;,&quot;size&quot;:&quot;&quot;,&quot;sizes&quot;:{&quot;start&quot;:0,&quot;end&quot;:100}},&quot;motion_fx_devices&quot;:[&quot;desktop&quot;,&quot;tablet&quot;,&quot;mobile&quot;]}\">\n\t\t\t\t\t\t<div class=\"elementor-container elementor-column-gap-default\">\n\t\t\t\t\t<div class=\"elementor-column elementor-col-100 elementor-top-column elementor-element elementor-element-79f9652\" data-id=\"79f9652\" data-element_type=\"column\" data-settings=\"{&quot;background_background&quot;:&quot;classic&quot;}\">\n\t\t\t<div class=\"elementor-widget-wrap elementor-element-populated\">\n\t\t\t\t\t\t\t\t<div class=\"elementor-element elementor-element-62e258e elementor-widget elementor-widget-heading\" data-id=\"62e258e\" data-element_type=\"widget\" data-widget_type=\"heading.default\">\n\t\t\t\t<div class=\"elementor-widget-container\">\n\t\t\t<h2 class=\"elementor-heading-title elementor-size-default\">Turisti\u010dke zna\u010dajke<\/h2>\t\t<\/div>\n\t\t\t\t<\/div>\n\t\t\t\t<div class=\"elementor-element elementor-element-71ea0ad elementor-widget elementor-widget-text-editor\" data-id=\"71ea0ad\" data-element_type=\"widget\" data-widget_type=\"text-editor.default\">\n\t\t\t\t<div class=\"elementor-widget-container\">\n\t\t\t\t\t\t\t<p>Navike i interesi vremenom se mijenjaju. Sve \u010de\u0161\u0107e se putovi iz pravca mora okre\u0107u prema unutra\u0161njosti. Pri tom mijenjaju smjer putovanja, dolazi se u podru\u010dja koja ugodno iznenade svojom ljepotom i atraktivno\u0161\u0107u. Takvo podru\u010dje je i hrvatsko Podinarje.<\/p><p>Ovaj \u017eivopisni prostor ukotvljen izme\u0111u visova Dinarida, svakako vrijedi do\u017eivjeti vlastitim emocijama. Obilje\u017een je tokom rijeke Cetine, koja izvire podno Dinare i vijuga od sjeverozapadnog dijela Cetinske krajine probijaju\u0107i se na mjestima kroz strmo, nepristupa\u010dno korito koje priti\u0161\u0107e s obje strane obale i izvorom i tokom Kr\u010di\u0107a, od kojeg nastaje impresivna rijeka Krka. Planine daju podru\u010dju tek prividno karakter bespu\u0107a.<\/p>\t\t\t\t\t\t<\/div>\n\t\t\t\t<\/div>\n\t\t\t\t<div class=\"elementor-element elementor-element-14d0417 elementor-align-left elementor-widget elementor-widget-button\" data-id=\"14d0417\" data-element_type=\"widget\" data-widget_type=\"button.default\">\n\t\t\t\t<div class=\"elementor-widget-container\">\n\t\t\t\t\t<div class=\"elementor-button-wrapper\">\n\t\t\t<a class=\"elementor-button elementor-button-link elementor-size-xs\" href=\"https:\/\/kijevo.hr\/?page_id=7351\">\n\t\t\t\t\t\t<span class=\"elementor-button-content-wrapper\">\n\t\t\t\t\t\t<span class=\"elementor-button-text\">Vi\u0161e<\/span>\n\t\t<\/span>\n\t\t\t\t\t<\/a>\n\t\t<\/div>\n\t\t\t\t<\/div>\n\t\t\t\t<\/div>\n\t\t\t\t\t<\/div>\n\t\t<\/div>\n\t\t\t\t\t\t\t<\/div>\n\t\t<\/section>\n\t\t\t\t<section class=\"elementor-section elementor-top-section elementor-element elementor-element-4162fe77 elementor-section-height-min-height elementor-section-items-stretch elementor-section-boxed elementor-section-height-default\" data-id=\"4162fe77\" data-element_type=\"section\" data-settings=\"{&quot;background_background&quot;:&quot;classic&quot;,&quot;motion_fx_motion_fx_scrolling&quot;:&quot;yes&quot;,&quot;motion_fx_translateY_effect&quot;:&quot;yes&quot;,&quot;motion_fx_translateY_speed&quot;:{&quot;unit&quot;:&quot;px&quot;,&quot;size&quot;:&quot;1.5&quot;,&quot;sizes&quot;:[]},&quot;background_motion_fx_motion_fx_scrolling&quot;:&quot;yes&quot;,&quot;background_motion_fx_devices&quot;:[&quot;desktop&quot;,&quot;tablet&quot;,&quot;mobile&quot;],&quot;motion_fx_translateY_affectedRange&quot;:{&quot;unit&quot;:&quot;%&quot;,&quot;size&quot;:&quot;&quot;,&quot;sizes&quot;:{&quot;start&quot;:0,&quot;end&quot;:100}},&quot;motion_fx_devices&quot;:[&quot;desktop&quot;,&quot;tablet&quot;,&quot;mobile&quot;]}\">\n\t\t\t\t\t\t<div class=\"elementor-container elementor-column-gap-default\">\n\t\t\t\t\t<div class=\"elementor-column elementor-col-100 elementor-top-column elementor-element elementor-element-767803e\" data-id=\"767803e\" data-element_type=\"column\">\n\t\t\t<div class=\"elementor-widget-wrap\">\n\t\t\t\t\t\t\t\t\t<\/div>\n\t\t<\/div>\n\t\t\t\t\t\t\t<\/div>\n\t\t<\/section>\n\t\t\t\t<section class=\"elementor-section elementor-top-section elementor-element elementor-element-1549cd4b elementor-section-full_width elementor-section-height-default elementor-section-height-default\" data-id=\"1549cd4b\" data-element_type=\"section\">\n\t\t\t\t\t\t<div class=\"elementor-container elementor-column-gap-default\">\n\t\t\t\t\t<div class=\"elementor-column elementor-col-50 elementor-top-column elementor-element elementor-element-1c3d7bc7\" data-id=\"1c3d7bc7\" data-element_type=\"column\" data-settings=\"{&quot;background_background&quot;:&quot;classic&quot;}\">\n\t\t\t<div class=\"elementor-widget-wrap elementor-element-populated\">\n\t\t\t\t\t\t\t\t<div class=\"elementor-element elementor-element-38bc09d elementor-widget elementor-widget-heading\" data-id=\"38bc09d\" data-element_type=\"widget\" data-widget_type=\"heading.default\">\n\t\t\t\t<div class=\"elementor-widget-container\">\n\t\t\t<h2 class=\"elementor-heading-title elementor-size-default\">Turisti\u010dka ponuda<\/h2>\t\t<\/div>\n\t\t\t\t<\/div>\n\t\t\t\t<div class=\"elementor-element elementor-element-0dbe79b elementor-widget elementor-widget-text-editor\" data-id=\"0dbe79b\" data-element_type=\"widget\" data-widget_type=\"text-editor.default\">\n\t\t\t\t<div class=\"elementor-widget-container\">\n\t\t\t\t\t\t\t<p>Ono \u0161to \u0107e na kraju svojih putova ponijeti u sje\u0107anju ne\u0107e biti samo turisti\u010dke atrakcije, nego ponajvi\u0161e doma\u0107ini \u010dije gostoprimstvo ostaje kao ugodan okus na nepcima nakon ukusnog zalogaja. Sve silnice prirodne i ljudske ljepote ovdje susre\u0107u i \u010dine magiju \u010dija \u0107e vas toplina dugo grijati.<\/p>\t\t\t\t\t\t<\/div>\n\t\t\t\t<\/div>\n\t\t\t\t<div class=\"elementor-element elementor-element-ab307fc elementor-align-left elementor-widget elementor-widget-button\" data-id=\"ab307fc\" data-element_type=\"widget\" data-widget_type=\"button.default\">\n\t\t\t\t<div class=\"elementor-widget-container\">\n\t\t\t\t\t<div class=\"elementor-button-wrapper\">\n\t\t\t<a class=\"elementor-button elementor-button-link elementor-size-xs\" href=\"https:\/\/kijevo.hr\/?page_id=7389\">\n\t\t\t\t\t\t<span class=\"elementor-button-content-wrapper\">\n\t\t\t\t\t\t<span class=\"elementor-button-text\">Vi\u0161e<\/span>\n\t\t<\/span>\n\t\t\t\t\t<\/a>\n\t\t<\/div>\n\t\t\t\t<\/div>\n\t\t\t\t<\/div>\n\t\t\t\t\t<\/div>\n\t\t<\/div>\n\t\t\t\t<div class=\"elementor-column elementor-col-50 elementor-top-column elementor-element elementor-element-463efde9\" data-id=\"463efde9\" data-element_type=\"column\">\n\t\t\t<div class=\"elementor-widget-wrap elementor-element-populated\">\n\t\t\t\t\t\t\t\t<div class=\"elementor-element elementor-element-286fb0a1 elementor-widget elementor-widget-image\" data-id=\"286fb0a1\" data-element_type=\"widget\" data-widget_type=\"image.default\">\n\t\t\t\t<div class=\"elementor-widget-container\">\n\t\t\t\t\t\t\t\t\t\t\t\t\t\t\t<img loading=\"lazy\" decoding=\"async\" width=\"750\" height=\"580\" src=\"https:\/\/kijevo.hr\/wp-content\/uploads\/2021\/08\/ponuda2-768x594.jpg\" class=\"attachment-medium_large size-medium_large wp-image-7346\" alt=\"\" srcset=\"https:\/\/kijevo.hr\/wp-content\/uploads\/2021\/08\/ponuda2-768x594.jpg 768w, https:\/\/kijevo.hr\/wp-content\/uploads\/2021\/08\/ponuda2-300x232.jpg 300w, https:\/\/kijevo.hr\/wp-content\/uploads\/2021\/08\/ponuda2-1024x792.jpg 1024w, https:\/\/kijevo.hr\/wp-content\/uploads\/2021\/08\/ponuda2-16x12.jpg 16w, https:\/\/kijevo.hr\/wp-content\/uploads\/2021\/08\/ponuda2.jpg 1086w\" sizes=\"auto, (max-width: 750px) 100vw, 750px\" \/>\t\t\t\t\t\t\t\t\t\t\t\t\t\t\t<\/div>\n\t\t\t\t<\/div>\n\t\t\t\t\t<\/div>\n\t\t<\/div>\n\t\t\t\t\t\t\t<\/div>\n\t\t<\/section>\n\t\t\t\t<section class=\"elementor-section elementor-top-section elementor-element elementor-element-67c668f elementor-section-full_width elementor-section-height-default elementor-section-height-default\" data-id=\"67c668f\" data-element_type=\"section\">\n\t\t\t\t\t\t<div class=\"elementor-container elementor-column-gap-default\">\n\t\t\t\t\t<div class=\"elementor-column elementor-col-100 elementor-top-column elementor-element elementor-element-6d11372\" data-id=\"6d11372\" data-element_type=\"column\">\n\t\t\t<div class=\"elementor-widget-wrap elementor-element-populated\">\n\t\t\t\t\t\t\t\t<div class=\"elementor-element elementor-element-6e957ac elementor-widget elementor-widget-image\" data-id=\"6e957ac\" data-element_type=\"widget\" data-widget_type=\"image.default\">\n\t\t\t\t<div class=\"elementor-widget-container\">\n\t\t\t\t\t\t\t\t\t\t\t\t\t\t\t<img loading=\"lazy\" decoding=\"async\" width=\"750\" height=\"580\" src=\"https:\/\/kijevo.hr\/wp-content\/uploads\/2021\/08\/ponuda-768x594.jpg\" class=\"attachment-medium_large size-medium_large wp-image-7345\" alt=\"\" srcset=\"https:\/\/kijevo.hr\/wp-content\/uploads\/2021\/08\/ponuda-768x594.jpg 768w, https:\/\/kijevo.hr\/wp-content\/uploads\/2021\/08\/ponuda-300x232.jpg 300w, https:\/\/kijevo.hr\/wp-content\/uploads\/2021\/08\/ponuda-1024x792.jpg 1024w, https:\/\/kijevo.hr\/wp-content\/uploads\/2021\/08\/ponuda-16x12.jpg 16w, https:\/\/kijevo.hr\/wp-content\/uploads\/2021\/08\/ponuda.jpg 1086w\" sizes=\"auto, (max-width: 750px) 100vw, 750px\" \/>\t\t\t\t\t\t\t\t\t\t\t\t\t\t\t<\/div>\n\t\t\t\t<\/div>\n\t\t\t\t\t<\/div>\n\t\t<\/div>\n\t\t\t\t\t\t\t<\/div>\n\t\t<\/section>\n\t\t\t\t<section class=\"elementor-section elementor-top-section elementor-element elementor-element-3b427e9 elementor-section-height-min-height elementor-section-items-stretch elementor-section-boxed elementor-section-height-default\" data-id=\"3b427e9\" data-element_type=\"section\" data-settings=\"{&quot;background_background&quot;:&quot;classic&quot;,&quot;motion_fx_motion_fx_scrolling&quot;:&quot;yes&quot;,&quot;motion_fx_translateY_effect&quot;:&quot;yes&quot;,&quot;motion_fx_translateY_speed&quot;:{&quot;unit&quot;:&quot;px&quot;,&quot;size&quot;:&quot;1.5&quot;,&quot;sizes&quot;:[]},&quot;background_motion_fx_motion_fx_scrolling&quot;:&quot;yes&quot;,&quot;background_motion_fx_devices&quot;:[&quot;desktop&quot;,&quot;tablet&quot;,&quot;mobile&quot;],&quot;motion_fx_translateY_affectedRange&quot;:{&quot;unit&quot;:&quot;%&quot;,&quot;size&quot;:&quot;&quot;,&quot;sizes&quot;:{&quot;start&quot;:0,&quot;end&quot;:100}},&quot;motion_fx_devices&quot;:[&quot;desktop&quot;,&quot;tablet&quot;,&quot;mobile&quot;]}\">\n\t\t\t\t\t\t<div class=\"elementor-container elementor-column-gap-default\">\n\t\t\t\t\t<div class=\"elementor-column elementor-col-100 elementor-top-column elementor-element elementor-element-5cbb64f\" data-id=\"5cbb64f\" data-element_type=\"column\" data-settings=\"{&quot;background_background&quot;:&quot;classic&quot;}\">\n\t\t\t<div class=\"elementor-widget-wrap elementor-element-populated\">\n\t\t\t\t\t\t\t\t<div class=\"elementor-element elementor-element-780dd23 elementor-widget elementor-widget-heading\" data-id=\"780dd23\" data-element_type=\"widget\" data-widget_type=\"heading.default\">\n\t\t\t\t<div class=\"elementor-widget-container\">\n\t\t\t<h2 class=\"elementor-heading-title elementor-size-default\">Turisti\u010dka odredi\u0161ta<\/h2>\t\t<\/div>\n\t\t\t\t<\/div>\n\t\t\t\t<div class=\"elementor-element elementor-element-cae99dd elementor-widget elementor-widget-text-editor\" data-id=\"cae99dd\" data-element_type=\"widget\" data-widget_type=\"text-editor.default\">\n\t\t\t\t<div class=\"elementor-widget-container\">\n\t\t\t\t\t\t\t<p>Oblikom i du\u017einom svojih stijena, duboko doima svakoga tko je ugleda. Dinara je postala simbolom najve\u0107eg planinskog lanca ne samo u Hrvatskoj, ve\u0107i i znatno \u0161ire, i dala mu je svoje ime; bogata je riznica svih povr\u0161inskih i podzemnih oblika \u0161to ih obuhva\u0107a pojam dinarskog krasa. Taj golemi masiv, prirodna granica izme\u0111u Dalmacije i Bosne, dijeli poput nepremostiva zida, dva razli\u010dita svijeta; mediteranski i kontinentalni. U povijesti Hrvata taj je zid imao va\u017enu, \u010desto i sudbonosnu ulogu. Pod njegovim je okriljem stvorena jezgra prve na\u0161e dr\u017eave, a stolje\u0107ima je bio brana turskim naletima.<\/p>\t\t\t\t\t\t<\/div>\n\t\t\t\t<\/div>\n\t\t\t\t<div class=\"elementor-element elementor-element-e90fdd8 elementor-align-left elementor-widget elementor-widget-button\" data-id=\"e90fdd8\" data-element_type=\"widget\" data-widget_type=\"button.default\">\n\t\t\t\t<div class=\"elementor-widget-container\">\n\t\t\t\t\t<div class=\"elementor-button-wrapper\">\n\t\t\t<a class=\"elementor-button elementor-button-link elementor-size-xs\" href=\"https:\/\/kijevo.hr\/?page_id=7419\">\n\t\t\t\t\t\t<span class=\"elementor-button-content-wrapper\">\n\t\t\t\t\t\t<span class=\"elementor-button-text\">Vi\u0161e<\/span>\n\t\t<\/span>\n\t\t\t\t\t<\/a>\n\t\t<\/div>\n\t\t\t\t<\/div>\n\t\t\t\t<\/div>\n\t\t\t\t\t<\/div>\n\t\t<\/div>\n\t\t\t\t\t\t\t<\/div>\n\t\t<\/section>\n\t\t\t\t\t\t\t<\/div>\n\t\t","protected":false},"excerpt":{"rendered":"<p>Turisti\u010dke zna\u010dajke Navike i interesi vremenom se mijenjaju. Sve \u010de\u0161\u0107e se putovi iz pravca mora okre\u0107u prema unutra\u0161njosti. Pri tom mijenjaju smjer putovanja, dolazi se u podru\u010dja koja ugodno iznenade svojom ljepotom i atraktivno\u0161\u0107u. Takvo podru\u010dje je i hrvatsko Podinarje. Ovaj \u017eivopisni prostor ukotvljen izme\u0111u visova Dinarida, svakako vrijedi do\u017eivjeti vlastitim emocijama. Obilje\u017een je tokom &hellip;<\/p>\n","protected":false},"author":1,"featured_media":0,"parent":0,"menu_order":0,"comment_status":"closed","ping_status":"closed","template":"template-fullwidth.php","meta":{"pgc_sgb_lightbox_settings":"","footnotes":""},"class_list":["post-7298","page","type-page","status-publish","hentry"],"aioseo_notices":[],"_links":{"self":[{"href":"https:\/\/kijevo.hr\/index.php?rest_route=\/wp\/v2\/pages\/7298","targetHints":{"allow":["GET"]}}],"collection":[{"href":"https:\/\/kijevo.hr\/index.php?rest_route=\/wp\/v2\/pages"}],"about":[{"href":"https:\/\/kijevo.hr\/index.php?rest_route=\/wp\/v2\/types\/page"}],"author":[{"embeddable":true,"href":"https:\/\/kijevo.hr\/index.php?rest_route=\/wp\/v2\/users\/1"}],"replies":[{"embeddable":true,"href":"https:\/\/kijevo.hr\/index.php?rest_route=%2Fwp%2Fv2%2Fcomments&post=7298"}],"version-history":[{"count":40,"href":"https:\/\/kijevo.hr\/index.php?rest_route=\/wp\/v2\/pages\/7298\/revisions"}],"predecessor-version":[{"id":7490,"href":"https:\/\/kijevo.hr\/index.php?rest_route=\/wp\/v2\/pages\/7298\/revisions\/7490"}],"wp:attachment":[{"href":"https:\/\/kijevo.hr\/index.php?rest_route=%2Fwp%2Fv2%2Fmedia&parent=7298"}],"curies":[{"name":"wp","href":"https:\/\/api.w.org\/{rel}","templated":true}]}}