{"id":7351,"date":"2021-08-29T17:37:52","date_gmt":"2021-08-29T17:37:52","guid":{"rendered":"https:\/\/kijevo.hr\/?page_id=7351"},"modified":"2021-08-29T17:48:22","modified_gmt":"2021-08-29T17:48:22","slug":"turisticke-znacajke","status":"publish","type":"page","link":"https:\/\/kijevo.hr\/?page_id=7351","title":{"rendered":"Turisti\u010dke zna\u010dajke"},"content":{"rendered":"\t\t<div data-elementor-type=\"wp-page\" data-elementor-id=\"7351\" class=\"elementor elementor-7351\" data-elementor-post-type=\"page\">\n\t\t\t\t\t\t\t\t\t<section class=\"elementor-section elementor-top-section elementor-element elementor-element-17a2a805 elementor-section-boxed elementor-section-height-default elementor-section-height-default\" data-id=\"17a2a805\" data-element_type=\"section\">\n\t\t\t\t\t\t<div class=\"elementor-container elementor-column-gap-default\">\n\t\t\t\t\t<div class=\"elementor-column elementor-col-100 elementor-top-column elementor-element elementor-element-53f09aef\" data-id=\"53f09aef\" data-element_type=\"column\">\n\t\t\t<div class=\"elementor-widget-wrap elementor-element-populated\">\n\t\t\t\t\t\t\t\t<div class=\"elementor-element elementor-element-239f4987 elementor-widget elementor-widget-text-editor\" data-id=\"239f4987\" data-element_type=\"widget\" data-widget_type=\"text-editor.default\">\n\t\t\t\t<div class=\"elementor-widget-container\">\n\t\t\t\t\t\t\t<p>Navike i interesi vremenom se mijenjaju. Sve \u010de\u0161\u0107e se putovi iz pravca mora okre\u0107u prema unutra\u0161njosti. Pri tom mijenjaju smjer putovanja, dolazi se u podru\u010dja koja ugodno iznenade svojom ljepotom i atraktivno\u0161\u0107u. Takvo podru\u010dje je i hrvatsko Podinarje.<\/p>\t\t\t\t\t\t<\/div>\n\t\t\t\t<\/div>\n\t\t\t\t<div class=\"elementor-element elementor-element-e6ac28f elementor-widget-divider--view-line elementor-widget elementor-widget-divider\" data-id=\"e6ac28f\" data-element_type=\"widget\" data-widget_type=\"divider.default\">\n\t\t\t\t<div class=\"elementor-widget-container\">\n\t\t\t\t\t<div class=\"elementor-divider\">\n\t\t\t<span class=\"elementor-divider-separator\">\n\t\t\t\t\t\t<\/span>\n\t\t<\/div>\n\t\t\t\t<\/div>\n\t\t\t\t<\/div>\n\t\t\t\t\t<\/div>\n\t\t<\/div>\n\t\t\t\t\t\t\t<\/div>\n\t\t<\/section>\n\t\t\t\t<section class=\"elementor-section elementor-top-section elementor-element elementor-element-4702d828 elementor-section-boxed elementor-section-height-default elementor-section-height-default\" data-id=\"4702d828\" data-element_type=\"section\">\n\t\t\t\t\t\t<div class=\"elementor-container elementor-column-gap-default\">\n\t\t\t\t\t<div class=\"elementor-column elementor-col-50 elementor-top-column elementor-element elementor-element-7a72559e\" data-id=\"7a72559e\" data-element_type=\"column\">\n\t\t\t<div class=\"elementor-widget-wrap elementor-element-populated\">\n\t\t\t\t\t\t\t\t<div class=\"elementor-element elementor-element-10330dec elementor-widget elementor-widget-heading\" data-id=\"10330dec\" data-element_type=\"widget\" data-widget_type=\"heading.default\">\n\t\t\t\t<div class=\"elementor-widget-container\">\n\t\t\t<h2 class=\"elementor-heading-title elementor-size-default\">Dinaridi<\/h2>\t\t<\/div>\n\t\t\t\t<\/div>\n\t\t\t\t<div class=\"elementor-element elementor-element-56cfc80 elementor-widget elementor-widget-text-editor\" data-id=\"56cfc80\" data-element_type=\"widget\" data-widget_type=\"text-editor.default\">\n\t\t\t\t<div class=\"elementor-widget-container\">\n\t\t\t\t\t\t\t<p>Ovaj \u017eivopisni prostor ukotvljen izme\u0111u visova Dinarida, svakako vrijedi do\u017eivjeti vlastitim emocijama. Obilje\u017een je tokom rijeke Cetine, koja izvire podno Dinare i vijuga od sjeverozapadnog dijela Cetinske krajine probijaju\u0107i se na mjestima kroz strmo, nepristupa\u010dno korito koje priti\u0161\u0107e s obje strane obale i izvorom i tokom Kr\u010di\u0107a, od kojeg nastaje impresivna rijeka Krka. Planine daju podru\u010dju tek prividno karakter bespu\u0107a.<\/p><p>Zemlja je i\u0161arana krivudavim putovima pokraj kojih su se ugnijezdili mali zaseoci uz malo plodne zemlje. Sve je to stvorilo uvjete za gor\u0161ta\u010dki \u017eivot zadr\u017eavaju\u0107i tradicionalnu formu \u017eivljenja gotovo sve do dana\u0161njih vremena.<\/p><p>Povijest je na ovom sjeci\u0161tu putova oblikovala sada\u0161njost vidljivu u tradicionalnim obi\u010d\u008dajima koji se i danas \u0161tuju. Tradicija i obi\u010daji, legende i sje\u0107anja o\u017eivljavaju se kroz razne manifestacije i narodna slavlja. U svojim slikovitim no\u0161njama, ljudi s ovih podru\u010dja prepoznatljivi su likovi na mnogim stranicama hrvatske literature: Dinko \u0160imunovi\u0107, Milan Begovi\u0107, Jakov Gotovac i dr.<\/p><div>\u00a0<\/div>\t\t\t\t\t\t<\/div>\n\t\t\t\t<\/div>\n\t\t\t\t<div class=\"elementor-element elementor-element-4156fe5 elementor-widget elementor-widget-image\" data-id=\"4156fe5\" data-element_type=\"widget\" data-widget_type=\"image.default\">\n\t\t\t\t<div class=\"elementor-widget-container\">\n\t\t\t\t\t\t\t\t\t\t\t\t\t\t\t<img loading=\"lazy\" decoding=\"async\" width=\"750\" height=\"580\" src=\"https:\/\/kijevo.hr\/wp-content\/uploads\/2021\/08\/znacajke-1024x792.jpg\" class=\"attachment-large size-large wp-image-7347\" alt=\"\" srcset=\"https:\/\/kijevo.hr\/wp-content\/uploads\/2021\/08\/znacajke-1024x792.jpg 1024w, https:\/\/kijevo.hr\/wp-content\/uploads\/2021\/08\/znacajke-300x232.jpg 300w, https:\/\/kijevo.hr\/wp-content\/uploads\/2021\/08\/znacajke-768x594.jpg 768w, https:\/\/kijevo.hr\/wp-content\/uploads\/2021\/08\/znacajke-16x12.jpg 16w, https:\/\/kijevo.hr\/wp-content\/uploads\/2021\/08\/znacajke.jpg 1086w\" sizes=\"auto, (max-width: 750px) 100vw, 750px\" \/>\t\t\t\t\t\t\t\t\t\t\t\t\t\t\t<\/div>\n\t\t\t\t<\/div>\n\t\t\t\t\t<\/div>\n\t\t<\/div>\n\t\t\t\t<div class=\"elementor-column elementor-col-50 elementor-top-column elementor-element elementor-element-1d325e0d\" data-id=\"1d325e0d\" data-element_type=\"column\">\n\t\t\t<div class=\"elementor-widget-wrap elementor-element-populated\">\n\t\t\t\t\t\t\t\t<div class=\"elementor-element elementor-element-1f5266b9 elementor-widget elementor-widget-image\" data-id=\"1f5266b9\" data-element_type=\"widget\" data-widget_type=\"image.default\">\n\t\t\t\t<div class=\"elementor-widget-container\">\n\t\t\t\t\t\t\t\t\t\t\t\t\t\t\t<img loading=\"lazy\" decoding=\"async\" width=\"750\" height=\"580\" src=\"https:\/\/kijevo.hr\/wp-content\/uploads\/2021\/08\/ponuda2-1024x792.jpg\" class=\"attachment-large size-large wp-image-7346\" alt=\"\" srcset=\"https:\/\/kijevo.hr\/wp-content\/uploads\/2021\/08\/ponuda2-1024x792.jpg 1024w, https:\/\/kijevo.hr\/wp-content\/uploads\/2021\/08\/ponuda2-300x232.jpg 300w, https:\/\/kijevo.hr\/wp-content\/uploads\/2021\/08\/ponuda2-768x594.jpg 768w, https:\/\/kijevo.hr\/wp-content\/uploads\/2021\/08\/ponuda2-16x12.jpg 16w, https:\/\/kijevo.hr\/wp-content\/uploads\/2021\/08\/ponuda2.jpg 1086w\" sizes=\"auto, (max-width: 750px) 100vw, 750px\" \/>\t\t\t\t\t\t\t\t\t\t\t\t\t\t\t<\/div>\n\t\t\t\t<\/div>\n\t\t\t\t<div class=\"elementor-element elementor-element-692b1d4d elementor-widget elementor-widget-text-editor\" data-id=\"692b1d4d\" data-element_type=\"widget\" data-widget_type=\"text-editor.default\">\n\t\t\t\t<div class=\"elementor-widget-container\">\n\t\t\t\t\t\t\t<p>U dana\u0161nje vrijeme hrvatsko Podinarje privla\u010di posjetitelje iz cijele Hrvatske, ali i inozemstva. Ljudi \u017eeljni dru\u017eenja s prirodom na\u0161li su na ovom prostoru podru\u010dje koje predstavlja stalni izazov i poti\u010de avanturisti\u010dki duh.<\/p><p>Prilago\u0111avaju\u0107i se zahtjevima modernog turista, kraj se stalno mijenja pru\u017eaju\u0107i nove usluge u \u017eelji da zadovolji svakog posjetitelja. Izme\u0111u ostalog, uz Kijevo je vezana impozantna planina Dinara, koja predstavlja prirodnu granicu tzv. Gorske Dalmacije i Bosne, razdvajaju\u0107i poput nepremostiva zida dva razli\u010dita svijeta: mediteranski i kontinentalni. Ova planina nudi fantasti\u010dne mogu\u0107nosti rekreacije i upoznavanja raznih prirodnih fenomena, biljnog i \u017eivotinjskog svijeta, a tu je i njezin vrh Sinjal (1831 m) najvi\u0161i vrh u Hrvatskoj. Tu je i drugo kulturno, povijesno i prirodno naslje\u0111e kojim obiluje ovaj kraj.<\/p><p>Ono \u0161to \u0107e na kraju svojih putova ponijeti u sje\u0107anju ne\u0107e biti samo turisti\u010dke atrakcije, nego ponajvi\u0161e doma\u0107ini \u010dije gostoprimstvo ostaje kao ugodan okus na nepcima nakon ukusnog zalogaja. Sve silnice prirodne i ljudske ljepote ovdje susre\u0107u i \u010dine magiju \u010dija \u0107e vas toplina dugo grijati.<\/p>\t\t\t\t\t\t<\/div>\n\t\t\t\t<\/div>\n\t\t\t\t\t<\/div>\n\t\t<\/div>\n\t\t\t\t\t\t\t<\/div>\n\t\t<\/section>\n\t\t\t\t\t\t\t<\/div>\n\t\t","protected":false},"excerpt":{"rendered":"<p>Navike i interesi vremenom se mijenjaju. Sve \u010de\u0161\u0107e se putovi iz pravca mora okre\u0107u prema unutra\u0161njosti. Pri tom mijenjaju smjer putovanja, dolazi se u podru\u010dja koja ugodno iznenade svojom ljepotom i atraktivno\u0161\u0107u. Takvo podru\u010dje je i hrvatsko Podinarje. Dinaridi Ovaj \u017eivopisni prostor ukotvljen izme\u0111u visova Dinarida, svakako vrijedi do\u017eivjeti vlastitim emocijama. Obilje\u017een je tokom rijeke &hellip;<\/p>\n","protected":false},"author":1,"featured_media":0,"parent":7298,"menu_order":0,"comment_status":"closed","ping_status":"closed","template":"template-fullwidth-alt.php","meta":{"pgc_sgb_lightbox_settings":"","footnotes":""},"class_list":["post-7351","page","type-page","status-publish","hentry"],"aioseo_notices":[],"_links":{"self":[{"href":"https:\/\/kijevo.hr\/index.php?rest_route=\/wp\/v2\/pages\/7351","targetHints":{"allow":["GET"]}}],"collection":[{"href":"https:\/\/kijevo.hr\/index.php?rest_route=\/wp\/v2\/pages"}],"about":[{"href":"https:\/\/kijevo.hr\/index.php?rest_route=\/wp\/v2\/types\/page"}],"author":[{"embeddable":true,"href":"https:\/\/kijevo.hr\/index.php?rest_route=\/wp\/v2\/users\/1"}],"replies":[{"embeddable":true,"href":"https:\/\/kijevo.hr\/index.php?rest_route=%2Fwp%2Fv2%2Fcomments&post=7351"}],"version-history":[{"count":34,"href":"https:\/\/kijevo.hr\/index.php?rest_route=\/wp\/v2\/pages\/7351\/revisions"}],"predecessor-version":[{"id":7388,"href":"https:\/\/kijevo.hr\/index.php?rest_route=\/wp\/v2\/pages\/7351\/revisions\/7388"}],"up":[{"embeddable":true,"href":"https:\/\/kijevo.hr\/index.php?rest_route=\/wp\/v2\/pages\/7298"}],"wp:attachment":[{"href":"https:\/\/kijevo.hr\/index.php?rest_route=%2Fwp%2Fv2%2Fmedia&parent=7351"}],"curies":[{"name":"wp","href":"https:\/\/api.w.org\/{rel}","templated":true}]}}