{"id":7709,"date":"2021-09-22T10:03:47","date_gmt":"2021-09-22T10:03:47","guid":{"rendered":"https:\/\/kijevo.hr\/?page_id=7709"},"modified":"2026-02-16T11:52:30","modified_gmt":"2026-02-16T11:52:30","slug":"akti","status":"publish","type":"page","link":"https:\/\/kijevo.hr\/?page_id=7709","title":{"rendered":"Akti"},"content":{"rendered":"\n<h2 class=\"wp-block-heading\"><strong>GODI\u0160NJI PLANOVI RADA OP\u0106INE KIJEVO<\/strong><\/h2>\n\n\n\n<div class=\"wp-block-file\"><a id=\"wp-block-file--media-6fb2fc0f-aec7-4f6a-a812-2b78068650ac\" href=\"https:\/\/kijevo.hr\/wp-content\/uploads\/2025\/12\/Godisnji-plan-rada-Opcine-Kijevo-za-2026.-godinu.pdf\">Godi\u0161nji plan rada Op\u0107ine Kijevo za 2026. godinu<\/a><\/div>\n\n\n\n<h2 class=\"wp-block-heading\"><strong>PROVEDBENI PROGRAM OP\u0106INE KIJEVO ZA RAZDOBLJE OD 2025. DO 2029. GODIINE<\/strong><\/h2>\n\n\n\n<div class=\"wp-block-file\"><a id=\"wp-block-file--media-39f28ee5-d84d-485c-8a63-067f522983a6\" href=\"https:\/\/kijevo.hr\/wp-content\/uploads\/2025\/09\/Provedbeni-program-Opcine-KIjevo-za-razdoblje-2025.-2029.pdf\">Provedbeni program Op\u0107ine KIjevo za razdoblje 2025.-2029<\/a><\/div>\n\n\n\n<div class=\"wp-block-file\"><a id=\"wp-block-file--media-c3cadc88-96aa-49e4-bea0-358b2e52d3b5\" href=\"https:\/\/kijevo.hr\/wp-content\/uploads\/2025\/09\/Prilog-1-Prikaz-provedbenog-programa-Opcine-Kijevo.pdf\">Prilog 1 &#8211; Prikaz provedbenog programa Op\u0107ine Kijevo<\/a><\/div>\n\n\n\n<div class=\"wp-block-file\"><a id=\"wp-block-file--media-f23c7942-8bb2-4abd-8438-ae5610ca1636\" href=\"https:\/\/kijevo.hr\/wp-content\/uploads\/2025\/09\/Odluka-o-usvajanju-Provedbenog-programa-Opcine-Kijevo-2025.-2029.pdf\">Odluka o usvajanju Provedbenog programa Op\u0107ine Kijevo 2025.-2029.<\/a><\/div>\n\n\n\n<h2 class=\"wp-block-heading\"><strong>STRATE\u0160KI PLAN OP\u0106INE KIJEVO 2024. &#8211; 2027.<\/strong><\/h2>\n\n\n\n<div class=\"wp-block-file\"><a id=\"wp-block-file--media-e9a34a98-56c2-43bc-b22e-470cdf3135c1\" href=\"https:\/\/kijevo.hr\/wp-content\/uploads\/2025\/01\/Godisnji-plan_Opcina-Kijevo.pdf\">Godi\u0161nji plan Op\u0107ina Kijevo<\/a><\/div>\n\n\n\n<div class=\"wp-block-file\"><a id=\"wp-block-file--media-af9a4027-89bd-442d-9ebc-c31c8f51ccd7\" href=\"https:\/\/kijevo.hr\/wp-content\/uploads\/2025\/01\/Strateski-plan_Opcina-Kijevo.pdf\">Strate\u0161ki plan Op\u0107ina Kijevo<br><\/a><\/div>\n\n\n\n<p><\/p>\n\n\n\n<h2 class=\"wp-block-heading\"><strong>NADZOR NAD UPRAVLJANJEM KOMUNALNOM INFRASTRUKTUROM<\/strong><\/h2>\n\n\n\n<div class=\"wp-block-file\"><a id=\"wp-block-file--media-0a7c6eb1-8a2c-4e65-b62e-83a8dfc43925\" href=\"https:\/\/kijevo.hr\/wp-content\/uploads\/2025\/01\/Analiza-i-vrednovanje-ucinaka-upravljanja-kom.-infrastrukturom_2024.god_.pdf\">Analiza i vrednovanje u\u010dinaka upravljanja kom. infrastrukturom_2024.god.<\/a><\/div>\n\n\n\n<div class=\"wp-block-file\"><a id=\"wp-block-file--media-717b1a26-3b6b-4a1b-a97b-8c3a05859e0c\" href=\"https:\/\/kijevo.hr\/wp-content\/uploads\/2024\/10\/Odluka-o-kriterijima-i-pokazatejima-ucinkovitosti-kom.-infrastrukturom.pdf\">Odluka o kriterijima i pokazateljima u\u010dinkovitosti kom. infrastrukturom na podru\u010dju Op\u0107ine Kijevo_2024.<\/a><\/div>\n\n\n\n<p><\/p>\n\n\n\n<p><\/p>\n\n\n\n<h2 class=\"wp-block-heading\"><strong><em>POPIS UDJELA \u010cLANOVA OP\u0106INSKOG VIJE\u0106A OP\u0106INE KIJEVO U VLASNI\u0160TVU POSLOVNOG SUBJEKTA<\/em><\/strong><\/h2>\n\n\n\n<p>Sukladno \u010dlanku 4. stavak 3. Zakona o sprje\u010davanju sukoba interesa (\u201eNarodne novine\u201c,  br. 143\/21) \u2013 u daljnjem tekstu: Zakon, propisano je da je \u010dlan predstavni\u010dkog tijela du\u017ean pisanim putem u roku od 15 dana od stupanja na du\u017enost ili stjecanja udjela obavijestiti predsjednika predstavni\u010dkog tijela ako ima 5 % ili vi\u0161e udjela u vlasni\u0161tvu poslovnog subjekta.<\/p>\n\n\n\n<p>Temeljem stavka 4. istog \u010dlanka propisano je da se popis udjela iz stavka 3. objavljuje i redovito a\u017eurira na mre\u017enim stranicama jedinice lokalne i podru\u010dne (regionalne) samouprave.<\/p>\n\n\n\n<p>Prema \u010dlanku 5. stavku 1. to\u010dka 5. Zakona propisano je da se pod poslovnim subjektima podrazumijevaju trgova\u010dka dru\u0161tva, ustanove i druge pravne osobe te drugi subjekti poslovnih odnosa kao \u0161to su obrti, zadruge, obiteljska poljoprivredna gospodarstva i nositelji samostalnih djelatnosti te nositelji i \u010dlanovi drugih poslovnih subjekata osnovanih na temelju zakona.<\/p>\n\n\n\n<p>Sukladno izjavama vije\u0107nika Op\u0107inskog vije\u0107a Op\u0107ine Kijevo danih na temelju spomenutog \u010dlanka 4. stavak 3. Zakona utvr\u0111uje se <strong><em>popis udjela \u010dlanova Op\u0107inskog vije\u0107a Op\u0107ine Kijevo u vlasni\u0161tvu poslovnog subjekta prema tablici u nastavku:<\/em><\/strong><\/p>\n\n\n\n<div class=\"wp-block-file\"><a id=\"wp-block-file--media-12db9ce9-5d3b-48f3-abfa-76bade258b20\" href=\"https:\/\/kijevo.hr\/wp-content\/uploads\/2023\/06\/Popis-udjela-u-vlasnistvu-poslovnih-subjekata-clanova-predstavnickog-tijela.pdf\">Popis-udjela-u-vlasnistvu-poslovnih-subjekata-clanova-predstavnickog-tijela<br><\/a><\/div>\n\n\n\n<p><\/p>\n\n\n\n<h2 class=\"wp-block-heading\"><strong><em>GODI\u0160NJI PLAN RASPISIVANJA NATJE\u010cAJA I JAVNIH POZIVA ZA FINANCIJSKE POTORE PROJEKTIMA I PROGRAMIMA KOJE PROVODE UDRUGE NA PODRU\u010cJU OP\u0106INE KIJEVO<\/em><\/strong><\/h2>\n\n\n\n<div class=\"wp-block-file\"><a id=\"wp-block-file--media-e54c52f6-0b83-45fc-86cd-ec7d42a216e5\" href=\"https:\/\/kijevo.hr\/wp-content\/uploads\/2026\/01\/Godisnji-plan-raspisivanja-1.pdf\">GODI\u0160NJI-PLAN -raspisivanja-natjecaja-i-javnih-poziva-za-financijske-potpore-projektima-i-programima-koje-provode-udruge-na-podru\u010dju-Op\u0107ine-Kijevo-u-2026.-godini<\/a><\/div>\n\n\n\n<div class=\"wp-block-file\"><a id=\"wp-block-file--media-bec53894-8963-475d-8b18-e54741f55714\" href=\"https:\/\/kijevo.hr\/wp-content\/uploads\/2025\/01\/Godisnji-plan.pdf\">GODI\u0160NJI-PLAN -raspisivanja-natjecaja-i-javnih-poziva-za-financijske-potpore-projektima-i-programima-koje-provode-udruge-na-podru\u010dju-Op\u0107ine-Kijevo-u-2025.-godini <\/a><\/div>\n\n\n\n<div class=\"wp-block-file\"><a id=\"wp-block-file--media-3ed96d76-a361-4ec1-afae-4c45e1b84e64\" href=\"https:\/\/kijevo.hr\/wp-content\/uploads\/2024\/01\/GODISNJI_PLAN_raspisivanja-natjecaja-1.pdf\">GODISNJI-PLAN-raspisivanja-natjecaja-i-javnih-poziva-za-financijske-potpore-projektima-i-programima-koje-provode-udruge-na-podru\u010dju-Op\u0107ine-Kijevo-u-2024.-godini<\/a><\/div>\n\n\n\n<div class=\"wp-block-file\"><a id=\"wp-block-file--media-af7c0eec-10be-4c42-865c-d31b6fc8bfaf\" href=\"https:\/\/kijevo.hr\/wp-content\/uploads\/2023\/06\/I.-Izmjene-i-dopune-Godisnjeg-plana-raspisivanj-natjecaja-i-javnih-pozivs-za-financijske-potpore-UDRUGE.pdf\">I.-Izmjene-i-dopune-Godisnjeg-plana-raspisivanj-natjecaja-i-javnih-pozivs-za-financijske-potpore-projektima-i-programima-koje-provode-udruge-na-podru\u010dju-Op\u0107ine-Kijevo-u-2023.-godini<\/a><\/div>\n\n\n\n<div class=\"wp-block-file\"><a id=\"wp-block-file--media-27c50388-291d-4215-a6fe-66c5cfae9eca\" href=\"https:\/\/kijevo.hr\/wp-content\/uploads\/2023\/01\/Godisnji-plan-raspisivanja-natjecaja-i-javnih-poziva-za-financijske-potpore-Udrugama.pdf\">Godisnji-plan-raspisivanja-natjecaja-i-javnih-poziva-za-financijske-potpore-projektima-i-programima-koje-provode-udruge-na-podru\u010dju-Op\u0107ine-Kijevo-u-2023.-godini<br><br><\/a><\/div>\n\n\n\n<h2 class=\"wp-block-heading\"><strong>STRATEGIJA RAZVOJA OP\u0106INE KIJEVO ZA RAZDOBLJE 2022. &#8211; 2027.<\/strong><\/h2>\n\n\n\n<div class=\"wp-block-file\"><a id=\"wp-block-file--media-8c3d2788-04f0-41ee-b1db-14a53d5a408c\" href=\"https:\/\/kijevo.hr\/wp-content\/uploads\/2025\/01\/STRATEGIJA-RAZVOJA-OPCINE-KIJEVO-ZA-RAZDOBLJE-OD-2022.-DO-2027.-GODINE.pdf\">STRATEGIJA RAZVOJA OP\u0106INE KIJEVO ZA RAZDOBLJE OD 2022. DO 2027. GODINE<\/a><\/div>\n\n\n\n<h2 class=\"wp-block-heading\"><strong><em>PROVEDBENI PROGRAM OP\u0106INE KIJEVO ZA RAZDOBLJE 2021. &#8211; 2025.<\/em><\/strong><\/h2>\n\n\n\n<div class=\"wp-block-file\"><a id=\"wp-block-file--media-b7146a19-d570-4371-8132-0bd06532c96c\" href=\"https:\/\/kijevo.hr\/wp-content\/uploads\/2026\/02\/GODISNJE-IZVJESCE.pdf\">GODI\u0160NJE IZVJE\u0160\u0106E O PROVEDBI PROVEDBENOG PROGRAMA ZA 2025. GODINU<\/a><\/div>\n\n\n\n<div class=\"wp-block-file\"><a id=\"wp-block-file--media-62ac09b5-d7d1-4491-b67a-de39109c743c\" href=\"https:\/\/kijevo.hr\/wp-content\/uploads\/2026\/02\/PRILOG-1.pdf\">PRILOG 1. Tabli\u010dni prikaz godi\u0161njeg izvje\u0161\u0107a o provedbi provedbenog programa za 2025. godinu<\/a><\/div>\n\n\n\n<div class=\"wp-block-file\"><a id=\"wp-block-file--media-1f5b67e4-78eb-4dbb-a79b-a03272312764\" href=\"https:\/\/kijevo.hr\/wp-content\/uploads\/2025\/01\/GODISNJE-IZVJESCE-O-PROVEDBI-PROVEDBENOG-ROGRAMA-ZA-2024.-GODINU.pdf\">GODI\u0160NJE IZVJE\u0160\u0106E O PROVEDBI PROVEDBENOG PROGRAMA ZA 2024. GODINU<\/a><\/div>\n\n\n\n<div class=\"wp-block-file\"><a id=\"wp-block-file--media-13b9ad62-7a00-402d-b551-f138e7d2aa3a\" href=\"https:\/\/kijevo.hr\/wp-content\/uploads\/2025\/01\/Tablicni-prikaz-Izvjesce-o-provedbi-provedbenog-programa.pdf\">Tabli\u010dni prikaz godi\u0161njeg izvje\u0161\u0107e o provedbi provedbenog programa za 2024. godinu<\/a><\/div>\n\n\n\n<div class=\"wp-block-file\"><a id=\"wp-block-file--media-52cf759c-19f9-4c83-b7fe-684529bd8aff\" href=\"https:\/\/kijevo.hr\/wp-content\/uploads\/2024\/02\/Godisnje-izvjesce-o-provedbi-provedbenog-programa-za-2023.-godinu.pdf\">Godisnje-izvjesce-o-provedbi-provedbenog-programa-za-2023.-godinu<\/a><\/div>\n\n\n\n<div class=\"wp-block-file\"><a id=\"wp-block-file--media-15ad263e-7562-4178-a6ff-407e4ab335ca\" href=\"https:\/\/kijevo.hr\/wp-content\/uploads\/2024\/02\/Tablicni-prikaz-godisnjeg-izvjesca-o-provedbi-provedbenog-programa-za-2023.-godinu.pdf\">Tablicni-prikaz-godisnjeg-izvjesca-o-provedbi-provedbenog-programa-za-2023.-godinu<\/a><\/div>\n\n\n\n<div class=\"wp-block-file\"><a id=\"wp-block-file--media-63084abb-68ca-4553-86b7-cc23249d1bb6\" href=\"https:\/\/kijevo.hr\/wp-content\/uploads\/2023\/01\/Godisnje-izvjesce-o-provedbi-provedbenog-programa-za-2022.-1.pdf\">Godisnje-izvjesce-o-provedbi-provedbenog-programa-za-2022.<\/a><\/div>\n\n\n\n<div class=\"wp-block-file\"><a id=\"wp-block-file--media-0d44ae34-630b-4b4e-a687-cc3652835396\" href=\"https:\/\/kijevo.hr\/wp-content\/uploads\/2023\/01\/Prilog-1-.-Tablicni-predlozak-za-izradu-godisnjeg-izvjesca-o-provedbi-1.xlsx\">Prilog-1-Tablicni-predlozak-za-izradu-godisnjeg-izvjesca-o-provedbi-2022.-godina<\/a><\/div>\n\n\n\n<div class=\"wp-block-file\"><a id=\"wp-block-file--media-ada927dc-4e76-4226-af78-1e6c4aca2418\" href=\"https:\/\/kijevo.hr\/wp-content\/uploads\/2022\/09\/Polugodisnje-izvjesce-o-provedbi-provedbenog-programa-za-2022.-godinu.pdf\">Polugodi\u0161nje izvje\u0161\u0107e o provedbi provedbenog programa za 2022. godinu<\/a><\/div>\n\n\n\n<div class=\"wp-block-file\"><a id=\"wp-block-file--media-b7023dba-d7a1-4284-be02-f084c70e604a\" href=\"https:\/\/kijevo.hr\/wp-content\/uploads\/2022\/09\/Prilog-1-.-Tablicni-predlozak-za-izradu-polugodisnjeg-izvjesca-o-provedbi.xlsx\">Prilog 1 . Tabli\u010dni predlo\u017eak za izradu polugodi\u0161njeg izvje\u0161\u0107a o provedbi<\/a><\/div>\n\n\n\n<div class=\"wp-block-file\"><a id=\"wp-block-file--media-74646663-31d9-4736-9884-52e54121473d\" href=\"https:\/\/kijevo.hr\/wp-content\/uploads\/2022\/10\/Provedbeni-program-Opcine-Kijevo-za-razdoblje-2021.-2025..pdf\">PROVEDBENI PROGRAM OP\u0106INE KIJEVO za razdoblje &nbsp;2021. \u2013 2025..<\/a><\/div>\n\n\n\n<div class=\"wp-block-file\"><a id=\"wp-block-file--media-c3c312ba-9dd5-4106-aa3e-3cc392a9e302\" href=\"https:\/\/kijevo.hr\/wp-content\/uploads\/2022\/10\/PRILOG-1.-Terminski-akcijski-i-financijski-plan-provedbe-razvojnih-mjera.xlsx\">PRILOG 1. &#8211; Terminski, akcijski i financijski plan provedbe razvojnih mjera<\/a><\/div>\n","protected":false},"excerpt":{"rendered":"<p>GODI\u0160NJI PLANOVI RADA OP\u0106INE KIJEVO PROVEDBENI PROGRAM OP\u0106INE KIJEVO ZA RAZDOBLJE OD 2025. DO 2029. GODIINE STRATE\u0160KI PLAN OP\u0106INE KIJEVO 2024. &#8211; 2027. NADZOR NAD UPRAVLJANJEM KOMUNALNOM INFRASTRUKTUROM POPIS UDJELA \u010cLANOVA OP\u0106INSKOG VIJE\u0106A OP\u0106INE KIJEVO U VLASNI\u0160TVU POSLOVNOG SUBJEKTA Sukladno \u010dlanku 4. stavak 3. Zakona o sprje\u010davanju sukoba interesa (\u201eNarodne novine\u201c, br. 143\/21) \u2013 u &hellip;<\/p>\n","protected":false},"author":1,"featured_media":0,"parent":7707,"menu_order":0,"comment_status":"closed","ping_status":"closed","template":"","meta":{"pgc_sgb_lightbox_settings":"","footnotes":""},"class_list":["post-7709","page","type-page","status-publish","hentry"],"aioseo_notices":[],"_links":{"self":[{"href":"https:\/\/kijevo.hr\/index.php?rest_route=\/wp\/v2\/pages\/7709","targetHints":{"allow":["GET"]}}],"collection":[{"href":"https:\/\/kijevo.hr\/index.php?rest_route=\/wp\/v2\/pages"}],"about":[{"href":"https:\/\/kijevo.hr\/index.php?rest_route=\/wp\/v2\/types\/page"}],"author":[{"embeddable":true,"href":"https:\/\/kijevo.hr\/index.php?rest_route=\/wp\/v2\/users\/1"}],"replies":[{"embeddable":true,"href":"https:\/\/kijevo.hr\/index.php?rest_route=%2Fwp%2Fv2%2Fcomments&post=7709"}],"version-history":[{"count":24,"href":"https:\/\/kijevo.hr\/index.php?rest_route=\/wp\/v2\/pages\/7709\/revisions"}],"predecessor-version":[{"id":10384,"href":"https:\/\/kijevo.hr\/index.php?rest_route=\/wp\/v2\/pages\/7709\/revisions\/10384"}],"up":[{"embeddable":true,"href":"https:\/\/kijevo.hr\/index.php?rest_route=\/wp\/v2\/pages\/7707"}],"wp:attachment":[{"href":"https:\/\/kijevo.hr\/index.php?rest_route=%2Fwp%2Fv2%2Fmedia&parent=7709"}],"curies":[{"name":"wp","href":"https:\/\/api.w.org\/{rel}","templated":true}]}}