{"id":7719,"date":"2021-09-22T10:06:24","date_gmt":"2021-09-22T10:06:24","guid":{"rendered":"https:\/\/kijevo.hr\/?page_id=7719"},"modified":"2026-04-20T10:21:22","modified_gmt":"2026-04-20T10:21:22","slug":"financijska-izvjesca-i-proracun","status":"publish","type":"page","link":"https:\/\/kijevo.hr\/?page_id=7719","title":{"rendered":"Financijska izvje\u0161\u0107a i prora\u010dun"},"content":{"rendered":"\n<div class=\"wp-block-columns is-layout-flex wp-container-core-columns-is-layout-9d6595d7 wp-block-columns-is-layout-flex\">\n<div class=\"wp-block-column is-layout-flow wp-block-column-is-layout-flow\">\n<h2 class=\"wp-block-heading\">2026.<\/h2>\n\n\n\n<div class=\"wp-block-file\"><a id=\"wp-block-file--media-6b935427-f1a6-4d57-9761-318b7ce9fe6a\" href=\"https:\/\/kijevo.hr\/wp-content\/uploads\/2026\/04\/13.-Odluka-o-raspodjeli-rezultata-za-2025.doc\">3.  Odluka o raspodjeli rezultata za 2025.<\/a><\/div>\n\n\n\n<div class=\"wp-block-file\"><a id=\"wp-block-file--media-8a425951-7a80-4d54-b82d-e42bd829265e\" href=\"https:\/\/kijevo.hr\/wp-content\/uploads\/2026\/04\/12a.-Zakljucak-o-prihvacanju-izvjesca-o-izvrsenju-Proracuna-za-I-XII-2024.doc\">2.  Zaklju\u010dak o prihva\u0107anju izvje\u0161\u0107a o izvr\u0161enju Prora\u010duna za I-XII  2025.<\/a><\/div>\n\n\n\n<div class=\"wp-block-file\"><a id=\"wp-block-file--media-5d06c335-054f-4b8e-bbe8-cfc932a720ff\" href=\"https:\/\/kijevo.hr\/wp-content\/uploads\/2026\/04\/11.-IZVRS-PRORAC-I-XII-2025-.docx\">1.A.  GODI\u0160NJI IZVJE\u0160TAJ O IZVR\u0160 PRORA\u010c I-XII 2025_(obja\u0161njenje)<\/a><\/div>\n\n\n\n<div class=\"wp-block-file\"><a id=\"wp-block-file--media-02091d6c-f5a0-4c4b-ab88-39bc4c0928b8\" href=\"https:\/\/kijevo.hr\/wp-content\/uploads\/2026\/04\/12.-IZVRS-PRORAC-I-XII-2025-.xls\">1. IZVR\u0160 PRORA\u010c I-XII 2025<\/a><\/div>\n\n\n\n<h2 class=\"wp-block-heading\">2025.<\/h2>\n\n\n\n<div class=\"wp-block-file\"><a id=\"wp-block-file--media-3b002caa-178c-4483-8731-8014a12f173b\" href=\"https:\/\/kijevo.hr\/wp-content\/uploads\/2025\/12\/Vodic-za-gradane-Opcine-Kijevo-za-2026.-godinu.pdf\">12. Vodic-za-gradane-Opcine-Kijevo-za-2026.-godinu<\/a><\/div>\n\n\n\n<div class=\"wp-block-file\"><a id=\"wp-block-file--media-2ad4aa39-3618-45af-b9e9-ccc38af252a2\" href=\"https:\/\/kijevo.hr\/wp-content\/uploads\/2025\/12\/10.-ODLUKA-O-IZVRSENJA-PRORACUNA-OPCINE-KIJEVO.docx\">11. ODLUKA O IZVR\u0160ENJA PRORA\u010cUNA OP\u0106INE KIJEVO ZA 2026. GODINU<\/a><\/div>\n\n\n\n<div class=\"wp-block-file\"><a id=\"wp-block-file--media-a3f9c483-01d5-4194-b09b-1f493439b7c5\" href=\"https:\/\/kijevo.hr\/wp-content\/uploads\/2025\/12\/9.-Odluka-o-usvjanju-Proracuna-Opcine-Kijevo-2026.docx\">10. a. . Odluka-o-usvjanju-Proracuna-Op\u0107ine-Kijevo-2026.<\/a><\/div>\n\n\n\n<div class=\"wp-block-file\"><a id=\"wp-block-file--media-bb5cb1d9-5e5e-4356-9ac0-f3e91a00783e\" href=\"https:\/\/kijevo.hr\/wp-content\/uploads\/2025\/12\/9.-Plan-Proracuna-2026.pdf\">10.Prora\u010dun za 2026. s projekcijama za 2027. i 2028. g.<\/a><\/div>\n\n\n\n<div class=\"wp-block-file\"><a id=\"wp-block-file--media-19ae273c-d7ef-42b2-b4c7-4101fa162fc1\" href=\"https:\/\/kijevo.hr\/wp-content\/uploads\/2025\/12\/REBALANS-PRORACUNA-2025.xlsx\">9. REBALANS PRORA\u010cUNA 2025<\/a><\/div>\n\n\n\n<div class=\"wp-block-file\"><a id=\"wp-block-file--media-e802c304-4472-47f8-94b8-bd4b6657c2ea\" href=\"https:\/\/kijevo.hr\/wp-content\/uploads\/2025\/12\/Vijece-Obrazlozenje-prijedloga-Proracuna-Opcine-Kijevo-2025.doc\">8. Obrazlo\u017eenje-prijedloga-Prora\u010duna-Op\u0107ine-Kijevo 2026<\/a><\/div>\n\n\n\n<div class=\"wp-block-file\"><a id=\"wp-block-file--media-25ec7d46-c814-46cb-9f9a-9607b02c2a1f\" href=\"https:\/\/kijevo.hr\/wp-content\/uploads\/2025\/12\/Prijedlog-Proracuna-Opcine-Kijevo-za-2026.-godinu-projekcijama-za-2027.-i-2028.-godinu.pdf\">7. Nacrt Prijedloga Prora\u010duna Op\u0107ine Kijevo za 2026. godinu  projekcijama za 2027. i 2028. godinu<\/a><\/div>\n\n\n\n<div class=\"wp-block-file\"><a id=\"wp-block-file--media-43146dd7-1a97-445b-be3f-f4560da74077\" href=\"https:\/\/kijevo.hr\/wp-content\/uploads\/2025\/12\/3.-Zakljucak-o-prihvacanju-izvjesca-o-izvrsenju-Proracuna-za-I-VI-2023.doc\">6. Zaklju\u010dak o prihva\u0107anju izvje\u0161\u0107a o izvr\u0161enju Prora\u010duna za I-VI  2025<\/a><\/div>\n\n\n\n<div class=\"wp-block-file\"><a id=\"wp-block-file--media-cc2e05c9-6e8f-4c93-afcd-dac45ce34a0f\" href=\"https:\/\/kijevo.hr\/wp-content\/uploads\/2025\/12\/3.B.-Obrazlozenje_polugodisnje-2025-Opcina-Kijevo.docx\">5. Polugodi\u0161nji izvje\u0161taj o izvr\u0161enju Prora\u010duna I-VI  2025 (obja\u0161njenje)<\/a><\/div>\n\n\n\n<div class=\"wp-block-file\"><a id=\"wp-block-file--media-91312416-7748-4032-b9e6-8417d706b6ad\" href=\"https:\/\/kijevo.hr\/wp-content\/uploads\/2025\/12\/3.A.-IZVRS-PRORAC-I-VI-2025-.xls\">4. Polugodi\u0161nji izvje\u0161taj o izvr\u0161enju Prora\u010duna  I-VI 2025<\/a><\/div>\n\n\n\n<div class=\"wp-block-file\"><a id=\"wp-block-file--media-e581eaf4-27ff-429f-9540-99d9c60ecd8a\" href=\"https:\/\/kijevo.hr\/wp-content\/uploads\/2025\/03\/12.-Odluka-o-raspodjeli-2024.doc\">3. Odluka o raspodjeli-rezultata-poslovanja-2024<\/a><\/div>\n\n\n\n<div class=\"wp-block-file\"><a id=\"wp-block-file--media-f29b5049-fbe9-4d7f-8a7d-49c490c78249\" href=\"https:\/\/kijevo.hr\/wp-content\/uploads\/2025\/03\/13.-Zakljucak-o-prihvacanju-izvjesca-o-izvrsenju-Proracuna-za-I-XII-2024.doc\">2.  Zaklju\u010dak o prihva\u0107anju Izvje\u0161\u0107a o izvr\u0161enju Prora\u010duna za I-XII  2024.<\/a><\/div>\n\n\n\n<div class=\"wp-block-file\"><a id=\"wp-block-file--media-5873afd3-f124-4dee-a073-eaa905e0c07e\" href=\"https:\/\/kijevo.hr\/wp-content\/uploads\/2025\/03\/11.-IZVRS-PRORAC-I-XII-2024-.xls\">1. GODI\u0160NJI_IZVJE\u0160TAJ_O_IZVR\u0160ENJU_PRORA\u010cUNA I-XII 2024<\/a><\/div>\n\n\n\n<div class=\"wp-block-file\"><a id=\"wp-block-file--media-df6d2e71-e0ab-45e5-97c0-02de9183db69\" href=\"https:\/\/kijevo.hr\/wp-content\/uploads\/2026\/04\/fInancijskih_izvjestaj_-2025-RAZINA-22.xlsx\">fInancijskih_izvjestaj_  2025 RAZINA 22<\/a><\/div>\n\n\n\n<div class=\"wp-block-file\"><a id=\"wp-block-file--media-e96573d8-1a99-4f21-b538-075b2a75487c\" href=\"https:\/\/kijevo.hr\/wp-content\/uploads\/2026\/04\/Biljeske-uz-financijske-izvjestaje-razine-22-za-I-XII-2025-1.docx\">Bilje\u0161ke uz financijske izvje\u0161taje razine 22 za I &#8211; XII 2025 (1)<\/a><\/div>\n\n\n\n<h2 class=\"wp-block-heading\">2024<\/h2>\n\n\n\n<div class=\"wp-block-file\"><a id=\"wp-block-file--media-d6b9e351-cf84-43eb-8c1d-04346513a03e\" href=\"https:\/\/kijevo.hr\/wp-content\/uploads\/2024\/12\/Vodic-za-gradane-Opcine-Kijevo-za-2025.-godinu.docx\">11. Vodic-za-gradane-Opcine-Kijevo-za-2025.-godinu<\/a><\/div>\n\n\n\n<div class=\"wp-block-file\"><a id=\"wp-block-file--media-52299bc5-06c4-4192-b6cd-826878eba6ff\" href=\"https:\/\/kijevo.hr\/wp-content\/uploads\/2024\/12\/10.-ODLUKA-O-IZVRSENJA-PRORACUNA-OPCINE-KIJEVO.docx\">10. ODLUKA O IZVR\u0160ENJA PRORA\u010cUNA OP\u0106INE KIJEVO ZA 2025.<\/a><\/div>\n\n\n\n<div class=\"wp-block-file\"><a id=\"wp-block-file--media-aa9b4ab9-07ca-4bce-a7c7-61c3083e5363\" href=\"https:\/\/kijevo.hr\/wp-content\/uploads\/2024\/12\/9.-PRORACUN-ZA-2025.-PROJEKCIJA-2026.-i-2027.xlsx\">9. PRORA\u010cUN  ZA 2025. PROJEKCIJA 2026. i 2027<\/a><\/div>\n\n\n\n<div class=\"wp-block-file\"><a id=\"wp-block-file--media-025e90b1-70c9-4aa4-bdda-0a246b5d221e\" href=\"https:\/\/kijevo.hr\/wp-content\/uploads\/2024\/12\/REBALANS-PRORACUN-ZA-2024.xlsx\">8. REBALANS PRORA\u010cUN  ZA 2024.<\/a><\/div>\n\n\n\n<div class=\"wp-block-file\"><a id=\"wp-block-file--media-90045539-a72e-430e-9c26-2224eeae27af\" href=\"https:\/\/kijevo.hr\/wp-content\/uploads\/2024\/12\/Obrazlozenje-prijedloga-Proracuna-Opcine-Kijevo-2025.doc\">7. Obrazlo\u017eenje-prijedloga-Prora\u010duna-Op\u0107ine-Kijevo 2025.<\/a><\/div>\n\n\n\n<div class=\"wp-block-file\"><a id=\"wp-block-file--media-e25708f4-ab90-45c7-8f9f-61d7ff1d5e95\" href=\"https:\/\/kijevo.hr\/wp-content\/uploads\/2024\/12\/PRIJEDOG-PRORACUN-ZA-2025.-PROJEKCIJA-2026.-i-2027.xlsx\">6. NACRT PRIJEDOGA PRORA\u010cUNA  ZA 2025. S PROJEKCIJA 2026. i 2027<\/a><\/div>\n\n\n\n<div class=\"wp-block-file\"><a id=\"wp-block-file--media-ad31a827-aac1-46cd-9d1f-72d20a29edcb\" href=\"https:\/\/kijevo.hr\/wp-content\/uploads\/2024\/10\/3.b.-Zakljucak-o-prihvacanju-izvjesca-o-izvrsenju-Proracuna-za-I-VI-2024.doc\">5.  Zaklju\u010dak o prihva\u0107anju izvje\u0161\u0107a o izvr\u0161enju Prora\u010duna za I-VI  2024<\/a><\/div>\n\n\n\n<div class=\"wp-block-file\"><a id=\"wp-block-file--media-e7fdac72-e592-4906-8e0c-0adb4302f1c0\" href=\"https:\/\/kijevo.hr\/wp-content\/uploads\/2024\/10\/3.a.-Izvjestaj-o-izvrsenju-proracuna-1-6-2024-objasnjenje.docx\">4.a. Polugodi\u0161nji Izvje\u0161taj  o izvr\u0161enju Prora\u010duna I-VI 2024 &#8211; obja\u0161njenje<\/a><\/div>\n\n\n\n<div class=\"wp-block-file\"><a id=\"wp-block-file--media-6d10bc05-7bc2-44fe-9ca6-fce9d9571ea2\" href=\"https:\/\/kijevo.hr\/wp-content\/uploads\/2024\/10\/3.-IZVRS-PRORAC-I-VI-2024-.xls\">4.  Polugodi\u0161nji izvje\u0161taj o izvr\u0161enju Prora\u010duna I-VI 2024<\/a><\/div>\n\n\n\n<div class=\"wp-block-file\"><a id=\"wp-block-file--media-f29fa086-8ad4-437d-aa65-2d5e2e56066e\" href=\"https:\/\/kijevo.hr\/wp-content\/uploads\/2024\/09\/7.-Odluka-o-raspodjeli-2023.doc\">3. Odluka o raspodjeli-rezultata-poslovanja-2023<\/a><\/div>\n\n\n\n<div class=\"wp-block-file\"><a id=\"wp-block-file--media-50ef0598-e79d-49d2-8b54-417b96b292fe\" href=\"https:\/\/kijevo.hr\/wp-content\/uploads\/2024\/09\/8.-Zakljucak-o-prihvacanju-izvjesca-o-izvrsenju-Proracuna-za-I-XII-2022.doc\">2.  Zaklju\u010dak o prihva\u0107anju izvje\u0161\u0107a o izvr\u0161enju Prora\u010duna za I-XII  2023.<\/a><\/div>\n\n\n\n<div class=\"wp-block-file\"><a id=\"wp-block-file--media-23b9d851-152d-4b7d-9ad0-98354682b3a3\" href=\"https:\/\/kijevo.hr\/wp-content\/uploads\/2024\/09\/6.-.-IZVRS-PRORAC-I-XII-2023-.xls\">1. GODI\u0160NJI IZVJE\u0160TAJ O IZVR\u0160 PRORA\u010c I-XII 2023<\/a><\/div>\n\n\n\n<div class=\"wp-block-file\"><a id=\"wp-block-file--media-4f711f5f-efc7-4ade-b5a1-92d79825feaa\" href=\"https:\/\/kijevo.hr\/wp-content\/uploads\/2026\/04\/FINANCIJSKI-IZVJESTAJ-1-12-2024-22.xlsx\">FINANCIJSKI IZVJE\u0160TAJ 1 -12 2024 ( 22)<\/a><\/div>\n\n\n\n<div class=\"wp-block-file\"><a id=\"wp-block-file--media-7212f38e-6a9f-4e80-87c4-5291d2b8b1ae\" href=\"https:\/\/kijevo.hr\/wp-content\/uploads\/2026\/04\/Biljeske-1-12-2024-Opcina-Kijevo-razina-22.docx\">Bilje\u0161ke 1-12 2024- Op\u0107ina Kijevo razina 22<\/a><\/div>\n\n\n\n<h2 class=\"wp-block-heading\">2023<\/h2>\n\n\n\n<div class=\"wp-block-file\"><a id=\"wp-block-file--media-a780cd4d-7204-4d10-96a5-a031fa3a5eac\" href=\"https:\/\/kijevo.hr\/wp-content\/uploads\/2023\/12\/Vodic-za-gradane-Opcine-Kijevo-za-2024.-godinu.pdf\">12. Vodi\u010d-za-gra\u0111ane-Op\u0107ine-Kijevo-za-2024.-godinu<\/a><\/div>\n\n\n\n<div class=\"wp-block-file\"><a id=\"wp-block-file--media-1c8067fe-11b7-41c8-97c3-734eaba8ea6a\" href=\"https:\/\/kijevo.hr\/wp-content\/uploads\/2023\/12\/10.Odluka-o-izvrsavanju-proracuna-Opcine-Kijevo-2024.docx\">11. Odluka-o-izvrsavanju-prora\u010duna-Op\u0107ine-Kijevo-2024<\/a><\/div>\n\n\n\n<div class=\"wp-block-file\"><a id=\"wp-block-file--media-b9766ebc-0e88-4505-a037-353d674ec473\" href=\"https:\/\/kijevo.hr\/wp-content\/uploads\/2023\/12\/9.-PRORACUN-ZA-2024.PROJEKCIJA-2025.-I-2026-1.xlsx\">10. PRORACUN-ZA-2024.PROJEKCIJA-2025.-I-2026.-GODINU<\/a><\/div>\n\n\n\n<div class=\"wp-block-file\"><a id=\"wp-block-file--media-ba54fd64-0f8a-43e2-bbc2-a60663e5c411\" href=\"https:\/\/kijevo.hr\/wp-content\/uploads\/2023\/12\/7.-REBALANS-PRORACUN-ZA-2023-1.xlsx\">9.REBALANS-PRORA\u010cUNA-ZA-2023-GODINU<\/a><\/div>\n\n\n\n<div class=\"wp-block-file\"><a id=\"wp-block-file--media-ff28a21a-fc41-4cc8-a7ca-f9252e286c61\" href=\"https:\/\/kijevo.hr\/wp-content\/uploads\/2023\/12\/Vijece-Obrazlozenje-prijedloga-Proracuna-Opcine-Kijevo-2024-1.doc\">8. Obrazlo\u017eenje-prijedloga-Prora\u010duna-Opcine-Kijevo-2024<\/a><\/div>\n\n\n\n<div class=\"wp-block-file\"><a id=\"wp-block-file--media-d4db009e-3cae-4277-aa63-901ba1c144ad\" href=\"https:\/\/kijevo.hr\/wp-content\/uploads\/2023\/12\/Nacrt-prijedloga-Proracuna-Opcine-Kijevo-za-2024.-godinu-s-projekcijama-za-2025.-i-2026.-godinu-1.pdf\">7. Nacrt-prijedloga-Prora\u010duna-Op\u0107ine-Kijevo-za-2024.-godinu-s-projekcijama-za-2025.-i-2026.-godinu<\/a><\/div>\n\n\n\n<div class=\"wp-block-file\"><a id=\"wp-block-file--media-8d74b269-1bdc-4a29-b7a7-ae2d8dc825a8\" href=\"https:\/\/kijevo.hr\/wp-content\/uploads\/2023\/12\/3.-Zakljucak-o-prihvacanju-izvjesca-o-izvrsenju-Proracuna-za-I-VI-2023.doc\">6.-Zaklju\u010dak-o-prihva\u0107anju-izvje\u0161\u0107a-o-izvr\u0161enju-Proracuna-za-I-VI-2023<\/a><\/div>\n\n\n\n<div class=\"wp-block-file\"><a id=\"wp-block-file--media-d07ee9f3-102c-41f1-b297-80bc20ced0c6\" href=\"https:\/\/kijevo.hr\/wp-content\/uploads\/2023\/12\/2.-IZVRS-PRORAC-I-VI-2023-.xls\">5. Polugodi\u0161nji-izvje\u0161taj-o-izvr\u0161enju-Prora\u010duna-I-VI-2023<\/a><\/div>\n\n\n\n<div class=\"wp-block-file\"><a id=\"wp-block-file--media-53d3df7b-575f-41bd-b063-d8da406c21cf\" href=\"https:\/\/kijevo.hr\/wp-content\/uploads\/2023\/03\/7.-Odluka-o-raspodjeli-rezultata-poslovanja_2022.doc\">4.-Odluka-o-raspodjeli-rezultata-poslovanja_2022<\/a><\/div>\n\n\n\n<div class=\"wp-block-file\"><a id=\"wp-block-file--media-15e756f8-18d9-4923-a991-69a23aaf0a30\" href=\"https:\/\/kijevo.hr\/wp-content\/uploads\/2023\/03\/8.-Zakljucak-o-prihvacanju-izvjesca-o-izvrsenju-Proracuna-za-I-XII-2022.doc\">3.-Zakljucak-o-prihvacanju-izvjesca-o-izvrsenju-Proracuna-za-I-XII-2022<\/a><\/div>\n\n\n\n<div class=\"wp-block-file\"><a id=\"wp-block-file--media-3c7e9415-b712-4c07-87db-a8c54d5210a4\" href=\"https:\/\/kijevo.hr\/wp-content\/uploads\/2023\/03\/6.a.-Godisnji-izvjestaj-za-2022-objasnjenje.docx\">2.-Godisnji-izvjestaj-za-2022-objasnjenje<\/a><\/div>\n\n\n\n<div class=\"wp-block-file\"><a id=\"wp-block-file--media-c41ee649-16f3-44cb-b6a7-ab167d821e48\" href=\"https:\/\/kijevo.hr\/wp-content\/uploads\/2023\/03\/6.-GODISNJI-IZVJESTAJ-IZVRS-PRORAC-I-XII-2022-1.xls\">1.-GODISNJI-IZVJESTAJ-IZVRS-PRORAC-I-XII-2022-1<\/a><\/div>\n\n\n\n<div class=\"wp-block-file\"><a id=\"wp-block-file--media-4edf0116-9273-4d2d-8c48-9f9494292790\" href=\"https:\/\/kijevo.hr\/wp-content\/uploads\/2026\/04\/Financijski-izvjestaj-I-XII-2023-razina-22.xlsx\">Financijski izvje\u0161taj I-XII 2023 razina 22<\/a><\/div>\n\n\n\n<div class=\"wp-block-file\"><a id=\"wp-block-file--media-68daaf8d-5f0a-4ba5-ae45-6245d1898ab2\" href=\"https:\/\/kijevo.hr\/wp-content\/uploads\/2026\/04\/Biljeske-1-12-2023-Opcina-Kijevo-razina-22.docx\">Bilje\u0161ke 1-12 2023- Op\u0107ina Kijevo razina 22<\/a><\/div>\n\n\n\n<h2 class=\"wp-block-heading\" id=\"2022\">2022<\/h2>\n\n\n\n<div class=\"wp-block-file\"><a id=\"wp-block-file--media-9f185e5e-7a58-485e-8499-8e41cff80442\" href=\"https:\/\/kijevo.hr\/wp-content\/uploads\/2023\/01\/img20230119_09312359.pdf\">9. Obrazlo\u017eenje-prijedloga-Prora\u010duna-Op\u0107ine-Kijevo-2023-Vodic-za-gra\u0111ane<\/a><\/div>\n\n\n\n<div class=\"wp-block-file\"><a id=\"wp-block-file--media-e63ad7da-2ae6-4873-ace8-a6b8f7be659a\" href=\"https:\/\/kijevo.hr\/wp-content\/uploads\/2023\/01\/REBALANS-PRORACUN-ZA-2022.RAZVOJNI-PROJEKTI.xlsx\">8. REBALANS-PRORACUNA-ZA-2022.-GODINU<\/a><\/div>\n\n\n\n<div class=\"wp-block-file\"><a id=\"wp-block-file--media-92d6ea95-b211-4e37-972e-ce52d17d3dbd\" href=\"https:\/\/kijevo.hr\/wp-content\/uploads\/2023\/01\/9.-PRORACUN-ZA-2023.PROJEKCIJARAZVOJNI-PROJEKTI.xlsx\">7.-PRORACUN-ZA-OP\u0106INU-KIJEVO-ZA -2023-GODINU<\/a><\/div>\n\n\n\n<div class=\"wp-block-file\"><a id=\"wp-block-file--media-40f96431-9555-428c-a124-3d727fc9e78c\" href=\"https:\/\/kijevo.hr\/wp-content\/uploads\/2022\/10\/6.-Polugodisnji-izvjestaj-o-izvrsenju-proracuna-I-VI-2022.-objasnjenje.docx\">6.-Polugodisnji-izvjestaj-o-izvrsenju-proracuna-I-VI-2022.-objasnjenje<\/a><\/div>\n\n\n\n<div class=\"wp-block-file\"><a id=\"wp-block-file--media-bbe61c2a-37f2-4fa8-9520-a8a095e1ed64\" href=\"https:\/\/kijevo.hr\/wp-content\/uploads\/2022\/10\/5.-Polugodisnji-izvjestaj-o-izvrsenju-proracuna-I-VI-2022-2.xls\">5.-Polugodisnji-izvjestaj-o-izvrsenju-proracuna-I-VI-2022-2<\/a><\/div>\n\n\n\n<div class=\"wp-block-file\"><a id=\"wp-block-file--media-351c70aa-55ab-4033-9c7b-d594ed63468f\" href=\"https:\/\/kijevo.hr\/wp-content\/uploads\/2022\/10\/4.-Zakljucak-o-prihvacanju-izvjesca-o-izvrsenju-Proracuna-za-I-VI-2022.doc\">4.-Zakljucak-o-prihvacanju-izvjesca-o-izvrsenju-Proracuna-za-I-VI-2022<\/a><\/div>\n\n\n\n<div class=\"wp-block-file\"><a id=\"wp-block-file--media-10e6e956-eca0-48ca-a391-72e9d5aee30e\" href=\"https:\/\/kijevo.hr\/wp-content\/uploads\/2022\/10\/3.-Godisnji-izvjestaj-o-izvrsenju-proracuna-za-I-XII-2021-objasnjenje.docx\">3.-Godisnji-izvjestaj-o-izvrsenju-proracuna-za-I-XII-2021-objasnjenje<\/a><\/div>\n\n\n\n<div class=\"wp-block-file\"><a id=\"wp-block-file--media-08a32562-bc6b-454e-8e29-7ac5285a0c0a\" href=\"https:\/\/kijevo.hr\/wp-content\/uploads\/2022\/10\/2.-Godisnji-izvjestaj-o-izvrsenju-proracuna-I-XII-2021.xls\">2.-Godisnji-izvjestaj-o-izvrsenju-proracuna-I-XII-2021<\/a><\/div>\n\n\n\n<div class=\"wp-block-file\"><a id=\"wp-block-file--media-6489401f-f41c-4df8-8928-3255c5a99750\" href=\"https:\/\/kijevo.hr\/wp-content\/uploads\/2022\/10\/1.-Zakljucak-o-prihvacanju-izvjesca-o-izvrsenju-Proracuna-za-I-XII-2021.-godine.doc\">1.-Zakljucak-o-prihvacanju-izvjesca-o-izvrsenju-Proracuna-za-I-XII-2021.-godine<\/a><\/div>\n\n\n\n<h2 class=\"wp-block-heading\" id=\"2021\">2021<\/h2>\n\n\n\n<div class=\"wp-block-file\"><a id=\"wp-block-file--media-7fb9ab26-f9f1-43ef-b41b-2348f9c65f67\" href=\"https:\/\/kijevo.hr\/wp-content\/uploads\/2022\/10\/Obrazlozenje-prijedloga-Proracuna-Opcine-Kijevo-2022-Vodic-za-gradane.doc\">Obrazlozenje-prijedloga-Proracuna-Opcine-Kijevo-2022-Vodic-za-gradane<\/a><\/div>\n\n\n\n<div class=\"wp-block-file\"><a id=\"wp-block-file--media-a2afb5f0-131c-49cd-aed7-7337cefdd1f5\" href=\"https:\/\/kijevo.hr\/wp-content\/uploads\/2022\/10\/7.-REBALANS-PRORACUN-ZA-2021.-GODINU.xlsx\">7.-REBALANS-PRORACUN-ZA-2021.-GODINU<\/a><\/div>\n\n\n\n<div class=\"wp-block-file\"><a id=\"wp-block-file--media-8e2ed297-135c-439d-8d8e-5ae74844dfd5\" href=\"https:\/\/kijevo.hr\/wp-content\/uploads\/2022\/10\/6.-PRORACUN-OPCINE-KIJEVO-ZA-2022.-GODINU.xlsx\">6.-PRORACUN-OPCINE-KIJEVO-ZA-2022.-GODINU<\/a><\/div>\n\n\n\n<div class=\"wp-block-file\"><a id=\"wp-block-file--media-8fb9d514-b6a8-483f-8ef3-cfb74cb0fc96\" href=\"https:\/\/kijevo.hr\/wp-content\/uploads\/2022\/10\/5.-Polugodisnji-izvjestaj-o-izvrsenju-proracuna-Opcine-Kijevo-za-I-VI-2021.-objasnjenje.docx\">5.-Polugodisnji-izvjestaj-o-izvrsenju-proracuna-Opcine-Kijevo-za-I-VI-2021.-objasnjenje<\/a><\/div>\n\n\n\n<div class=\"wp-block-file\"><a id=\"wp-block-file--media-a3fd7f0c-7fa1-4950-bd84-f050a0f5813d\" href=\"https:\/\/kijevo.hr\/wp-content\/uploads\/2022\/10\/4.-Polugodisnji-izvjestaj-o-izvrsenju-proracuna-I-VI-2021..xls\">4.-Polugodisnji-izvjestaj-o-izvrsenju-proracuna-I-VI-2021.<\/a><\/div>\n\n\n\n<div class=\"wp-block-file\"><a id=\"wp-block-file--media-878de574-3494-4a47-bbc5-3f5da2505b11\" href=\"https:\/\/kijevo.hr\/wp-content\/uploads\/2022\/10\/3.-Zakljucak-o-prihvacanju-izvjesca-o-Izvrsenju-Proracuna-za-I-VI-2021.doc\">3.-Zakljucak-o-prihvacanju-izvjesca-o-Izvrsenju-Proracuna-za-I-VI-2021<\/a><\/div>\n\n\n\n<div class=\"wp-block-file\"><a id=\"wp-block-file--media-ecff6d93-271f-414f-8de3-a82df0a03792\" href=\"https:\/\/kijevo.hr\/wp-content\/uploads\/2022\/10\/2.-Godisnji-izvjestaj-o-izvrsenju-proracuna-I-XII-202O.-godine.xls\">2.-Godisnji-izvjestaj-o-izvrsenju-proracuna-I-XII-202O.-godine<\/a><\/div>\n\n\n\n<div class=\"wp-block-file\"><a id=\"wp-block-file--media-225b362e-4c62-464d-af4e-314ad97af875\" href=\"https:\/\/kijevo.hr\/wp-content\/uploads\/2022\/10\/1.-Zakljucak-o-prihvacanju-izvjesca-o-izvrsenju-Proracuna-za-I-XII-2020.doc\">1.-Zakljucak-o-prihvacanju-izvjesca-o-izvrsenju-Proracuna-za-I-XII-2020<\/a><\/div>\n<\/div>\n<\/div>\n\n\n\n<div class=\"wp-block-file\"><a id=\"wp-block-file--media-48c253bb-bb55-4d4b-b75d-d445a3fd3a27\" href=\"https:\/\/kijevo.hr\/wp-content\/uploads\/2022\/02\/Biljeske-za-2021.-godinu.doc\">Biljeske-za-2021.-godinu<\/a><\/div>\n\n\n\n<div class=\"wp-block-file\"><a id=\"wp-block-file--media-24c5c79d-6e0c-4bcc-bdd6-6d76df11d580\" href=\"https:\/\/kijevo.hr\/wp-content\/uploads\/2022\/02\/FINANCIJSKO-IZVJESCA-1-12-2021.xls\">FINANCIJSKO-IZVJESCA-1-12-2021<\/a><\/div>\n\n\n\n<div class=\"wp-block-columns is-layout-flex wp-container-core-columns-is-layout-9d6595d7 wp-block-columns-is-layout-flex\">\n<div class=\"wp-block-column is-layout-flow wp-block-column-is-layout-flow\">\n<h2 class=\"wp-block-heading\" id=\"2020\">2020<\/h2>\n\n\n\n<div class=\"wp-block-file\"><a id=\"wp-block-file--media-7d8caaa5-14cb-43f6-8404-7ba4465ae517\" href=\"https:\/\/kijevo.hr\/wp-content\/uploads\/2022\/11\/Obrazlozenje-Proracuna-Opcine-Kijevo-za-2021.doc\">Obrazlozenje-Proracuna-Opcine-Kijevo-za-2021<\/a><\/div>\n\n\n\n<div class=\"wp-block-file\"><a id=\"wp-block-file--media-5f99042b-1155-478b-bb35-06f540fdf612\" href=\"https:\/\/kijevo.hr\/wp-content\/uploads\/2022\/11\/PRORACUN-ZA-2021.PROJEKCIJARAZVOJNI-PROJEKTI.xlsx\">PRORACUN-ZA-2021.PROJEKCIJARAZVOJNI-PROJEKTI<\/a><\/div>\n\n\n\n<div class=\"wp-block-file\"><a id=\"wp-block-file--media-b54b0ed7-596a-4fe7-b843-c7557ba4f3d8\" href=\"https:\/\/kijevo.hr\/wp-content\/uploads\/2022\/11\/REBALANS-PRORACUN-ZA-2020.RAZVOJNI-PROJEKTI.xlsx\">REBALANS-PRORACUN-ZA-2020.RAZVOJNI-PROJEKTI<\/a><\/div>\n\n\n\n<hr class=\"wp-block-separator has-text-color has-black-color has-css-opacity has-black-background-color has-background is-style-wide\"\/>\n\n\n\n<div class=\"wp-block-file\"><a id=\"wp-block-file--media-92b632bc-4d06-4fc1-8e85-1d2a799e8dcc\" href=\"https:\/\/kijevo.hr\/wp-content\/uploads\/2022\/10\/Obrazlozenje-prijedloga-Proracuna-Opcine-Kijevo-2021-Vodic-za-gradane.doc\">Obrazlozenje-prijedloga-Proracuna-Opcine-Kijevo-2021-Vodic-za-gradane<\/a><\/div>\n\n\n\n<div class=\"wp-block-file\"><a id=\"wp-block-file--media-7fe74979-1c79-4ac1-bd90-a1b0d4c6772f\" href=\"https:\/\/kijevo.hr\/wp-content\/uploads\/2021\/09\/Biljeske-za-2020.-godinu.doc\">Biljeske za 2020. godinu<\/a><\/div>\n\n\n\n<div class=\"wp-block-file\"><a id=\"wp-block-file--media-7a158f64-a345-4883-89ca-527e51fc0595\" href=\"https:\/\/kijevo.hr\/wp-content\/uploads\/2021\/09\/Financijsko-Izvjesce-za-2020-1.xls\">Financijsko Izvjesce-za 2020 1<\/a><\/div>\n\n\n\n<div class=\"wp-block-file\"><a id=\"wp-block-file--media-84560ed7-ff52-4aeb-8541-9fbbf27d51fb\" href=\"https:\/\/kijevo.hr\/wp-content\/uploads\/2021\/09\/Prijedlog-Proracuna-Opcine-Kijevo-za-2021.-godinu.pdf\">Prijedlog Proracuna Opcine Kijevo za 2021. godinu<\/a><\/div>\n\n\n\n<div class=\"wp-block-file\"><a id=\"wp-block-file--media-aaee320e-2d89-4b48-8299-fc3b3f84f2a6\" href=\"https:\/\/kijevo.hr\/wp-content\/uploads\/2021\/09\/Zakljucak-o-prihvacanju-izvjesca-o-izvrsenju-Proracuna-za-I-Vi.2020..doc\">Zakljucak o prihvacanju izvjesca o izvrsenju Proracuna za I-Vi.2020.<\/a><\/div>\n\n\n\n<div class=\"wp-block-file\"><a id=\"wp-block-file--media-a0c2c877-2981-4c76-a34d-b0af2fb3d55d\" href=\"https:\/\/kijevo.hr\/wp-content\/uploads\/2021\/09\/Polugodisnji-izvjestaj-I-VI.2020.-objasnjenje.docx\">Polugodisnji izvjestaj I-VI.2020. &#8211; objasnjenje<\/a><\/div>\n\n\n\n<div class=\"wp-block-file\"><a id=\"wp-block-file--media-72547d60-a18a-44a5-b43d-d7e19545c701\" href=\"https:\/\/kijevo.hr\/wp-content\/uploads\/2021\/09\/Izvrsenje-Proracuna-Opcine-Kijevo-I-VI.2020.xls\">Izvrsenje Proracuna Opcine Kijevo I-VI.2020<\/a><\/div>\n<\/div>\n\n\n\n<div class=\"wp-block-column is-layout-flow wp-block-column-is-layout-flow\">\n<h2 class=\"wp-block-heading\" id=\"2019\">2019<\/h2>\n\n\n\n<hr class=\"wp-block-separator has-css-opacity is-style-default\"\/>\n\n\n\n<div class=\"wp-block-file\"><a id=\"wp-block-file--media-2f44c49e-b898-4451-832c-e137ab9eeace\" href=\"https:\/\/kijevo.hr\/wp-content\/uploads\/2022\/10\/Obrazlozenje-prijedloga-Proracuna-Opcine-Kijevo-2020-Vodic-za-gradane.doc\">Obrazlozenje-prijedloga-Proracuna-Opcine-Kijevo-2020-Vodic-za-gradane<\/a><\/div>\n\n\n\n<div class=\"wp-block-file\"><a id=\"wp-block-file--media-a9a8b5cf-3406-4169-a5c9-a836fca5bdc2\" href=\"https:\/\/kijevo.hr\/wp-content\/uploads\/2021\/09\/Izvjesce-o-izvrsenju-programa-odrzavanja-komunalne-infrastrukture-za-2019..doc\">Izvjesce o izvrsenju programa odrzavanja komunalne infrastrukture za 2019.<\/a><\/div>\n\n\n\n<div class=\"wp-block-file\"><a id=\"wp-block-file--media-b645a22a-822d-4dea-b6e2-8d3c35f3f112\" href=\"https:\/\/kijevo.hr\/wp-content\/uploads\/2021\/09\/Izvjesce-o-izvrsenju-programa-gradje-komunalne-infrastrukture-za-2019.doc\">Izvjesce o izvrsenju programa gradje komunalne infrastrukture za 2019<\/a><\/div>\n\n\n\n<div class=\"wp-block-file\"><a id=\"wp-block-file--media-1c96a9d4-d4fe-4fb6-886f-d35e6030f52d\" href=\"https:\/\/kijevo.hr\/wp-content\/uploads\/2021\/09\/Zakljucak-o-prihvacanju-zvjesca-o-izvrsenju-proracuna-za-2019..doc\">Zakljucak o prihvacanju izvjesca o izvrsenju proracuna za 2019.<\/a><\/div>\n\n\n\n<div class=\"wp-block-file\"><a id=\"wp-block-file--media-9446e79f-8068-4e27-83fa-a02f1bc9a9cf\" href=\"https:\/\/kijevo.hr\/wp-content\/uploads\/2021\/09\/Izvrsenje-plana-razvojnih-projekata-za-2019.godinu.xlsx\">Izvrsenje plana razvojnih projekata za 2019.godinu<\/a><\/div>\n\n\n\n<div class=\"wp-block-file\"><a id=\"wp-block-file--media-498f7af0-2c48-43d3-ac0e-7ba2c74931a1\" href=\"https:\/\/kijevo.hr\/wp-content\/uploads\/2021\/09\/Godisnji-izvjestaj-za-2019.godinu.docx\">Godisnji izvjestaj za 2019.godinu<\/a><\/div>\n<\/div>\n<\/div>\n\n\n\n<p><\/p>\n","protected":false},"excerpt":{"rendered":"<p>2026. 2025. 2024 2023 2022 2021 2020 2019<\/p>\n","protected":false},"author":1,"featured_media":0,"parent":0,"menu_order":0,"comment_status":"closed","ping_status":"closed","template":"","meta":{"pgc_sgb_lightbox_settings":"","footnotes":""},"class_list":["post-7719","page","type-page","status-publish","hentry"],"aioseo_notices":[],"_links":{"self":[{"href":"https:\/\/kijevo.hr\/index.php?rest_route=\/wp\/v2\/pages\/7719","targetHints":{"allow":["GET"]}}],"collection":[{"href":"https:\/\/kijevo.hr\/index.php?rest_route=\/wp\/v2\/pages"}],"about":[{"href":"https:\/\/kijevo.hr\/index.php?rest_route=\/wp\/v2\/types\/page"}],"author":[{"embeddable":true,"href":"https:\/\/kijevo.hr\/index.php?rest_route=\/wp\/v2\/users\/1"}],"replies":[{"embeddable":true,"href":"https:\/\/kijevo.hr\/index.php?rest_route=%2Fwp%2Fv2%2Fcomments&post=7719"}],"version-history":[{"count":41,"href":"https:\/\/kijevo.hr\/index.php?rest_route=\/wp\/v2\/pages\/7719\/revisions"}],"predecessor-version":[{"id":10461,"href":"https:\/\/kijevo.hr\/index.php?rest_route=\/wp\/v2\/pages\/7719\/revisions\/10461"}],"wp:attachment":[{"href":"https:\/\/kijevo.hr\/index.php?rest_route=%2Fwp%2Fv2%2Fmedia&parent=7719"}],"curies":[{"name":"wp","href":"https:\/\/api.w.org\/{rel}","templated":true}]}}