{"id":7721,"date":"2021-09-22T10:06:47","date_gmt":"2021-09-22T10:06:47","guid":{"rendered":"https:\/\/kijevo.hr\/?page_id=7721"},"modified":"2021-10-04T11:10:29","modified_gmt":"2021-10-04T11:10:29","slug":"strategija-i-akcijski-plan","status":"publish","type":"page","link":"https:\/\/kijevo.hr\/?page_id=7721","title":{"rendered":"Strategija i akcijski plan"},"content":{"rendered":"\n<p>Poziv za prikupljanje projektnih ideja za izradu Strategije razvoja Op\u0107ine Kijevo za razdoblje od 2015.-2020.<\/p>\n\n\n\n<p>Op\u0107ina Kijevo, kao nositelj izrade Strategije razvoja poziva sve zainteresirane tvrtke, obrte, poljoprivredna gospodarstva, zadruge, javne ustanove, institucije, organizacije civilnog dru\u0161tva te gra\u0111ane da prijave svoje projektne ideje koje mogu pridonijeti pobolj\u0161anju kvalitete \u017eivota stanovnika na podru\u010dju Op\u0107ine Kijevo.<\/p>\n\n\n\n<p>Upitnik za izradu kataloga razvojnih ideja, projekata i inicijativa mo\u017eete preuzeti u prostorijama Op\u0107ine Kijevo i na web stranici www.kijevo.hr.<br>Molimo da popunjeni upitnik dostavite na mail: opcina-kijevo@si.t-com.hr ili na adresu Op\u0107ina Kijevo,Bajani 12,22310 Kijevo najkasnije do 31.05.2016.godine.<\/p>\n\n\n\n<p>Op\u0107ina Kijevo<br><\/p>\n\n\n\n<div class=\"wp-block-file\"><a href=\"https:\/\/kijevo.hr\/wp-content\/uploads\/2021\/10\/Strategija-razvoja-Opcine-Kijevo.pdf\">Strategija razvoja Op\u0107ine Kijevo<\/a><\/div>\n\n\n\n<p><br><\/p>\n","protected":false},"excerpt":{"rendered":"<p>Poziv za prikupljanje projektnih ideja za izradu Strategije razvoja Op\u0107ine Kijevo za razdoblje od 2015.-2020. Op\u0107ina Kijevo, kao nositelj izrade Strategije razvoja poziva sve zainteresirane tvrtke, obrte, poljoprivredna gospodarstva, zadruge, javne ustanove, institucije, organizacije civilnog dru\u0161tva te gra\u0111ane da prijave svoje projektne ideje koje mogu pridonijeti pobolj\u0161anju kvalitete \u017eivota stanovnika na podru\u010dju Op\u0107ine Kijevo. Upitnik &hellip;<\/p>\n","protected":false},"author":1,"featured_media":0,"parent":0,"menu_order":0,"comment_status":"closed","ping_status":"closed","template":"","meta":{"pgc_sgb_lightbox_settings":"","footnotes":""},"class_list":["post-7721","page","type-page","status-publish","hentry"],"aioseo_notices":[],"_links":{"self":[{"href":"https:\/\/kijevo.hr\/index.php?rest_route=\/wp\/v2\/pages\/7721","targetHints":{"allow":["GET"]}}],"collection":[{"href":"https:\/\/kijevo.hr\/index.php?rest_route=\/wp\/v2\/pages"}],"about":[{"href":"https:\/\/kijevo.hr\/index.php?rest_route=\/wp\/v2\/types\/page"}],"author":[{"embeddable":true,"href":"https:\/\/kijevo.hr\/index.php?rest_route=\/wp\/v2\/users\/1"}],"replies":[{"embeddable":true,"href":"https:\/\/kijevo.hr\/index.php?rest_route=%2Fwp%2Fv2%2Fcomments&post=7721"}],"version-history":[{"count":3,"href":"https:\/\/kijevo.hr\/index.php?rest_route=\/wp\/v2\/pages\/7721\/revisions"}],"predecessor-version":[{"id":8079,"href":"https:\/\/kijevo.hr\/index.php?rest_route=\/wp\/v2\/pages\/7721\/revisions\/8079"}],"wp:attachment":[{"href":"https:\/\/kijevo.hr\/index.php?rest_route=%2Fwp%2Fv2%2Fmedia&parent=7721"}],"curies":[{"name":"wp","href":"https:\/\/api.w.org\/{rel}","templated":true}]}}