{"id":7727,"date":"2021-09-22T10:08:09","date_gmt":"2021-09-22T10:08:09","guid":{"rendered":"https:\/\/kijevo.hr\/?page_id=7727"},"modified":"2025-11-13T12:41:54","modified_gmt":"2025-11-13T12:41:54","slug":"civilna-zastita","status":"publish","type":"page","link":"https:\/\/kijevo.hr\/?page_id=7727","title":{"rendered":"Za\u0161tita od po\u017eara"},"content":{"rendered":"\n<div class=\"wp-block-file\"><a id=\"wp-block-file--media-2b595253-4d60-4e39-9538-f16bb4bc56cd\" href=\"https:\/\/kijevo.hr\/wp-content\/uploads\/2025\/04\/PU-ZOP-KIJEVO-CIVLJANE.pdf\">PROCJENA UGRO\u017dENOSTI OD PO\u017dARA I TEHNOL\u0160KE EKSPLOZIJE OP\u0106INE KIJEVO<\/a><\/div>\n\n\n\n<div class=\"wp-block-file\"><a id=\"wp-block-file--media-fc1e63d5-3da0-49f8-a334-a164b60f225d\" href=\"https:\/\/kijevo.hr\/wp-content\/uploads\/2025\/04\/PLAN-KIJEVO-CIVLJANE-.pdf\">PLAN ZA\u0160TITE OD PO\u017dARA KIJEVO<\/a><\/div>\n\n\n\n<p><\/p>\n\n\n\n<p><\/p>\n\n\n\n<h2 class=\"wp-block-heading\">Civilna za\u0161tita<\/h2>\n\n\n\n<div class=\"wp-block-file\"><a id=\"wp-block-file--media-9c1fbc5d-f86a-4352-9182-927b0b060cd1\" href=\"https:\/\/kijevo.hr\/wp-content\/uploads\/2025\/11\/Procjena-rizika-od-velikih-nesreca-za-Opcinu-Kijevo-2025.pdf\">Procjena rizika od velikih nesre\u0107a za Op\u0107inu Kijevo 2025<\/a><\/div>\n\n\n\n<div class=\"wp-block-file\"><a id=\"wp-block-file--media-298d97d8-13a3-4d88-b029-4bafa2c160f1\" href=\"https:\/\/kijevo.hr\/wp-content\/uploads\/2025\/04\/Procjena-rizika-od-velikih-nesreca-za-podrucje-Opcine-Kijevo.pdf\">Procjena rizika od velikih nesre\u0107a za podru\u010dje  Op\u0107ine Kijevo<\/a><\/div>\n\n\n\n<div class=\"wp-block-file\"><a id=\"wp-block-file--media-75c0304d-e0f3-4495-8660-2362a9df5519\" href=\"https:\/\/kijevo.hr\/wp-content\/uploads\/2025\/04\/Plan-djelovanja.pdf\">PLAN DJELOVANJA CIVILNE ZA\u0160TITE<\/a><\/div>\n\n\n\n<div class=\"wp-block-file\"><a id=\"wp-block-file--media-76c3aa6a-69ee-4504-8931-ef8a65cadae3\" href=\"https:\/\/kijevo.hr\/wp-content\/uploads\/2023\/08\/ODLUKA-O-OSNIVANJU-STOZERA-CIVILNE-ZASTITE-opcine-Kijevo-2023.-godine.rtf\">ODLUKA-O-OSNIVANJU-STOZERA-CIVILNE-ZASTITE-Opcine-Kijevo-2023.-godine<\/a><\/div>\n\n\n\n<div class=\"wp-block-file\"><a id=\"wp-block-file--media-a0d2fc47-4ff8-42e3-9268-0a04df29459f\" href=\"https:\/\/kijevo.hr\/wp-content\/uploads\/2021\/10\/ODLUKA-O-OSNIVANJU-STOZERA-CIVILNE-ZASTITE-opcine-Kijevo-2021.-godine.rtf\">ODLUKA O OSNIVANJU STOZERA CIVILNE ZASTITE Opcine Kijevo 2021.-godine<\/a><\/div>\n\n\n\n<div class=\"wp-block-file\"><a id=\"wp-block-file--media-c76b072f-aa57-4bc2-8c66-ab0dc98ca159\" href=\"https:\/\/kijevo.hr\/wp-content\/uploads\/2021\/10\/ODLUKA-O-OSNIVANJU-STOZERA-CIVILNE-ZASTITE-opcine-Kijevo-2017.-godine.rtf\">ODLUKA O OSNIVANJU STOZERA CIVILNE ZASTITE Opcine Kijevo 2017.-godine<\/a><\/div>\n\n\n\n<div class=\"wp-block-file\"><a id=\"wp-block-file--media-5daa8420-67ed-45f8-ae5e-161b05db6975\" href=\"https:\/\/kijevo.hr\/wp-content\/uploads\/2021\/10\/POSLOVNIK-O-RADU-STOZERA-CIVILNE-ZASTITE-opcine-Kijevo-2017.-godine.rtf\">POSLOVNIK O RADU STOZERA CIVILNE ZASTITE Opcine Kijevo 2017.-godine<\/a><\/div>\n\n\n\n<p><\/p>\n","protected":false},"excerpt":{"rendered":"<p>Civilna za\u0161tita<\/p>\n","protected":false},"author":1,"featured_media":0,"parent":0,"menu_order":1,"comment_status":"closed","ping_status":"closed","template":"","meta":{"pgc_sgb_lightbox_settings":"","footnotes":""},"class_list":["post-7727","page","type-page","status-publish","hentry"],"aioseo_notices":[],"_links":{"self":[{"href":"https:\/\/kijevo.hr\/index.php?rest_route=\/wp\/v2\/pages\/7727","targetHints":{"allow":["GET"]}}],"collection":[{"href":"https:\/\/kijevo.hr\/index.php?rest_route=\/wp\/v2\/pages"}],"about":[{"href":"https:\/\/kijevo.hr\/index.php?rest_route=\/wp\/v2\/types\/page"}],"author":[{"embeddable":true,"href":"https:\/\/kijevo.hr\/index.php?rest_route=\/wp\/v2\/users\/1"}],"replies":[{"embeddable":true,"href":"https:\/\/kijevo.hr\/index.php?rest_route=%2Fwp%2Fv2%2Fcomments&post=7727"}],"version-history":[{"count":8,"href":"https:\/\/kijevo.hr\/index.php?rest_route=\/wp\/v2\/pages\/7727\/revisions"}],"predecessor-version":[{"id":10228,"href":"https:\/\/kijevo.hr\/index.php?rest_route=\/wp\/v2\/pages\/7727\/revisions\/10228"}],"wp:attachment":[{"href":"https:\/\/kijevo.hr\/index.php?rest_route=%2Fwp%2Fv2%2Fmedia&parent=7727"}],"curies":[{"name":"wp","href":"https:\/\/api.w.org\/{rel}","templated":true}]}}