{"id":7735,"date":"2021-09-22T10:09:45","date_gmt":"2021-09-22T10:09:45","guid":{"rendered":"https:\/\/kijevo.hr\/?page_id=7735"},"modified":"2025-10-16T10:24:55","modified_gmt":"2025-10-16T10:24:55","slug":"savjetovanje-s-javnoscu","status":"publish","type":"page","link":"https:\/\/kijevo.hr\/?page_id=7735","title":{"rendered":"Savjetovanje s javno\u0161\u0107u"},"content":{"rendered":"\n<p>Savjetovanje s javno\u0161\u0107u provodi se o nacrtima onih op\u0107ih akata kojima Op\u0107ina Kijevo ure\u0111uje pitanja iz svog djelokruga, a \u010dijim se dono\u0161enjem ili izmjenama neposredno ostvaruju potrebe gra\u0111ana ili ure\u0111uju druga pitanja od interesa za op\u0107u dobrobit gra\u0111ana i pravnih osoba na podru\u010dju Op\u0107ine Kijevo.<br><br>Savjetovanje i uklju\u010divanje javnosti u postupak dono\u0161enja propisa provodi se u svrhu prikupljanja informacija o interesima, stavovima i prijedlozima javnosti, vezanim uz odre\u0111enu javnu politiku s ciljem podizanja razine razumijevanja i prihva\u0107anja ciljeva politike ali i uo\u010davanja slabosti i negativnih u\u010dinaka javne politike koje treba na vrijeme otkloniti.<br><br>Krajnji je cilj olak\u0161ati interakciju s gra\u0111anima i predstavnicima javnosti u demokratskom procesu te potaknuti aktivnije sudjelovanje gra\u0111ana u javnom \u017eivotu.<\/p>\n\n\n\n<h2 class=\"wp-block-heading\"><em>PLANOVI SAVJETOVANJA S JAVNO\u0160\u0106U<\/em><\/h2>\n\n\n\n<div class=\"wp-block-file\"><a id=\"wp-block-file--media-fa78365d-66d5-4923-9a5f-b82aad53181f\" href=\"https:\/\/kijevo.hr\/wp-content\/uploads\/2025\/10\/I.-DOPUNA-Plana-savjetovanja.pdf\">I. DOPUNA Plana savjetovanja s javno\u0161\u0107u 2025.<\/a><\/div>\n\n\n\n<div class=\"wp-block-file\"><a id=\"wp-block-file--media-e683a29c-3442-445c-8dc9-326792581271\" href=\"https:\/\/kijevo.hr\/wp-content\/uploads\/2025\/02\/Plan-savjetovanja-s-javnoscu_2025.pdf\">Plan savjetovanja s javno\u0161\u0107u_2025.<\/a><\/div>\n\n\n\n<div class=\"wp-block-file\"><a id=\"wp-block-file--media-259c3a12-1d85-4781-8235-49652f0581f6\" href=\"https:\/\/kijevo.hr\/wp-content\/uploads\/2024\/01\/PLAN_savjetovanja_s_javnoscu_Opcine_Kijevo_2024.pdf\">PLAN_savjetovanja_s_javnoscu_Opcine_Kijevo_2024<\/a><\/div>\n","protected":false},"excerpt":{"rendered":"<p>Savjetovanje s javno\u0161\u0107u provodi se o nacrtima onih op\u0107ih akata kojima Op\u0107ina Kijevo ure\u0111uje pitanja iz svog djelokruga, a \u010dijim se dono\u0161enjem ili izmjenama neposredno ostvaruju potrebe gra\u0111ana ili ure\u0111uju druga pitanja od interesa za op\u0107u dobrobit gra\u0111ana i pravnih osoba na podru\u010dju Op\u0107ine Kijevo. Savjetovanje i uklju\u010divanje javnosti u postupak dono\u0161enja propisa provodi se &hellip;<\/p>\n","protected":false},"author":1,"featured_media":0,"parent":0,"menu_order":0,"comment_status":"closed","ping_status":"closed","template":"","meta":{"pgc_sgb_lightbox_settings":"","footnotes":""},"class_list":["post-7735","page","type-page","status-publish","hentry"],"aioseo_notices":[],"_links":{"self":[{"href":"https:\/\/kijevo.hr\/index.php?rest_route=\/wp\/v2\/pages\/7735","targetHints":{"allow":["GET"]}}],"collection":[{"href":"https:\/\/kijevo.hr\/index.php?rest_route=\/wp\/v2\/pages"}],"about":[{"href":"https:\/\/kijevo.hr\/index.php?rest_route=\/wp\/v2\/types\/page"}],"author":[{"embeddable":true,"href":"https:\/\/kijevo.hr\/index.php?rest_route=\/wp\/v2\/users\/1"}],"replies":[{"embeddable":true,"href":"https:\/\/kijevo.hr\/index.php?rest_route=%2Fwp%2Fv2%2Fcomments&post=7735"}],"version-history":[{"count":5,"href":"https:\/\/kijevo.hr\/index.php?rest_route=\/wp\/v2\/pages\/7735\/revisions"}],"predecessor-version":[{"id":10196,"href":"https:\/\/kijevo.hr\/index.php?rest_route=\/wp\/v2\/pages\/7735\/revisions\/10196"}],"wp:attachment":[{"href":"https:\/\/kijevo.hr\/index.php?rest_route=%2Fwp%2Fv2%2Fmedia&parent=7735"}],"curies":[{"name":"wp","href":"https:\/\/api.w.org\/{rel}","templated":true}]}}