{"id":7743,"date":"2021-09-22T10:11:23","date_gmt":"2021-09-22T10:11:23","guid":{"rendered":"https:\/\/kijevo.hr\/?page_id=7743"},"modified":"2026-01-15T09:04:40","modified_gmt":"2026-01-15T09:04:40","slug":"financije","status":"publish","type":"page","link":"https:\/\/kijevo.hr\/?page_id=7743","title":{"rendered":"Financije KD"},"content":{"rendered":"\n<h2 class=\"wp-block-heading\" id=\"financijski-planovi\">Financijski planovi<\/h2>\n\n\n\n<div class=\"wp-block-file\"><a id=\"wp-block-file--media-ff227e76-4a9e-4ac0-b649-9c919b417307\" href=\"https:\/\/kijevo.hr\/wp-content\/uploads\/2026\/01\/financijski-plan-2026.xls\">financijski plan 2026<\/a><\/div>\n\n\n\n<div class=\"wp-block-file\"><a id=\"wp-block-file--media-8998cf60-d1cf-4e65-88c5-17bcf4b7d6c5\" href=\"https:\/\/kijevo.hr\/wp-content\/uploads\/2025\/07\/financijski-plan-2025.xls\">financijski plan 2025<\/a><\/div>\n\n\n\n<div class=\"wp-block-file\"><a id=\"wp-block-file--media-a5e0d45e-ef21-4f55-ae65-ea0a19bf01d4\" href=\"https:\/\/kijevo.hr\/wp-content\/uploads\/2024\/01\/Financijski-plan-za-2024.pdf\">Financijski-plan-za-2024<\/a><\/div>\n\n\n\n<div class=\"wp-block-file\"><a id=\"wp-block-file--media-1b91a6da-aa19-4552-a632-7ba178f31684\" href=\"https:\/\/kijevo.hr\/wp-content\/uploads\/2023\/02\/financijski-plan-2023-1.xls\">financijski-plan-2023-<\/a><\/div>\n\n\n\n<div class=\"wp-block-file\"><a id=\"wp-block-file--media-85cfbee3-bc64-478a-8ab5-773904dffa55\" href=\"https:\/\/kijevo.hr\/wp-content\/uploads\/2022\/01\/financijski-plan-2022.xls\">financijski-plan-2022<\/a><\/div>\n\n\n\n<div class=\"wp-block-file\"><a id=\"wp-block-file--media-8eb5c82e-2b06-4165-afc2-d3cc2d1f56ed\" href=\"https:\/\/kijevo.hr\/wp-content\/uploads\/2021\/10\/Financijski-plan-2021.xls\">Financijski plan 2021<\/a><\/div>\n\n\n\n<div class=\"wp-block-file\"><a id=\"wp-block-file--media-93db3dd1-4de5-47e7-a50b-3097c32a2b2a\" href=\"https:\/\/kijevo.hr\/wp-content\/uploads\/2021\/10\/Financijski-plan-2020.xls\">Financijski plan 2020<\/a><\/div>\n\n\n\n<div class=\"wp-block-file\"><a id=\"wp-block-file--media-4f1e544c-cc46-438f-9db6-03eb71cd9f42\" href=\"https:\/\/kijevo.hr\/wp-content\/uploads\/2021\/10\/Financijski-plan-za-2019-1.xls\">Financijski plan za 2019<\/a><\/div>\n\n\n\n<h2 class=\"wp-block-heading\" id=\"financijska-izvjesca\">Financijska izvje\u0161\u0107a<\/h2>\n\n\n\n<div class=\"wp-block-file\"><a id=\"wp-block-file--media-99be0a23-9b0d-44b0-88d4-506f8a46d5da\" href=\"https:\/\/kijevo.hr\/wp-content\/uploads\/2025\/07\/Zakljucak-o-prihvacanjuizvjesca-o-radu-2024.doc\">Zaklju\u010dak o prihva\u0107anjuizvje\u0161\u0107a o radu 2024<\/a><\/div>\n\n\n\n<div class=\"wp-block-file\"><a id=\"wp-block-file--media-3accb82b-5908-4220-9658-32262e4a9647\" href=\"https:\/\/kijevo.hr\/wp-content\/uploads\/2025\/07\/IZVJESTAJ-O-RADU-2024.doc\">IZVJE\u0160TAJ O RADU 2024<\/a><\/div>\n\n\n\n<div class=\"wp-block-file\"><a id=\"wp-block-file--media-5af399d5-8a76-4dc3-8ceb-0e2e4d89ac11\" href=\"https:\/\/kijevo.hr\/wp-content\/uploads\/2025\/07\/FINANCIJSKI-IZV.-I-XII-2024-javna-objava.xls\">FINANCIJSKI IZV.  I-XII 2024<\/a><\/div>\n\n\n\n<div class=\"wp-block-file\"><a id=\"wp-block-file--media-d37e3865-ba81-43e8-a2a4-431775f8edad\" href=\"https:\/\/kijevo.hr\/wp-content\/uploads\/2024\/07\/Zakljucak-o-prihvacanjuizvjesca-o-radu-2023.doc\">Zakljucak-o-prihvacanjuizvjesca-o-radu-2023<\/a><\/div>\n\n\n\n<div class=\"wp-block-file\"><a id=\"wp-block-file--media-3fafd6b5-6d1f-4d28-8197-8bf902e1037d\" href=\"https:\/\/kijevo.hr\/wp-content\/uploads\/2024\/07\/IZVJESTAJ-O-RADU-2023.doc\">IZVJESTAJ-O-RADU-2023<\/a><\/div>\n\n\n\n<div class=\"wp-block-file\"><a id=\"wp-block-file--media-29b06ad9-da9f-4546-84e2-cad59c99b693\" href=\"https:\/\/kijevo.hr\/wp-content\/uploads\/2024\/07\/Financijski-izvjestaj-2023.-godina.xls\">Financijski-izvjestaj-2023.-godina<\/a><\/div>\n\n\n\n<div class=\"wp-block-file\"><a id=\"wp-block-file--media-ad005993-bf39-4b9d-ac1c-25fce0043f5b\" href=\"https:\/\/kijevo.hr\/wp-content\/uploads\/2023\/08\/IZVJESTAJ-O-RADU-2022.doc\">IZVJESTAJ-O-RADU-2022<\/a><\/div>\n\n\n\n<div class=\"wp-block-file\"><a id=\"wp-block-file--media-456ad6ad-8383-4025-9c35-a6c071d939b8\" href=\"https:\/\/kijevo.hr\/wp-content\/uploads\/2023\/08\/GFI-POD-Komualno-Kijevo-2022-javna-objava.xls\">GFI-POD-Komualno-Kijevo-2022<\/a><\/div>\n\n\n\n<div class=\"wp-block-file\"><a id=\"wp-block-file--media-8b8748cf-d5a8-4027-aef3-1284fbec9fb7\" href=\"https:\/\/kijevo.hr\/wp-content\/uploads\/2022\/11\/IZVJESTAJ-O-RADU-2021.doc\">IZVJESTAJ-O-RADU-2021<\/a><\/div>\n\n\n\n<div class=\"wp-block-file\"><a id=\"wp-block-file--media-d5b2f0a9-c649-4884-9ac3-d990315d0bd3\" href=\"https:\/\/kijevo.hr\/wp-content\/uploads\/2022\/11\/GFI-POD-2021.-javna-objava.xls\">GFI-POD-2021.<\/a><\/div>\n\n\n\n<div class=\"wp-block-file\"><a id=\"wp-block-file--media-1484cc85-e30d-4394-a738-71b7591ea83f\" href=\"https:\/\/kijevo.hr\/wp-content\/uploads\/2022\/01\/GFI-POD-2020.xls\">GFI-POD-2020<\/a><\/div>\n\n\n\n<div class=\"wp-block-file\"><a id=\"wp-block-file--media-93f833ca-4fb0-46c1-add1-f8a37b47fbf0\" href=\"https:\/\/kijevo.hr\/wp-content\/uploads\/2022\/01\/IZVJESTAJ-O-RADU-2020.doc\">IZVJESTAJ-O-RADU-2020<\/a><\/div>\n\n\n\n<div class=\"wp-block-file\"><a id=\"wp-block-file--media-dfd45731-c70c-4395-8041-2f0f94d5c1c4\" href=\"https:\/\/kijevo.hr\/wp-content\/uploads\/2021\/10\/10Zakljucak-o-prihvacanjuizvjesca-o-radu-2019.doc\">Zaklju\u010dak o prihva\u0107anju izvje\u0161\u0107a o radu 2019<\/a><\/div>\n\n\n\n<div class=\"wp-block-file\"><a id=\"wp-block-file--media-43b80149-b268-4cf9-8158-8ffae630549f\" href=\"https:\/\/kijevo.hr\/wp-content\/uploads\/2021\/10\/Fin.Izvjesce-za-2019.doc\">Fin.Izvje\u0161\u0107e za 2019<\/a><\/div>\n\n\n\n<div class=\"wp-block-file\"><a id=\"wp-block-file--media-0c268c64-3d75-444b-a922-783ef92f07c7\" href=\"https:\/\/kijevo.hr\/wp-content\/uploads\/2021\/10\/9-IZVJESTAJ-O-RADU-2019.doc\">IZVJE\u0160TAJ O RADU 2019<\/a><\/div>\n\n\n\n<div class=\"wp-block-file\"><a id=\"wp-block-file--media-5702fe97-ab2c-4bfb-a70d-24d611907993\" href=\"https:\/\/kijevo.hr\/wp-content\/uploads\/2021\/10\/GFI-POD-2019.xls\">GFI-POD 2019<\/a><\/div>\n\n\n\n<div class=\"wp-block-file\"><a id=\"wp-block-file--media-0bf20861-2b8a-4523-9dc7-ad448baf088c\" href=\"https:\/\/kijevo.hr\/wp-content\/uploads\/2021\/10\/Godisnje_izvjesce-1.pdf\">Godi\u0161nje_izvje\u0161\u0107e<\/a><\/div>\n\n\n\n<h2 class=\"wp-block-heading\" id=\"zakljucci\">Zaklju\u010dci<\/h2>\n\n\n\n<div class=\"wp-block-file\"><a id=\"wp-block-file--media-308fd9a7-f6d4-4a97-b74a-a3182b72e82e\" href=\"https:\/\/kijevo.hr\/wp-content\/uploads\/2025\/07\/Zakljucak-o-prihvacanju-fin.-izvjesca-za-2024.doc\">Zaklju\u010dak o prihva\u0107anju fin. izvje\u0161\u0107a za 2024<\/a><\/div>\n\n\n\n<div class=\"wp-block-file\"><a id=\"wp-block-file--media-e0c289ef-d4bf-4b38-a100-59b370aa6429\" href=\"https:\/\/kijevo.hr\/wp-content\/uploads\/2024\/07\/Zakljucak-o-prihvacanju-fin.-izvjesca-za-2023.doc\">Zakljucak-o-prihvacanju-fin.-izvjesca-za-2023<\/a><\/div>\n\n\n\n<div class=\"wp-block-file\"><a id=\"wp-block-file--media-41f0d7e9-2e02-46cb-8da5-1210a2ef117f\" href=\"https:\/\/kijevo.hr\/wp-content\/uploads\/2023\/08\/Zakljucak-o-prihvacanju-fin.-izvjesca-za-2022.doc\">Zakljucak-o-prihvacanju-fin.-izvjesca-za-2022<\/a><\/div>\n\n\n\n<div class=\"wp-block-file\"><a id=\"wp-block-file--media-a39891ed-5449-47cd-bb72-0e89fb5ba60b\" href=\"https:\/\/kijevo.hr\/wp-content\/uploads\/2022\/11\/Zakljucak-o-prihvacanju-fin.-izvjesca-za-2021-1.doc\">Zakljucak-o-prihvacanju-fin.-izvjesca-za-2021<\/a><\/div>\n\n\n\n<div class=\"wp-block-file\"><a id=\"wp-block-file--media-ab0b43d6-7b89-40a9-888a-be1ba70c30df\" href=\"https:\/\/kijevo.hr\/wp-content\/uploads\/2022\/01\/Zakljucak-o-prihvacanju-fin.-izvjesca-za-2020.doc\">Zakljucak-o-prihvacanju-fin.-izvjesca-za-2020<\/a><\/div>\n\n\n\n<div class=\"wp-block-file\"><a id=\"wp-block-file--media-7bbdd589-71ca-4c8f-8474-af3d2ca11bb9\" href=\"https:\/\/kijevo.hr\/wp-content\/uploads\/2021\/10\/8-Zakljucak-o-prihvacanju-fin.-izvjesca-za-2019.doc\">Zaklju\u010dak o prihva\u0107anju fin. izvje\u0161\u0107a za 2019<\/a><\/div>\n\n\n\n<div class=\"wp-block-file\"><a id=\"wp-block-file--media-b2c68189-2b15-4325-b986-4816249c07a1\" href=\"https:\/\/kijevo.hr\/wp-content\/uploads\/2021\/10\/Zakljucak-o-prihvacanju-financijskog-izvjesca-za-2017.godinu.pdf\">Zaklju\u010dak o prihva\u0107anju financijskog izvje\u0161\u0107a za 2017.godinu<\/a><\/div>\n\n\n\n<div class=\"wp-block-file\"><a id=\"wp-block-file--media-506a4adf-922c-4fc7-aac4-5e7b2198edf1\" href=\"https:\/\/kijevo.hr\/wp-content\/uploads\/2021\/10\/Zakljucak-o-prihvacanju-financijskog-izvjesca-za-2016.-godinu.doc\">Zaklju\u010dak o prihva\u0107anju financijskog izvje\u0161\u0107a za 2016. godinu<\/a><\/div>\n\n\n\n<div class=\"wp-block-file\"><a id=\"wp-block-file--media-a7f64d0d-dbd7-496c-b41b-5c3bc71a9a7d\" href=\"https:\/\/kijevo.hr\/wp-content\/uploads\/2021\/10\/Zakljucak-o-prihvacanju-financijskog-izvjesca-za-2015.-godinu.doc\">Zaklju\u010dak o prihva\u0107anju financijskog izvje\u0161\u0107a za 2015. godinu<\/a><\/div>\n\n\n\n<div class=\"wp-block-file\"><a id=\"wp-block-file--media-30765a3d-31c4-4c72-958e-75750b55e5af\" href=\"https:\/\/kijevo.hr\/wp-content\/uploads\/2021\/10\/Zakljucak-o-prihvacanju-financijskog-izvjesca-za-2014.doc\">Zaklju\u010dak o prihva\u0107anju financijskog izvje\u0161\u010da za 2014<\/a><\/div>\n\n\n\n<h2 class=\"wp-block-heading\" id=\"odluke\">Odluke<\/h2>\n\n\n\n<div class=\"wp-block-file\"><a id=\"wp-block-file--media-e889dad6-b240-4fcf-97c2-a4c530c792e6\" href=\"https:\/\/kijevo.hr\/wp-content\/uploads\/2025\/07\/Odluka-o-raspodjeli-dobiti-pokricu-gubitka-za-2024.doc\">Odluka o raspodjeli dobiti- pokri\u0107u gubitka za 2024<\/a><\/div>\n\n\n\n<div class=\"wp-block-file\"><a id=\"wp-block-file--media-0ed9316f-a2af-4e64-9a61-0f1c6e1fcbf8\" href=\"https:\/\/kijevo.hr\/wp-content\/uploads\/2025\/07\/odluka_o_utvrdivanju_godisnjih_financijskih_izvjestaja_-2024.doc\">odluka_o_utvrdivanju_godisnjih_financijskih_izvjestaja_ 2024<\/a><\/div>\n\n\n\n<div class=\"wp-block-file\"><a id=\"wp-block-file--media-9341759e-2b5e-4386-898f-440d629b0386\" href=\"https:\/\/kijevo.hr\/wp-content\/uploads\/2024\/07\/Odluka-o-raspodjeli-dobiti-POKRICU-GUBITKA-za-2023.doc\">Odluka-o-raspodjeli-dobiti-POKRICU-GUBITKA-za-2023<\/a><\/div>\n\n\n\n<div class=\"wp-block-file\"><a id=\"wp-block-file--media-51fc9c2f-e8f1-4b78-b546-ded3e40fb61a\" href=\"https:\/\/kijevo.hr\/wp-content\/uploads\/2024\/07\/odluka_o_utvrdivanju_godisnjih_financijskih_izvjestaja_-2023.doc\">odluka_o_utvrdivanju_godisnjih_financijskih_izvjestaja_-2023<\/a><\/div>\n\n\n\n<div class=\"wp-block-file\"><a id=\"wp-block-file--media-fe889184-f85f-42d4-b8e7-20d8fadb7715\" href=\"https:\/\/kijevo.hr\/wp-content\/uploads\/2023\/08\/Odluka-o-raspodjeli-dobiti-POKRICU-GUBITKA-za-2021.doc\">Odluka-o-raspodjeli-dobiti-POKRICU-GUBITKA-za-2022<\/a><\/div>\n\n\n\n<div class=\"wp-block-file\"><a id=\"wp-block-file--media-c4fcb944-57a0-4361-a8c8-573c9a6c79b0\" href=\"https:\/\/kijevo.hr\/wp-content\/uploads\/2023\/08\/odluka_o_utvrdivanju_godisnjih_financijskih_izvjestaja_-2021.doc\">odluka_o_utvrdivanju_godisnjih_financijskih_izvjestaja_-2022<\/a><\/div>\n\n\n\n<div class=\"wp-block-file\"><a id=\"wp-block-file--media-20177935-24c1-4c4c-831f-f18a3b8b4507\" href=\"https:\/\/kijevo.hr\/wp-content\/uploads\/2022\/11\/Odluka-o-raspodjeli-dobiti-POKRICU-GUBITKA-za-2021.doc\">Odluka-o-raspodjeli-dobiti-POKRICU-GUBITKA-za-2021<\/a><\/div>\n\n\n\n<div class=\"wp-block-file\"><a id=\"wp-block-file--media-14f5795f-28ab-478b-8ee5-86461a5f00ff\" href=\"https:\/\/kijevo.hr\/wp-content\/uploads\/2022\/11\/odluka_o_utvrdivanju_godisnjih_financijskih_izvjestaja_-2021.doc\">odluka_o_utvrdivanju_godisnjih_financijskih_izvjestaja_-2021<\/a><\/div>\n\n\n\n<div class=\"wp-block-file\"><a id=\"wp-block-file--media-80faef98-477c-48d7-b58a-63b7a27bc608\" href=\"https:\/\/kijevo.hr\/wp-content\/uploads\/2022\/01\/odluka_o_utvrdivanju_godisnjih_financijskih_izvjestaja_-2020.doc\">odluka_o_utvrdivanju_godisnjih_financijskih_izvjestaja_-2020<\/a><\/div>\n\n\n\n<div class=\"wp-block-file\"><a id=\"wp-block-file--media-c67f9db0-2ea7-40ea-8281-97052f481d80\" href=\"https:\/\/kijevo.hr\/wp-content\/uploads\/2022\/01\/Odluka-o-raspodjeli-dobiti-za-2020.doc\">Odluka-o-raspodjeli-dobiti-za-2020<\/a><\/div>\n\n\n\n<div class=\"wp-block-file\"><a id=\"wp-block-file--media-5922a5dd-cef7-411c-ae4d-f0ef62c101d6\" href=\"https:\/\/kijevo.hr\/wp-content\/uploads\/2021\/10\/6-Odluka-o-raspodjeli-dobiti-POKRICU-GUBITKA-za-2019.doc\">Odluka o raspodjeli dobiti- POKRI\u0106U GUBITKA za 2019<\/a><\/div>\n\n\n\n<div class=\"wp-block-file\"><a id=\"wp-block-file--media-1b8b0a70-8946-4916-9409-8cd8c5b1cdd8\" href=\"https:\/\/kijevo.hr\/wp-content\/uploads\/2021\/10\/7-odluka_o_utvrdivanju_godisnjih_financijskih_izvjestaja_-2019.doc\">Odluka_o_utvrdivanju_godisnjih_financijskih_izvjestaja_ 2019<\/a><\/div>\n\n\n\n<div class=\"wp-block-file\"><a id=\"wp-block-file--media-400409e3-8062-4ddf-b551-11be690d5ed6\" href=\"https:\/\/kijevo.hr\/wp-content\/uploads\/2021\/10\/Racunovodstvena-politika-2011.doc\">Ra\u010dunovodstvena politika 2011<\/a><\/div>\n\n\n\n<h2 class=\"wp-block-heading\" id=\"operativni-planovi\">Operativni planovi<\/h2>\n\n\n\n<div class=\"wp-block-file\"><a id=\"wp-block-file--media-521d104d-dd28-43ec-8228-68fafcae51bd\" href=\"https:\/\/kijevo.hr\/wp-content\/uploads\/2026\/01\/OPERATIVNI-PLANOVI-ZA-2026.doc\">OPERATIVNI PLANOVI ZA 2026<\/a><\/div>\n\n\n\n<div class=\"wp-block-file\"><a id=\"wp-block-file--media-85bcf5a9-dac0-402c-a462-0c5b9117e67c\" href=\"https:\/\/kijevo.hr\/wp-content\/uploads\/2025\/07\/OPERATIVNI-PLANOVI-ZA-2025.doc\">OPERATIVNI PLANOVI ZA 2025<\/a><\/div>\n\n\n\n<div class=\"wp-block-file\"><a id=\"wp-block-file--media-afda053b-153b-4e5e-ba0a-050c2891133c\" href=\"https:\/\/kijevo.hr\/wp-content\/uploads\/2024\/01\/Operativni-i-financijski-plan-za-2024.pdf\">Operativni-i-financijski-plan-za-2024<\/a><\/div>\n\n\n\n<div class=\"wp-block-file\"><a id=\"wp-block-file--media-77e3ef9d-b759-403b-b926-4eb54179487d\" href=\"https:\/\/kijevo.hr\/wp-content\/uploads\/2023\/08\/OPERATIVNI-PLANOVI-ZA-2023.doc\">OPERATIVNI-PLANOVI-ZA-2023<\/a><\/div>\n\n\n\n<div class=\"wp-block-file\"><a id=\"wp-block-file--media-357a843e-1b52-4be9-9195-d5e60c1dca47\" href=\"https:\/\/kijevo.hr\/wp-content\/uploads\/2022\/01\/OPERATIVNI-PLANOVI-ZA-2022.doc\">OPERATIVNI-PLANOVI-ZA-2022<\/a><\/div>\n\n\n\n<div class=\"wp-block-file\"><a id=\"wp-block-file--media-703e244d-c2bc-4d95-9a4b-1d324bfb8827\" href=\"https:\/\/kijevo.hr\/wp-content\/uploads\/2021\/10\/OPERATIVNI-PLANOVI-ZA-2021.doc\">OPERATIVNI PLANOVI ZA 2021<\/a><\/div>\n\n\n\n<div class=\"wp-block-file\"><a id=\"wp-block-file--media-c4952509-a00d-48b1-9853-39f8ef02c596\" href=\"https:\/\/kijevo.hr\/wp-content\/uploads\/2021\/10\/OPERATIVNI-PLANOVI-ZA-2020.doc\">OPERATIVNI PLANOVI ZA 2020<\/a><\/div>\n\n\n\n<div class=\"wp-block-file\"><a id=\"wp-block-file--media-a9faa628-43c8-4536-b064-4bb651a39baa\" href=\"https:\/\/kijevo.hr\/wp-content\/uploads\/2021\/10\/Operativni-planovi-za-2019.doc\">Operativni planovi za 2019<\/a><\/div>\n\n\n\n<div class=\"wp-block-file\"><a id=\"wp-block-file--media-e033cc19-21b8-4447-a6b5-babc9dea6801\" href=\"https:\/\/kijevo.hr\/wp-content\/uploads\/2021\/10\/Operativni-i-financijski-plan-za-2017.-godinu.doc\">Operativni i financijski plan za 2017. godinu<\/a><\/div>\n\n\n\n<div class=\"wp-block-file\"><a id=\"wp-block-file--media-9146e1ec-badc-4d34-a483-e279781269d0\" href=\"https:\/\/kijevo.hr\/wp-content\/uploads\/2021\/10\/Operativni-i-financijski-plan-za-2016.-godinu.doc\">Operativni i financijski plan za 2016. godinu<\/a><\/div>\n\n\n\n<div class=\"wp-block-file\"><a id=\"wp-block-file--media-9bbbeb06-6cc1-4a00-871f-d9947d767d3f\" href=\"https:\/\/kijevo.hr\/wp-content\/uploads\/2021\/10\/Operativni-planovi-za-2015.doc\">Operativni planovi za 2015<\/a><\/div>\n","protected":false},"excerpt":{"rendered":"<p>Financijski planovi Financijska izvje\u0161\u0107a Zaklju\u010dci Odluke Operativni planovi<\/p>\n","protected":false},"author":1,"featured_media":8292,"parent":0,"menu_order":0,"comment_status":"closed","ping_status":"closed","template":"","meta":{"pgc_sgb_lightbox_settings":"","footnotes":""},"class_list":["post-7743","page","type-page","status-publish","has-post-thumbnail","hentry"],"aioseo_notices":[],"_links":{"self":[{"href":"https:\/\/kijevo.hr\/index.php?rest_route=\/wp\/v2\/pages\/7743","targetHints":{"allow":["GET"]}}],"collection":[{"href":"https:\/\/kijevo.hr\/index.php?rest_route=\/wp\/v2\/pages"}],"about":[{"href":"https:\/\/kijevo.hr\/index.php?rest_route=\/wp\/v2\/types\/page"}],"author":[{"embeddable":true,"href":"https:\/\/kijevo.hr\/index.php?rest_route=\/wp\/v2\/users\/1"}],"replies":[{"embeddable":true,"href":"https:\/\/kijevo.hr\/index.php?rest_route=%2Fwp%2Fv2%2Fcomments&post=7743"}],"version-history":[{"count":29,"href":"https:\/\/kijevo.hr\/index.php?rest_route=\/wp\/v2\/pages\/7743\/revisions"}],"predecessor-version":[{"id":10350,"href":"https:\/\/kijevo.hr\/index.php?rest_route=\/wp\/v2\/pages\/7743\/revisions\/10350"}],"wp:featuredmedia":[{"embeddable":true,"href":"https:\/\/kijevo.hr\/index.php?rest_route=\/wp\/v2\/media\/8292"}],"wp:attachment":[{"href":"https:\/\/kijevo.hr\/index.php?rest_route=%2Fwp%2Fv2%2Fmedia&parent=7743"}],"curies":[{"name":"wp","href":"https:\/\/api.w.org\/{rel}","templated":true}]}}