{"id":7745,"date":"2021-09-22T10:11:52","date_gmt":"2021-09-22T10:11:52","guid":{"rendered":"https:\/\/kijevo.hr\/?page_id=7745"},"modified":"2025-10-14T12:12:57","modified_gmt":"2025-10-14T12:12:57","slug":"odluke-pravilnici-i-cjenici","status":"publish","type":"page","link":"https:\/\/kijevo.hr\/?page_id=7745","title":{"rendered":"Zakoni, Odluke, pravilnici i cjenici"},"content":{"rendered":"\n<div class=\"wp-block-columns is-layout-flex wp-container-core-columns-is-layout-9d6595d7 wp-block-columns-is-layout-flex\">\n<div class=\"wp-block-column is-layout-flow wp-block-column-is-layout-flow\">\n<h2 class=\"wp-block-heading\">Zakoni<\/h2>\n\n\n\n<ol class=\"wp-block-list\">\n<li>Zakon o gospodarenju otpadom (&#8221;Narodne novine&#8221;, br. 84\/21, <a href=\"https:\/\/narodne-novine.nn.hr\/clanci\/sluzbeni\/2021_07_84_1554.html\" target=\"_blank\" rel=\"noopener\" title=\"\">https:\/\/narodne-novine.nn.hr\/clanci\/sluzbeni\/2021_07_84_1554.html<\/a>, 142\/23 &#8211; Odluka  USHR _<a href=\"https:\/\/narodne-novine.nn.hr\/clanci\/sluzbeni\/2023_11_142_1953.html\" target=\"_blank\" rel=\"noopener\" title=\"\">https:\/\/narodne-novine.nn.hr\/clanci\/sluzbeni\/2023_11_142_1953.html<\/a>) <\/li>\n<\/ol>\n\n\n\n<h2 class=\"wp-block-heading\">Odluke<\/h2>\n\n\n\n<div class=\"wp-block-file\"><a id=\"wp-block-file--media-73749819-289d-42ad-961d-7ad36ed186e3\" href=\"https:\/\/kijevo.hr\/wp-content\/uploads\/2025\/10\/Odluka-4.pdf\">Odluka o na\u010dinu pru\u017eanja javne usluge prikupljanja mije\u0161anog komunalnog otpada i biorazgradivog komunalnog<br>otpada na podru\u010dju op\u0107ine Kijevo (&#8221;Slu\u017ebeno glasilo Op\u0107ine Kijevo&#8221;, br. 14\/18)<br><\/a><\/div>\n\n\n\n<div class=\"wp-block-file\"><a id=\"wp-block-file--media-499c2f8c-cfbe-4a28-aa06-f0b0b365774c\" href=\"https:\/\/kijevo.hr\/wp-content\/uploads\/2025\/10\/izmjena.pdf\">Izmjena i dopunaOdluka o na\u010dinu pru\u017eanja javne usluge prikupljanja mije\u0161anog komunalnog otpada i biorazgradivog komunalnog<br>otpada na podru\u010dju op\u0107ine Kijevo (&#8221;Slu\u017ebeno glasilo Op\u0107ine Kijevo&#8221;, br. 18\/18) <\/a><\/div>\n<\/div>\n\n\n\n<div class=\"wp-block-column is-layout-flow wp-block-column-is-layout-flow\">\n<h2 class=\"wp-block-heading\">Cijene<\/h2>\n\n\n\n<div class=\"wp-block-file\"><a id=\"wp-block-file--media-17e717ec-00d4-4390-8f8c-868853da19a2\" href=\"https:\/\/kijevo.hr\/wp-content\/uploads\/2023\/02\/KOMUNALNI-OTPAD-CIJENIK-2023.doc\">KOMUNALNI-OTPAD-CIJENIK-2023<\/a><\/div>\n\n\n\n<div class=\"wp-block-file\"><a id=\"wp-block-file--media-5439b168-4545-40dc-9024-7ea999fed1f2\" href=\"https:\/\/kijevo.hr\/wp-content\/uploads\/2025\/09\/Suglasnost-na-Cjenik-javnih-usluga-skupljanja-komunalnog-otpada-na-podrucju-Opcine-Kijevo-2023.pdf\">Suglasnost na Cjenik javnih usluga skupljanja komunalnog otpada na podru\u010dju Op\u0107ine Kijevo 2023.<\/a><\/div>\n\n\n\n<div class=\"wp-block-file\"><a id=\"wp-block-file--media-f8e7a960-913f-4bc2-89cc-680e6bbaa261\" href=\"https:\/\/kijevo.hr\/wp-content\/uploads\/2023\/01\/CJENIK-KOMUNALNOG-OTAPDA-01.10.19.doc\">CJENIK-KOMUNALNOG-OTAPDA-01.10.19<\/a><\/div>\n\n\n\n<div class=\"wp-block-file\"><a id=\"wp-block-file--media-ae0c5b95-6b17-4ebd-bf3a-ae644ac136ef\" href=\"https:\/\/kijevo.hr\/wp-content\/uploads\/2023\/01\/CJENIK-ODRZAVANJA-JAVNIH-POVRSINA-OPCINE-KIJEVO.doc\">CJENIK-ODRZAVANJA-JAVNIH-POVRSINA-OPCINE-KIJEVO<\/a><\/div>\n\n\n\n\n\n<div class=\"wp-block-file\"><a id=\"wp-block-file--media-fdd54afc-ad6f-469c-b91e-aa48f25a759a\" href=\"https:\/\/kijevo.hr\/wp-content\/uploads\/2021\/10\/Cijena-grobnica.doc\">Cijena grobnica<\/a><\/div>\n\n\n\n<div class=\"wp-block-file\"><a id=\"wp-block-file--media-626fcfdf-9d76-4e29-b1bb-6dfb0bbc2c71\" href=\"https:\/\/kijevo.hr\/wp-content\/uploads\/2021\/10\/Cjenik-javnih-usluga-prikupljanja-mijesanog-komunalnog-otpada.pdf\">Cjenik javnih usluga prikupljanja mije\u0161anog komunalnog otpada<\/a><\/div>\n\n\n\n<div class=\"wp-block-file\"><a id=\"wp-block-file--media-20d8788c-b8e7-4461-8ef6-76fb3eb64112\" href=\"https:\/\/kijevo.hr\/wp-content\/uploads\/2021\/10\/CJENIK-ODRZAVANJA-JAVNIH-POVRSINA-OPCINE-KIJEVO.doc\">CJENIK ODR\u017dAVANJA JAVNIH POVR\u0160INA OP\u0106INE KIJEVO<\/a><\/div>\n<\/div>\n<\/div>\n\n\n\n<h2 class=\"wp-block-heading\">Ostalo<\/h2>\n\n\n\n<div class=\"wp-block-file\"><a id=\"wp-block-file--media-a25d92cd-2b22-4707-8bbc-5ff8c8065266\" href=\"https:\/\/kijevo.hr\/wp-content\/uploads\/2022\/11\/Izvjesce-o-provdbi-Zakona-o-pravu-na-pristup-informacijama-za-2021.-godinu.pdf\">Izvjesce-o-provdbi-Zakona-o-pravu-na-pristup-informacijama-za-2021.-godinu<\/a><\/div>\n\n\n\n<div class=\"wp-block-file\"><a id=\"wp-block-file--media-7dbad05e-8090-4e7e-aaf6-3046367d7bc8\" href=\"https:\/\/kijevo.hr\/wp-content\/uploads\/2022\/11\/Izvjesce-o-provedbi-Zakona-o-pravu-na-pristup-informacijama-za-2020.-godinu.pdf\">Izvjesce-o-provedbi-Zakona-o-pravu-na-pristup-informacijama-za-2020.-godinu<\/a><\/div>\n\n\n\n<div class=\"wp-block-file\"><a id=\"wp-block-file--media-86405b78-b2f6-48ae-b485-c2e4fb0fc892\" href=\"https:\/\/kijevo.hr\/wp-content\/uploads\/2021\/10\/AKCIJSKI-PLAN-ZA-PRVEDBU-ANTKORUPCIJSKOG-PROGRAMA-Komunalno-drustvo-Kijevo-d.o.o.-1.pdf\">AKCIJSKI PLAN ZA PROVEDBU ANTIKORUPCIJSKOG PROGRAMA<\/a><\/div>\n\n\n\n<div class=\"wp-block-file\"><a id=\"wp-block-file--media-8ea2a7aa-a589-4c8d-8514-534d34623c5b\" href=\"https:\/\/kijevo.hr\/wp-content\/uploads\/2021\/10\/Eticki-kodeks-Komunalno-drustvo-Kijevo-d.o.o..pdf\">Eti\u010dki kodeks<\/a><\/div>\n\n\n\n<h2 class=\"wp-block-heading\">Podno\u0161enje prigovora<\/h2>\n\n\n\n<p>Prigovor se podnosi pisanim putem na adresu Komunalno dru\u0161tvo Kijevo d.o.o., Bajani 12, 22310 Kijevo, putem e-maila: komunalno.drustvo.kijevo@si.t-com.hr  i osobno u prostorijama Komunalnog dru\u0161tva Kijevo d.o.o.<\/p>\n\n\n\n<h2 class=\"wp-block-heading\">ARHIVA<\/h2>\n\n\n\n<div class=\"wp-block-file\"><a id=\"wp-block-file--media-fc8b9df0-7269-40f6-81f7-86da338bdfd2\" href=\"https:\/\/kijevo.hr\/wp-content\/uploads\/2021\/10\/Monitoring.xlsx\">Monitoring<\/a><\/div>\n\n\n\n<div class=\"wp-block-file\"><a id=\"wp-block-file--media-97904d49-ba22-4c1b-b5c1-4e8057d8eef8\" href=\"https:\/\/kijevo.hr\/wp-content\/uploads\/2021\/10\/Monitoring-2.xlsx\">Monitoring 2<\/a><\/div>\n\n\n\n<div class=\"wp-block-file\"><a id=\"wp-block-file--media-f536afd3-e2c8-48a4-befa-3bd25559f321\" href=\"https:\/\/kijevo.hr\/wp-content\/uploads\/2023\/01\/CJENIK-PRIJEVOZA-VODE-CISTERNOM-KIJEVO.doc\">CJENIK-PRIJEVOZA-VODE-CISTERNOM-KIJEVO<\/a><\/div>\n\n\n\n<div class=\"wp-block-file\"><a id=\"wp-block-file--media-ad79e095-70e6-4d1f-a95a-15342664200e\" href=\"https:\/\/kijevo.hr\/wp-content\/uploads\/2023\/02\/ODLUKA-O-CIJENI-VODE-primjena-od-01.01.2023-1.doc\">ODLUKA-O-CIJENI-VODE-primjena-od-01.01.2023.<\/a><\/div>\n\n\n\n<div class=\"wp-block-file\"><a id=\"wp-block-file--media-d8d2fc43-b8bb-41cf-9d56-c57b16e6f387\" href=\"https:\/\/kijevo.hr\/wp-content\/uploads\/2023\/01\/ODLUKA-O-CIJENI-VODE.doc\">ODLUKA-O-CIJENI-VODE<\/a><\/div>\n\n\n\n<div class=\"wp-block-file\"><a id=\"wp-block-file--media-52483055-c3c2-49fd-9845-37ad0fcce6f5\" href=\"https:\/\/kijevo.hr\/wp-content\/uploads\/2021\/10\/Odluka-o-cijeni-vode-2015.doc\">Odluka o cijeni vode 2015<\/a><\/div>\n\n\n\n<div class=\"wp-block-file\"><a id=\"wp-block-file--media-58511dee-15bb-48ec-8409-2e74a0ea9f3c\" href=\"https:\/\/kijevo.hr\/wp-content\/uploads\/2021\/10\/Odluka-o-cijeni-vode-2011-izmjene-1.doc\">Odluka o cijeni vode 2011 &#8211; izmjene 1<\/a><\/div>\n\n\n\n<div class=\"wp-block-file\"><a id=\"wp-block-file--media-62adf154-3be9-475c-94cf-47dd0a6b0eca\" href=\"https:\/\/kijevo.hr\/wp-content\/uploads\/2021\/10\/Odluka-o-cijeni-vode-2011-1.doc\">Odluka o cijeni vode 2011<\/a><\/div>\n\n\n\n<div class=\"wp-block-file\"><a id=\"wp-block-file--media-9050deaf-0dcc-4d4e-8d61-ba91d1ec064c\" href=\"https:\/\/kijevo.hr\/wp-content\/uploads\/2021\/10\/Suglasnost-cijene-vode-2015.doc\">Suglasnost cijene vode 2015<\/a><\/div>\n\n\n\n<div class=\"wp-block-file\"><a id=\"wp-block-file--media-b6dab100-2ae8-469c-badc-b43cd538c9cd\" href=\"https:\/\/kijevo.hr\/wp-content\/uploads\/2021\/10\/Opci-i-tehnicki-uvjeti-isporuke-vode.doc\">Op\u0107i i tehni\u010dki uvjeti isporuke vode<\/a><\/div>\n\n\n\n<p><\/p>\n","protected":false},"excerpt":{"rendered":"<p>Zakoni Odluke Cijene Ostalo Podno\u0161enje prigovora Prigovor se podnosi pisanim putem na adresu Komunalno dru\u0161tvo Kijevo d.o.o., Bajani 12, 22310 Kijevo, putem e-maila: komunalno.drustvo.kijevo@si.t-com.hr i osobno u prostorijama Komunalnog dru\u0161tva Kijevo d.o.o. ARHIVA<\/p>\n","protected":false},"author":1,"featured_media":8292,"parent":0,"menu_order":0,"comment_status":"closed","ping_status":"closed","template":"","meta":{"pgc_sgb_lightbox_settings":"","footnotes":""},"class_list":["post-7745","page","type-page","status-publish","has-post-thumbnail","hentry"],"aioseo_notices":[],"_links":{"self":[{"href":"https:\/\/kijevo.hr\/index.php?rest_route=\/wp\/v2\/pages\/7745","targetHints":{"allow":["GET"]}}],"collection":[{"href":"https:\/\/kijevo.hr\/index.php?rest_route=\/wp\/v2\/pages"}],"about":[{"href":"https:\/\/kijevo.hr\/index.php?rest_route=\/wp\/v2\/types\/page"}],"author":[{"embeddable":true,"href":"https:\/\/kijevo.hr\/index.php?rest_route=\/wp\/v2\/users\/1"}],"replies":[{"embeddable":true,"href":"https:\/\/kijevo.hr\/index.php?rest_route=%2Fwp%2Fv2%2Fcomments&post=7745"}],"version-history":[{"count":19,"href":"https:\/\/kijevo.hr\/index.php?rest_route=\/wp\/v2\/pages\/7745\/revisions"}],"predecessor-version":[{"id":10175,"href":"https:\/\/kijevo.hr\/index.php?rest_route=\/wp\/v2\/pages\/7745\/revisions\/10175"}],"wp:featuredmedia":[{"embeddable":true,"href":"https:\/\/kijevo.hr\/index.php?rest_route=\/wp\/v2\/media\/8292"}],"wp:attachment":[{"href":"https:\/\/kijevo.hr\/index.php?rest_route=%2Fwp%2Fv2%2Fmedia&parent=7745"}],"curies":[{"name":"wp","href":"https:\/\/api.w.org\/{rel}","templated":true}]}}