{"id":8229,"date":"2021-10-13T12:15:24","date_gmt":"2021-10-13T12:15:24","guid":{"rendered":"https:\/\/kijevo.hr\/?page_id=8229"},"modified":"2021-10-18T10:57:15","modified_gmt":"2021-10-18T10:57:15","slug":"o-komunalnom-drustvu","status":"publish","type":"page","link":"https:\/\/kijevo.hr\/?page_id=8229","title":{"rendered":"O komunalnom dru\u0161tvu"},"content":{"rendered":"\n<figure class=\"wp-block-table\"><table><tbody><tr><td><strong><br>KOMUNALNO DRU\u0160TVO KIJEVO d.o.o.<\/strong><br>Bajani 12, 22310 Kijevo<br><strong>T:<\/strong>&nbsp;+385 22 681270<br><strong>F:<\/strong>&nbsp;+385 22 681610<br><br><strong>Direktorica:<\/strong>&nbsp;g\u0111a Ljiljana Ga\u0161par<br><br><strong>OIB:<\/strong>&nbsp;45756882694<br><strong>MB:<\/strong>&nbsp;01597833<br><strong>IBAN:<\/strong>&nbsp;98 2330003 1100402702<\/td><\/tr><\/tbody><\/table><\/figure>\n","protected":false},"excerpt":{"rendered":"<p>KOMUNALNO DRU\u0160TVO KIJEVO d.o.o.Bajani 12, 22310 KijevoT:&nbsp;+385 22 681270F:&nbsp;+385 22 681610 Direktorica:&nbsp;g\u0111a Ljiljana Ga\u0161par OIB:&nbsp;45756882694MB:&nbsp;01597833IBAN:&nbsp;98 2330003 1100402702<\/p>\n","protected":false},"author":1,"featured_media":8292,"parent":0,"menu_order":0,"comment_status":"closed","ping_status":"closed","template":"","meta":{"pgc_sgb_lightbox_settings":"","footnotes":""},"class_list":["post-8229","page","type-page","status-publish","has-post-thumbnail","hentry"],"aioseo_notices":[],"_links":{"self":[{"href":"https:\/\/kijevo.hr\/index.php?rest_route=\/wp\/v2\/pages\/8229","targetHints":{"allow":["GET"]}}],"collection":[{"href":"https:\/\/kijevo.hr\/index.php?rest_route=\/wp\/v2\/pages"}],"about":[{"href":"https:\/\/kijevo.hr\/index.php?rest_route=\/wp\/v2\/types\/page"}],"author":[{"embeddable":true,"href":"https:\/\/kijevo.hr\/index.php?rest_route=\/wp\/v2\/users\/1"}],"replies":[{"embeddable":true,"href":"https:\/\/kijevo.hr\/index.php?rest_route=%2Fwp%2Fv2%2Fcomments&post=8229"}],"version-history":[{"count":1,"href":"https:\/\/kijevo.hr\/index.php?rest_route=\/wp\/v2\/pages\/8229\/revisions"}],"predecessor-version":[{"id":8230,"href":"https:\/\/kijevo.hr\/index.php?rest_route=\/wp\/v2\/pages\/8229\/revisions\/8230"}],"wp:featuredmedia":[{"embeddable":true,"href":"https:\/\/kijevo.hr\/index.php?rest_route=\/wp\/v2\/media\/8292"}],"wp:attachment":[{"href":"https:\/\/kijevo.hr\/index.php?rest_route=%2Fwp%2Fv2%2Fmedia&parent=8229"}],"curies":[{"name":"wp","href":"https:\/\/api.w.org\/{rel}","templated":true}]}}