{"id":9231,"date":"2023-08-14T10:54:00","date_gmt":"2023-08-14T10:54:00","guid":{"rendered":"https:\/\/kijevo.hr\/?page_id=9231"},"modified":"2026-01-15T09:02:47","modified_gmt":"2026-01-15T09:02:47","slug":"pristup-informacijama","status":"publish","type":"page","link":"https:\/\/kijevo.hr\/?page_id=9231","title":{"rendered":"Pristup informacijama"},"content":{"rendered":"<p>\n\n\n<\/p>\n<h2 class=\"wp-block-heading\">PRAVO NA PRISTUP INFORMACIJAMA<\/h2>\n<p>\n\n\n<\/p>\n<p>\n\n\n<\/p>\n<p>Pravo na pristup informacijama i ponovnu uporabu informacija koje posjeduje, raspola\u017ee ili<br \/>nadzire Komunalno dru\u0161tvo Kijevo d.o.o. ure\u0111eno je Zakonom o pravu na pristup<br \/>informacijama (Narodne novine 25\/13, 85\/15 i 69\/22\u2013 u daljnjem tekstu: Zakon).<br \/>Zakonom se propisuju i na\u010dela prava na pristup, izuzeci od prava na pristup te postupak za<br \/>ostvarivanje i za\u0161titu prava na pristup. Zakon o pravu na pristup informacijama daje svim<br \/>doma\u0107im i stranim fizi\u010dkim i pravnim osobama, na jednak na\u010din i pod jednakim uvjetima<br \/>pravo na pristup informacijama. Pravo na pristup informaciji ostvaruje se podno\u0161enjem<br \/>zahtjeva tijelu javne vlasti. Tijelo javne vlasti \u0107e odlu\u010diti o zahtjevu za pristup informaciji<br \/>najkasnije u roku od 15 dana od dana podno\u0161enja urednog zahtjeva.<br \/>Pristup informacijama omogu\u0107uje se:<br \/><br \/>1) pravodobnim objavljivanjem informacija o svome radu na primjeren i dostupan na\u010din,<br \/>odnosno na internetskim stranicama tijela javne vlasti ili u javnom glasilu i Sredi\u0161njem<br \/>katalogu slu\u017ebenih dokumenata Republike Hrvatske, radi informiranja javnosti,<br \/><br \/>2) davanjem informacije korisniku koji je podnio zahtjev na jedan od sljede\u0107ih na\u010dina:<br \/>\u2013 neposrednim davanjem informacije,<br \/>\u2013 davanjem informacije pisanim putem,<br \/>\u2013 uvidom u dokumente i izradom preslika dokumenata koji sadr\u017ee tra\u017eenu informaciju,<br \/>\u2013 dostavljanjem preslika dokumenta koji sadr\u017ei tra\u017eenu informaciju,<br \/>\u2013 na drugi na\u010din koji je prikladan za ostvarivanje prava na pristup informaciji.<br \/><br \/>Korisnik mo\u017ee u zahtjevu za pristup informaciji nazna\u010diti prikladan na\u010din dobivanja<br \/>informacije, a ako ne nazna\u010di, informacija \u0107e se dostaviti na na\u010din na koji je podnesen zahtjev,<br \/>odnosno na najekonomi\u010dniji na\u010din.<br \/><br \/>Korisnik ostvaruje pravo na pristup informaciji podno\u0161enjem usmenog ili pisanog zahtjeva<br \/>nadle\u017enom tijelu.<br \/><br \/>Ako je zahtjev podnesen usmeno ili putem telefona, sastavit \u0107e se slu\u017ebena bilje\u0161ka, a ako je<br \/>podnesen putem elektroni\u010dke komunikacije, smatrat \u0107e se da je podnesen pisani zahtjev.<br \/><br \/>Pisani zahtjev sadr\u017ei: naziv i sjedi\u0161te tijela javne vlasti kojem se zahtjev podnosi, podatke koji<br \/>su va\u017eni za prepoznavanje tra\u017eene informacije, ime i prezime i adresu fizi\u010dke osobe<br \/>podnositelja zahtjeva, tvrtku, odnosno naziv pravne osobe i njezino sjedi\u0161te.<br \/><br \/>Podnositelj zahtjeva nije obvezan navesti razloge zbog kojih tra\u017ei pristup informaciji, niti je<br \/>obvezan pozvati se na primjenu ovog Zakona.<br \/><br \/>Ne smatra se zahtjevom za pristup informacijama tra\u017eenje uvida u cjelokupni spis predmeta,<br \/>obja\u0161njenja ili uputa vezanih uz ostvarivanje nekog prava ili izvr\u0161avanje obveze, izrade<br \/>analize ili tuma\u010denja nekog propisa, kao ni stvaranje nove informacije.<\/p>\n<p>\n\n\n<\/p>\n<p>\n\n\n<\/p>\n<p>Pisani zahtjev podnosi se na adresu: <strong>KOMUNALNO DRU\u0160TVO KIJEVO d.o.o., Bajani<br \/>12, 22310 Kijevo<\/strong>\u00a0 ili na e-mail na adresu: <strong>komunalno.drustvo.kijevo@si.t-com.hr<\/strong>.<br \/>Usmeni zahtjev za pristup informaciji podnosi se na broj telefona: 022\/681 270<br \/><br \/>Prilikom podno\u0161enja zahtjeva nije potrebno platiti upravnu niti sudsku pristojbu.<br \/><br \/>Sukladno \u010dlanku \u010dlanka 19. stavku 2. Zakona o pravu na pristup informacijama (\u201eNarodne<br \/>novine\u201c, br. 25\/13 i 85\/15) Komunalno dru\u0161tvo Kijevo d.o.o. ima pravo na naknadu stvarnih<br \/>materijalnih tro\u0161kova koji nastanu pru\u017eanjem informacije korisniku prava na pristup<br \/>informacijama i ponovnu uporabu informacija, kao i na naknadu tro\u0161kova dostave tra\u017eene<br \/>informacije, koja se napla\u0107uje sukladno Kriterijima za odre\u0111ivanje visine naknade stvarnih<br \/>materijalnih tro\u0161kova i tro\u0161kova dostave informacije (\u201eNarodne novine\u201c, br. 12\/14 i 15\/14).<\/p>\n<p>\n\n\n<\/p>\n<p>\n\n\n<\/p>\n<a id=\"wp-block-file--media-fbdb8081-c253-43d8-a5b3-9676ab403dc2\" href=\"https:\/\/kijevo.hr\/wp-content\/uploads\/2023\/08\/OBRAZAC-1.-Zahtjev-za-pristup-informacijama-1.docx\">OBRAZAC-1.-Zahtjev-za-pristup-informacijama-1<\/a>\n<p>\n\n\n<\/p>\n<p>\n\n\n<\/p>\n<a id=\"wp-block-file--media-601ca997-c188-4696-85eb-53a7ad187ac9\" href=\"https:\/\/kijevo.hr\/wp-content\/uploads\/2023\/08\/OBRAZAC-2.-Zahtjev-za-dopunu-ili-ispravak-informacije-1.docx\">OBRAZAC 2. &#8211; Zahtjev za dopunu ili ispravak informacije<\/a>\n<p>\n\n\n<\/p>\n<p>\n\n\n<\/p>\n<h2 class=\"wp-block-heading\">PONOVNA UPORABA INFORMACIJA<\/h2>\n<p>\n\n\n<\/p>\n<p>\n\n\n<\/p>\n<p>Ponovna uporaba zna\u010di uporabu informacija tijela javne vlasti od strane fizi\u010dkih ili pravnih<br \/>osoba, u komercijalnu ili nekomercijalnu svrhu razli\u010ditu od izvorne svrhe za koju su<br \/>informacije nastale, a koja se ostvaruje u okviru zakonom ili drugim propisom odre\u0111enog<br \/>djelokruga ili posla koji se uobi\u010dajeno smatra javnim poslom.<br \/><br \/>Razmjena informacija izme\u0111u tijela javne vlasti radi obavljanja poslova iz njihova djelokruga<br \/>ne predstavlja ponovnu uporabu. Svaki korisnik ima pravo na ponovnu uporabu informacija u<br \/>komercijalne ili nekomercijalne svrhe, u skladu s odredbama Zakona o pravu na pristup<br \/>informacijama.<br \/><br \/>U svrhu ponovne uporabe tijela javne vlasti nemaju obvezu informaciju izraditi, prilago\u0111avati<br \/>ili izdvajati dijelove informacija ako to zahtijeva nerazmjeran utro\u0161ak vremena ili sredstava,<br \/>niti se od tijela javne vlasti mo\u017ee zahtijevati da nastavi a\u017eurirati, nadogra\u0111ivati i pohranjivati<br \/>informacije u svrhu ponovne uporabe.<br \/><br \/>U slu\u010daju kada tijelo javne vlasti utvrdi da su ispunjeni uvjeti za omogu\u0107avanje ponovne<br \/>uporabe informacija o tome ne donosi rje\u0161enje, kao \u0161to je slu\u010daj kod ostvarivanje prava na<br \/>pristup informaciji.<br \/><br \/>Tijelo javne vlasti kada omogu\u0107ava pristup informacijama za ponovnu uporabu mo\u017ee odrediti<br \/>uvjete za ponovnu uporabu informacija.<br \/><br \/>Uvjeti ne smiju nepotrebno ograni\u010davati mogu\u0107nost ponovne uporabe i ne smiju se<br \/>upotrijebiti za ograni\u010davanje tr\u017ei\u0161nog natjecanja. Iznimno, u slu\u010daju davanja isklju\u010divog prava<br \/>na ponovnu uporabu tijelo javne vlasti sklopit \u0107e s korisnikom ugovor kojim \u0107e urediti uvjete<br \/>ponovne uporabe informacija. U slu\u010daju davanja isklju\u010divog prava na ponovnu uporabu, tijelo<br \/>javne vlasti sklopit \u0107e s korisnikom ugovor kojim \u0107e urediti uvjete ponovne uporabe<br \/>informacija .<\/p>\n<p>\n\n\n<\/p>\n<p>\n\n\n<\/p>\n<p>Tijelo javne vlasti \u0107e rje\u0161enjem odbiti zahtjev za ponovnu uporabu informacija ako se zahtjev<br \/>odnosi na informacije koje se odnose na razloge koji su navedeni za uskratu informacija u<br \/>postupku ostvarivanja prava na pristup informacijama.<br \/><br \/>Protiv rje\u0161enja o odbijanju zahtjeva za pristup informaciji i ponovnu uporabu, podnositelj<br \/>zahtjeva mo\u017ee izjaviti \u017ealbu Povjereniku za informiranje, a protiv rje\u0161enja Povjerenika za<br \/>informiranje postoji mogu\u0107nost podno\u0161enja tu\u017ebe Visokom upravnom sudu Republike<br \/>Hrvatske.<\/p>\n<p>\n\n\n<\/p>\n<p>\n\n\n<\/p>\n<a id=\"wp-block-file--media-a1fe405e-ff27-40c1-8dc8-105e9b38aebb\" href=\"https:\/\/kijevo.hr\/wp-content\/uploads\/2023\/08\/OBRAZAC-3.-Zahtjev-za-ponovnu-uporabu-informacija-1.docx\">OBRAZAC-3.-Zahtjev-za-ponovnu-uporabu-informacija-1<\/a>\n<p>\n\n\n<\/p>\n<p>\n\n\n<\/p>\n<h2 class=\"wp-block-heading\">SLU\u017dBENICA ZA INFORMIRANJE<\/h2>\n<p>\n\n\n<\/p>\n<p>\n\n\n<\/p>\n<p><strong>LJILJANA GA\u0160PAR<\/strong><br \/>tel. 022\/ 681 270<br \/>komunalno.drustvo.kijevo@si.t-com.hr<\/p>\n<p>\n\n\n<\/p>\n<p>\n\n\n<\/p>\n<p><strong><em>DOKUMENTI<\/em><\/strong><\/p>\n<p>\n\n\n\n<div class=\"wp-block-file\"><a id=\"wp-block-file--media-dfde295c-3ef6-4229-bf3d-dd41ffe03b98\" href=\"https:\/\/kijevo.hr\/wp-content\/uploads\/2026\/01\/Godisnje_izvjesce-za-2025.pdf\">Godi\u0161nje izvje\u0161\u0107e o provedbi Zakona o pravu na pristup informacijama za 2025. g.<\/a><\/div>\n\n\n\n<div class=\"wp-block-file\"><a id=\"wp-block-file--media-3a501062-b0c8-42e2-92ef-2a543e57bf76\" href=\"https:\/\/kijevo.hr\/wp-content\/uploads\/2025\/01\/Godisnje_izvjesce-o-provedbi-zakona-o-pravu-na-pristup-informacijama-za-2024.-g.pdf\">Godisnje_izvjesce o provedbi zakona o pravu na pristup informacijama za 2024. g.<\/a><\/div>\n\n\n\n<div class=\"wp-block-file\"><a id=\"wp-block-file--media-1603cd73-a60f-4327-803a-b852e157e07b\" href=\"https:\/\/kijevo.hr\/wp-content\/uploads\/2024\/01\/Izvjesce-o-provedbi.pdf\">Izvje\u0161\u0107e-o-provedbi-Zakona-o-pravu-na-pristup-informacijama za 2023.<\/a><\/div>\n\n\n\n<\/p>\n<a id=\"wp-block-file--media-c4a71f7f-118d-4f98-9bef-9368bbcbb566\" href=\"https:\/\/kijevo.hr\/wp-content\/uploads\/2023\/08\/Godisnje_izvjesce_Pristup-informacijama_2022.pdf\">Godisnje_izvjesce_Pristup-informacijama_2022<\/a>\n<p>\n\n\n<\/p>\n<p><!-- \/wp:post-content --><\/p>\n<p><!-- wp:file {\"id\":9240,\"href\":\"https:\/\/kijevo.hr\/wp-content\/uploads\/2023\/08\/Upitnik-za-samoprocjenu-Komunalno-drustvo-Kijevo-d.o.o.xls\",\"showDownloadButton\":false,\"displayPreview\":false} --><\/p>\n<p><a id=\"wp-block-file--media-c4a71f7f-118d-4f98-9bef-9368bbcbb566\" href=\"https:\/\/kijevo.hr\/wp-content\/uploads\/2023\/08\/Upitnik-za-samoprocjenu-Komunalno-drustvo-Kijevo-d.o.o.xls\">Upitnik za samoprocjenu &#8211; Komunalno dru\u0161tvo<\/a><\/p>\n<p><!-- \/wp:file --><\/p>","protected":false},"excerpt":{"rendered":"<p>PRAVO NA PRISTUP INFORMACIJAMA Pravo na pristup informacijama i ponovnu uporabu informacija koje posjeduje, raspola\u017ee ilinadzire Komunalno dru\u0161tvo Kijevo d.o.o. ure\u0111eno je Zakonom o pravu na pristupinformacijama (Narodne novine 25\/13, 85\/15 i 69\/22\u2013 u daljnjem tekstu: Zakon).Zakonom se propisuju i na\u010dela prava na pristup, izuzeci od prava na pristup te postupak zaostvarivanje i za\u0161titu prava &hellip;<\/p>\n","protected":false},"author":1,"featured_media":0,"parent":0,"menu_order":0,"comment_status":"closed","ping_status":"closed","template":"","meta":{"pgc_sgb_lightbox_settings":"","footnotes":""},"class_list":["post-9231","page","type-page","status-publish","hentry"],"aioseo_notices":[],"_links":{"self":[{"href":"https:\/\/kijevo.hr\/index.php?rest_route=\/wp\/v2\/pages\/9231","targetHints":{"allow":["GET"]}}],"collection":[{"href":"https:\/\/kijevo.hr\/index.php?rest_route=\/wp\/v2\/pages"}],"about":[{"href":"https:\/\/kijevo.hr\/index.php?rest_route=\/wp\/v2\/types\/page"}],"author":[{"embeddable":true,"href":"https:\/\/kijevo.hr\/index.php?rest_route=\/wp\/v2\/users\/1"}],"replies":[{"embeddable":true,"href":"https:\/\/kijevo.hr\/index.php?rest_route=%2Fwp%2Fv2%2Fcomments&post=9231"}],"version-history":[{"count":16,"href":"https:\/\/kijevo.hr\/index.php?rest_route=\/wp\/v2\/pages\/9231\/revisions"}],"predecessor-version":[{"id":10346,"href":"https:\/\/kijevo.hr\/index.php?rest_route=\/wp\/v2\/pages\/9231\/revisions\/10346"}],"wp:attachment":[{"href":"https:\/\/kijevo.hr\/index.php?rest_route=%2Fwp%2Fv2%2Fmedia&parent=9231"}],"curies":[{"name":"wp","href":"https:\/\/api.w.org\/{rel}","templated":true}]}}